{"id":10003,"date":"2026-02-02T09:49:44","date_gmt":"2026-02-02T08:49:44","guid":{"rendered":"https:\/\/primion.io\/?page_id=10003"},"modified":"2026-03-03T11:01:59","modified_gmt":"2026-03-03T10:01:59","slug":"asis-europe-2026","status":"publish","type":"page","link":"https:\/\/primion.io\/nl\/asis-europe-2026\/","title":{"rendered":"ASIS Europe 2026"},"content":{"rendered":"\n<section class=\"wp-block-custom-container alignwide block-content  block-content--spacing-top block-content--spacing-bottom\"><style>.block-content{position:relative;border-bottom:1px solid light-dark(#EFEFEF, #243A4D)}.block-content:only-child{border-bottom:0}.block-content--spacing-top{padding-top:4.8rem}@media (min-width: 992px){.block-content--spacing-top{padding-top:9.6rem}}.block-content--spacing-bottom{padding-bottom:2.4rem}@media (min-width: 992px){.block-content--spacing-bottom{padding-bottom:7.2rem}}.block-content--margin-top{margin-top:4.8rem}@media (min-width: 992px){.block-content--margin-top{margin-top:9.6rem}}.block-content--margin-bottom{margin-bottom:4.8rem}@media (min-width: 992px){.block-content--margin-bottom{margin-bottom:9.6rem}}.block-content .container{position:relative;z-index:1}.block-content .container--full{padding:0}.block-content .container .block-content{display:flex;border-bottom:0;border-radius:16px}.block-content .container .block-content .container{padding:2.4rem;padding-bottom:2px}.block-content .container .block-content .container h1,.block-content .container .block-content .container h2,.block-content .container .block-content .container h3,.block-content .container .block-content .container h4,.block-content .container .block-content .container h5,.block-content .container .block-content .container h6,.block-content .container .block-content .container .h1,.block-content .container .block-content .container .h2,.block-content .container .block-content .container .h3,.block-content .container .block-content .container .h4,.block-content .container .block-content .container .h5,.block-content .container .block-content .container .h6{margin-bottom:1.6rem}.block-content .container .col:not(:only-child) .block-content:only-child,.block-content .container .col:not(:only-child) .container:only-child{min-height:100%}.block-content .container-overlay{position:absolute;z-index:0;top:0;right:0;bottom:0;left:0}.block-content.has-primary-background-color:not(:has(.container)){padding:3.2rem 0 !important}.block-content.has-primary-background-color .container{padding:3.2rem !important}.block-content.has-primary-background-color .wp-block-buttons>.wp-block-button:last-child{margin-bottom:0}\n<\/style><div class=\"container container--wide\"><div class=\"container__body\"><style>:where(.wp-block-columns.is-layout-flex){gap:0 !important}@media (min-width: 782px){:where(.wp-block-columns.is-layout-flex){gap:2.4rem !important}}@media (min-width: 1200px){:where(.wp-block-columns.is-layout-flex){gap:4.8rem !important}}\n<\/style>\n<div class=\"wp-block-columns is-layout-flex wp-container-core-columns-is-layout-9d6595d7 wp-block-columns-is-layout-flex\">\n<div class=\"wp-block-column is-layout-flow wp-block-column-is-layout-flow\" style=\"flex-basis:75%\">\n<p><nav aria-label=\"breadcrumbs\" class=\"rank-math-breadcrumb\"><p><span class=\"last\">Home<\/span><\/p><\/nav><\/p>\n\n\n\n<h1 class=\"wp-block-heading\">Bezoek Primion op ASIS EUROPE 2026<\/h1>\n\n\n\n<p><strong>Integreer beveiliging. Beheer risico\u2019s. Word veerkrachtiger.<\/strong><\/p>\n\n\n\n<p>In een omgeving waar digitale en fysieke dreigingen steeds vaker samenkomen, is <strong>ASIS Europe 2026<\/strong> h\u00e9t toonaangevende evenement waar securityleiders de stap zetten van versnipperde beveiliging naar duidelijke, ge\u00efntegreerde inzichten. Onder het thema \u2018<strong>From Risk to Resilience<\/strong>\u2019 richt de bijeenkomst van dit jaar zich op het <strong>verbinden van identiteit, toegangsbeheer en kritieke operaties<\/strong>, zodat organisaties blinde vlekken kunnen elimineren en met vertrouwen kunnen handelen.<\/p>\n\n\n\n<p>Door je aan te sluiten bij meer dan <strong>1.000 deelnemers<\/strong> in het <strong>Elisabeth Center<\/strong> ontdek je hoe je jouw beveiligingsstrategie kunt transformeren met <strong>uniforme zichtbaarheid<\/strong>, waarbij je de kloof tussen digitale en fysieke identiteit overbrugt om risico\u2019s eerder te zien. Deze ge\u00efntegreerde aanpak maakt een <strong>geco\u00f6rdineerde respons<\/strong> mogelijk, versterkt de paraatheid via geautomatiseerde ecosystemen en stimuleert <strong>strategische groei<\/strong> door de verschuiving van reactieve beveiliging naar proactieve weerbaarheid die bedrijfsprocessen ondersteunt in plaats van vertraagt.<\/p>\n\n\n\n<ul class=\"wp-block-list\">\n<li><strong>Locatie: <\/strong>Elisabeth Center, Antwerpen, Belgi\u00eb<\/li>\n\n\n\n<li><strong>Data:<\/strong> 23\u201325 maart 2026<\/li>\n<\/ul>\n\n\n\n<div class=\"wp-block-custom-spacing spacing-element spacing-mobile--small spacing-tablet--small spacing-small-desktop--small spacing-desktop--small\"><\/div>\n\n\n\n<div class=\"wp-block-buttons is-horizontal is-content-justification-left is-layout-flex wp-container-core-buttons-is-layout-92fc3979 wp-block-buttons-is-layout-flex\"><style>.wp-block-button{margin:0 0 2.4rem;width:100%}@media (min-width: 782px){.wp-block-button{width:unset}}.wp-block-button.align-center{text-align:center}.wp-block-button.align-right{text-align:right}.wp-block-buttons>.wp-block-button{margin-bottom:2.4rem}.wp-block-button__link{position:relative;display:inline-block;padding:1rem 4.4rem 1rem 1.6rem;width:100%;color:#fff !important;font-weight:600;text-align:left;text-decoration:none;min-height:4rem;border:2px solid #FF3E41;border-radius:100px;background-color:#FF3E41;cursor:pointer;font-size:1.6rem;line-height:1}@media (min-width: 782px){.wp-block-button__link{width:unset}}.wp-block-button__link:empty::after{right:8px;width:1.8rem;height:1.8rem;mask-image:url(\"https:\/\/primion.io\/wp-content\/themes\/ATLAS\/images\/svg\/chevron-right-white.svg\")}.wp-block-button__link::after{content:'';position:absolute;top:50%;right:12px;transform:translateY(-50%);width:1.8rem;height:1.8rem;mask-image:url(\"https:\/\/primion.io\/wp-content\/themes\/ATLAS\/images\/svg\/chevron-right-white.svg\");mask-size:contain;mask-repeat:no-repeat;mask-position:center center;background-color:#fff;transition:background-color .2s}.wp-block-button__link:has(img) img{position:absolute;top:50%;right:8px;transform:translateY(-50%);width:2.4rem;height:2.4rem}.wp-block-button__link:has(img)::after{display:none}.wp-block-button:not(.is-style-link-only):not(.is-style-outline):not(.is-style-fill-secondary) .wp-block-button__link:hover,.wp-block-button:not(.is-style-link-only):not(.is-style-outline):not(.is-style-fill-secondary) .wp-block-button__link:focus{color:#fff !important;border-color:#68727F;background-color:#68727F}.has-light-dark-background-color .wp-block-button:not(.is-style-link-only):not(.is-style-outline):not(.is-style-fill-secondary) .wp-block-button__link:hover,.has-light-dark-background-color .wp-block-button:not(.is-style-link-only):not(.is-style-outline):not(.is-style-fill-secondary) .wp-block-button__link:focus{border-color:light-dark(#243A4D, #000);background-color:light-dark(#243A4D, #000)}.wp-block-button .wp-block-button__link{transition:.2s}.is-style-fill-secondary .wp-block-button__link{border-color:#243A4D;background-color:#243A4D}.is-style-fill-secondary .wp-block-button__link:hover,.is-style-fill-secondary .wp-block-button__link:focus{color:#fff !important;border-color:#FF3E41;background-color:#FF3E41}.is-style-outline .wp-block-button__link{padding:1rem 4.4rem 1rem 1.6rem;color:#FF3E41 !important;border:2px solid #FF3E41;background-color:transparent;transition:.2s;transition-property:color, border-color}.is-style-outline .wp-block-button__link::after{background-color:#FF3E41}.is-style-outline .wp-block-button__link:hover,.is-style-outline .wp-block-button__link:focus{color:light-dark(#243A4D, #EFEFEF) !important;border-color:light-dark(#243A4D, #EFEFEF);background-color:transparent}.is-style-outline .wp-block-button__link:hover::after,.is-style-outline .wp-block-button__link:focus::after{background-color:light-dark(#243A4D, #EFEFEF)}.is-style-link-only .wp-block-button__link{width:unset !important;min-width:0;min-height:0;padding:0;padding-right:4rem;font-weight:600;color:#FF3E41 !important;border:none;background-color:transparent;transition:color .2s,text-decoration-color .2s}.is-style-link-only .wp-block-button__link::after{background-color:#FF3E41}.is-style-link-only .wp-block-button__link:hover,.is-style-link-only .wp-block-button__link:focus{color:light-dark(#243A4D, #EFEFEF) !important;background-color:transparent !important}.is-style-link-only .wp-block-button__link:hover::after,.is-style-link-only .wp-block-button__link:focus::after{background-color:light-dark(#243A4D, #EFEFEF)}\n<\/style>\n<div class=\"wp-block-button\"><a class=\"wp-block-button__link wp-element-button\" href=\"https:\/\/asiseurope.org\/\" target=\"_blank\" rel=\"noreferrer noopener nofollow\">Ontdek ASIS EUROPE<\/a><\/div>\n<\/div>\n<\/div>\n\n\n\n<div class=\"wp-block-column is-layout-flow wp-block-column-is-layout-flow\" style=\"flex-basis:25%\"><style>.wp-block-image{border-radius:16px;overflow:hidden}.wp-block-image img{width:100%}.wp-block-image .wp-element-caption{margin:0;padding:2.4rem;color:#fff;background-color:#243A4D;font-size:inherit;line-height:inherit;text-align:left}\n<\/style>\n<figure class=\"wp-block-image size-full is-style-default\"><img loading=\"lazy\" decoding=\"async\" width=\"1266\" height=\"2560\" src=\"https:\/\/primion.io\/wp-content\/uploads\/2026\/01\/IMG_0020-Edited-1-scaled.png\" alt=\"\" class=\"wp-image-9671\" srcset=\"https:\/\/primion.io\/wp-content\/uploads\/2026\/01\/IMG_0020-Edited-1-scaled.png 1266w, https:\/\/primion.io\/wp-content\/uploads\/2026\/01\/IMG_0020-Edited-1-148x300.png 148w, https:\/\/primion.io\/wp-content\/uploads\/2026\/01\/IMG_0020-Edited-1-506x1024.png 506w, https:\/\/primion.io\/wp-content\/uploads\/2026\/01\/IMG_0020-Edited-1-768x1553.png 768w, https:\/\/primion.io\/wp-content\/uploads\/2026\/01\/IMG_0020-Edited-1-760x1536.png 760w, https:\/\/primion.io\/wp-content\/uploads\/2026\/01\/IMG_0020-Edited-1-1013x2048.png 1013w\" sizes=\"auto, (max-width: 1266px) 100vw, 1266px\" \/><\/figure>\n<\/div>\n<\/div>\n<\/div><\/div><\/section>\n\n\n\n<section class=\"wp-block-custom-container alignwide block-content  block-content--spacing-top block-content--spacing-bottom\"><div class=\"container container--wide\"><div class=\"container__body\">\n<section class=\"wp-block-custom-container alignwide block-content has-primary-background-color\" style=\"background-color:#FF3E41\"><div class=\"container container--wide\"><div class=\"container__body\">\n<div class=\"wp-block-custom-spacing spacing-element spacing-mobile--small spacing-tablet--small spacing-small-desktop--small spacing-desktop--small\"><\/div>\n\n\n\n<div class=\"wp-block-columns are-vertically-aligned-center is-layout-flex wp-container-core-columns-is-layout-9d6595d7 wp-block-columns-is-layout-flex\">\n<div class=\"wp-block-column is-vertically-aligned-center is-layout-flow wp-block-column-is-layout-flow\" style=\"flex-basis:75%\">\n<h2 class=\"wp-block-heading has-text-align-left has-light-background-color has-text-color has-link-color wp-elements-0847ccfb763b9bf7ef7812566f20f52d\" class=\"wp-block-heading has-text-align-left has-light-background-color has-text-color has-link-color wp-elements-0847ccfb763b9bf7ef7812566f20f52d\" id=\"van-toegangscontrole-naar-menselijk-voordeel-beveiliging-heruitgevonden-voor-het-human-era-tijdperk\"><strong>Van toegangscontrole naar menselijk voordeel: beveiliging heruitgevonden voor het Human Era\u2011tijdperk<\/strong><\/h2>\n\n\n\n<p class=\"has-light-background-color has-text-color has-link-color wp-elements-e161574ef83bda38a639eb17604f5c5e\">Beveiliging werd jarenlang bepaald door wat zij tegenhoudt. Maar in een tijd waarin talentmobiliteit, hybride werk en operationele wendbaarheid essentieel zijn voor concurrentievoordeel, moet dit beeld veranderen. Deze keynote daagt securityleiders uit om toegangscontrole niet langer als een barri\u00e8re te zien, maar als een middel om de hele workforce te verbinden en te versterken. Door digitale en fysieke identiteiten te integreren over locaties, systemen en werkroosters heen, kunnen organisaties \u00e9\u00e9n naadloze ervaring cre\u00ebren voor iedere medewerker: tijdelijk of vast, frontline of kantoor.<\/p>\n\n\n\n<p class=\"has-light-background-color has-text-color has-link-color wp-elements-77a77770a5efe9b2405075d265f75c0c\">We onderzoeken hoe een beveiligingsarchitectuur die rond mensen is ontworpen \u2013 in plaats van rond beperkingen \u2013 niet alleen beveiligingsgaten sluit, maar medewerkers ook in staat stelt om zich vrij te verplaatsen, samen te werken en met vertrouwen te presteren. Het resultaat is een beveiligingsstrategie die niet alleen mensen, middelen en data beschermt, maar ook actief de operationele continu\u00efteit en menselijke energie ondersteunt die bedrijven vooruithelpt.<\/p>\n\n\n\n<p class=\"has-light-background-color has-text-color has-link-color wp-elements-f1441bcb50c5a384a8be5e36d1c70499\"><strong>Woensdag, 25 maart, 10.00 \u2013 10.20 uur, Innovation Track Stage<\/strong><\/p>\n<\/div>\n\n\n\n<div class=\"wp-block-column is-vertically-aligned-center is-layout-flow wp-block-column-is-layout-flow\" style=\"flex-basis:25%\">\n<figure class=\"wp-block-image size-full is-style-default\"><img loading=\"lazy\" decoding=\"async\" width=\"750\" height=\"1000\" src=\"https:\/\/primion.io\/wp-content\/uploads\/2026\/01\/Francis-Cepero.webp\" alt=\"\" class=\"wp-image-9387\" srcset=\"https:\/\/primion.io\/wp-content\/uploads\/2026\/01\/Francis-Cepero.webp?t=1775555097 750w, https:\/\/primion.io\/wp-content\/uploads\/2026\/01\/Francis-Cepero-225x300.webp?t=1775555097 225w\" sizes=\"auto, (max-width: 750px) 100vw, 750px\" \/><figcaption class=\"wp-element-caption\">Francis Cepero, CEO Primion<\/figcaption><\/figure>\n<\/div>\n<\/div>\n<\/div><\/div><\/section>\n<\/div><\/div><\/section>\n\n\n\n<section class=\"wp-block-custom-container alignwide block-content  block-content--spacing-top block-content--spacing-bottom\"><div class=\"container container--wide\"><div class=\"container__body\">\n<div class=\"wp-block-columns is-layout-flex wp-container-core-columns-is-layout-9d6595d7 wp-block-columns-is-layout-flex\">\n<div class=\"wp-block-column is-layout-flow wp-block-column-is-layout-flow\">\n<h2 class=\"wp-block-heading\" class=\"wp-block-heading\" id=\"bezoek-ons-op-stand-a8\"><strong>Bezoek ons op stand A8<\/strong><\/h2>\n\n\n\n<p>Maak van dichtbij kennis met onze nieuwste innovaties op <strong>stand A8<\/strong>. We presenteren daar onze <strong>Critical Event Management\u2011oplossing<\/strong>, ontwikkeld om te beschermen wat \u00e9cht telt: uw mensen, uw middelen en uw data.<\/p>\n\n\n\n<p><strong><strong>Dit kunt u bij onze stand verwachten:<\/strong><\/strong><\/p>\n\n\n\n<ul class=\"wp-block-list\">\n<li><strong>Live demo&#8217;s:<\/strong> Zie onze Critical Event Management\u2011oplossing live in actie.<\/li>\n\n\n\n<li><strong><strong>Advies van experts<\/strong>:<\/strong> Bespreek uw uitdagingen met ons team.<\/li>\n\n\n\n<li><strong><strong>Netwerkmogelijkheden<\/strong>:<\/strong> Profiteer van meer dan <strong>12 uur<\/strong> aan waardevolle networking.<br><\/li>\n<\/ul>\n<\/div>\n\n\n\n<div class=\"wp-block-column is-layout-flow wp-block-column-is-layout-flow\">\n<section class=\"wp-block-custom-container alignwide block-content has-light-grey-dark-grey-background-color has-light-dark-background-color\" style=\"background-color:light-dark(#EFEFEF, #243A4D)\"><div class=\"container container--wide\"><div class=\"container__body\">\n<h2 class=\"wp-block-heading\" class=\"wp-block-heading\" id=\"praktische-informatie\">Praktische informatie<\/h2>\n\n\n\n<p><br><strong>Locatieadres:<\/strong><br><br>Elisabeth Center Antwerpen<br>Koningin Astridplein 20-26, 2018 Antwerpen, Belgi\u00eb<\/p>\n\n\n\n<p><br><strong><strong>Openingstijden<\/strong>:<\/strong><\/p>\n\n\n\n<ul class=\"wp-block-list\">\n<li><strong><strong>Welkomstreceptie:<\/strong><\/strong> 23 maart, 18.00\u201320.00 uur<\/li>\n\n\n\n<li><strong><strong>Beurs<\/strong>:<\/strong> 24 en 25 maart<\/li>\n<\/ul>\n<\/div><\/div><\/section>\n<\/div>\n<\/div>\n<\/div><\/div><\/section>\n","protected":false},"excerpt":{"rendered":"","protected":false},"author":14,"featured_media":0,"parent":0,"menu_order":0,"comment_status":"closed","ping_status":"closed","template":"","meta":{"_acf_changed":false,"footnotes":""},"class_list":["post-10003","page","type-page","status-publish","hentry"],"acf":[],"_links":{"self":[{"href":"https:\/\/primion.io\/nl\/wp-json\/wp\/v2\/pages\/10003","targetHints":{"allow":["GET"]}}],"collection":[{"href":"https:\/\/primion.io\/nl\/wp-json\/wp\/v2\/pages"}],"about":[{"href":"https:\/\/primion.io\/nl\/wp-json\/wp\/v2\/types\/page"}],"author":[{"embeddable":true,"href":"https:\/\/primion.io\/nl\/wp-json\/wp\/v2\/users\/14"}],"replies":[{"embeddable":true,"href":"https:\/\/primion.io\/nl\/wp-json\/wp\/v2\/comments?post=10003"}],"version-history":[{"count":5,"href":"https:\/\/primion.io\/nl\/wp-json\/wp\/v2\/pages\/10003\/revisions"}],"predecessor-version":[{"id":10490,"href":"https:\/\/primion.io\/nl\/wp-json\/wp\/v2\/pages\/10003\/revisions\/10490"}],"wp:attachment":[{"href":"https:\/\/primion.io\/nl\/wp-json\/wp\/v2\/media?parent=10003"}],"curies":[{"name":"wp","href":"https:\/\/api.w.org\/{rel}","templated":true}]}}