{"id":3135,"date":"2025-01-30T10:26:54","date_gmt":"2025-01-30T09:26:54","guid":{"rendered":"https:\/\/primion.io\/product\/prime-webaccess\/"},"modified":"2025-06-16T15:22:47","modified_gmt":"2025-06-16T13:22:47","slug":"prime-webaccess","status":"publish","type":"product","link":"https:\/\/primion.io\/fr\/product\/prime-webaccess\/","title":{"rendered":"prime WebAccess"},"content":{"rendered":"","protected":false},"excerpt":{"rendered":"<p>Prot\u00e9gez les b\u00e2timents et les valeurs contre les acc\u00e8s non autoris\u00e9s gr\u00e2ce \u00e0 des syst\u00e8mes flexibles et fiables.<\/p>\n","protected":false},"featured_media":0,"menu_order":0,"template":"","meta":{"_acf_changed":true},"product-country":[102,91,110],"product-type":[90],"class_list":["post-3135","product","type-product","status-publish","hentry","product-country-allemagne","product-country-benelux-fr","product-country-france-fr","product-type-logiciel"],"acf":[],"_links":{"self":[{"href":"https:\/\/primion.io\/fr\/wp-json\/wp\/v2\/product\/3135","targetHints":{"allow":["GET"]}}],"collection":[{"href":"https:\/\/primion.io\/fr\/wp-json\/wp\/v2\/product"}],"about":[{"href":"https:\/\/primion.io\/fr\/wp-json\/wp\/v2\/types\/product"}],"wp:attachment":[{"href":"https:\/\/primion.io\/fr\/wp-json\/wp\/v2\/media?parent=3135"}],"wp:term":[{"taxonomy":"product-country","embeddable":true,"href":"https:\/\/primion.io\/fr\/wp-json\/wp\/v2\/product-country?post=3135"},{"taxonomy":"product-type","embeddable":true,"href":"https:\/\/primion.io\/fr\/wp-json\/wp\/v2\/product-type?post=3135"}],"curies":[{"name":"wp","href":"https:\/\/api.w.org\/{rel}","templated":true}]}}