{"id":3107,"date":"2025-01-30T10:26:54","date_gmt":"2025-01-30T09:26:54","guid":{"rendered":"https:\/\/primion.io\/product\/prime-securitymanagement\/"},"modified":"2025-06-16T15:14:19","modified_gmt":"2025-06-16T13:14:19","slug":"prime-securitymanagement","status":"publish","type":"product","link":"https:\/\/primion.io\/fr\/product\/prime-securitymanagement\/","title":{"rendered":"prime SecurityManagement"},"content":{"rendered":"","protected":false},"excerpt":{"rendered":"<p>Une plateforme modulaire de gestion de la s\u00e9curit\u00e9 qui int\u00e8gre et contr\u00f4le divers syst\u00e8mes de s\u00e9curit\u00e9 pour une gestion \u00e9volutive des risques.<\/p>\n","protected":false},"featured_media":0,"menu_order":0,"template":"","meta":{"_acf_changed":true},"product-country":[102,91],"product-type":[90],"class_list":["post-3107","product","type-product","status-publish","hentry","product-country-allemagne","product-country-benelux-fr","product-type-logiciel"],"acf":[],"_links":{"self":[{"href":"https:\/\/primion.io\/fr\/wp-json\/wp\/v2\/product\/3107","targetHints":{"allow":["GET"]}}],"collection":[{"href":"https:\/\/primion.io\/fr\/wp-json\/wp\/v2\/product"}],"about":[{"href":"https:\/\/primion.io\/fr\/wp-json\/wp\/v2\/types\/product"}],"wp:attachment":[{"href":"https:\/\/primion.io\/fr\/wp-json\/wp\/v2\/media?parent=3107"}],"wp:term":[{"taxonomy":"product-country","embeddable":true,"href":"https:\/\/primion.io\/fr\/wp-json\/wp\/v2\/product-country?post=3107"},{"taxonomy":"product-type","embeddable":true,"href":"https:\/\/primion.io\/fr\/wp-json\/wp\/v2\/product-type?post=3107"}],"curies":[{"name":"wp","href":"https:\/\/api.w.org\/{rel}","templated":true}]}}