{"id":3006,"date":"2025-01-30T11:31:31","date_gmt":"2025-01-30T10:31:31","guid":{"rendered":"https:\/\/primion.io\/product\/heure-de-pointe\/"},"modified":"2025-06-16T12:30:46","modified_gmt":"2025-06-16T10:30:46","slug":"heure-de-pointe","status":"publish","type":"product","link":"https:\/\/primion.io\/fr\/product\/heure-de-pointe\/","title":{"rendered":"prime Time"},"content":{"rendered":"","protected":false},"excerpt":{"rendered":"<p>Rapide et simple : Enregistrez de mani\u00e8re fiable les temps de travail et acc\u00e9dez facilement \u00e0 des analyses compl\u00e8tes, que vous travailliez sur place ou \u00e0 domicile.<\/p>\n","protected":false},"featured_media":0,"menu_order":0,"template":"","meta":{"_acf_changed":true},"product-country":[91],"product-type":[90],"class_list":["post-3006","product","type-product","status-publish","hentry","product-country-benelux-fr","product-type-logiciel"],"acf":[],"_links":{"self":[{"href":"https:\/\/primion.io\/fr\/wp-json\/wp\/v2\/product\/3006","targetHints":{"allow":["GET"]}}],"collection":[{"href":"https:\/\/primion.io\/fr\/wp-json\/wp\/v2\/product"}],"about":[{"href":"https:\/\/primion.io\/fr\/wp-json\/wp\/v2\/types\/product"}],"wp:attachment":[{"href":"https:\/\/primion.io\/fr\/wp-json\/wp\/v2\/media?parent=3006"}],"wp:term":[{"taxonomy":"product-country","embeddable":true,"href":"https:\/\/primion.io\/fr\/wp-json\/wp\/v2\/product-country?post=3006"},{"taxonomy":"product-type","embeddable":true,"href":"https:\/\/primion.io\/fr\/wp-json\/wp\/v2\/product-type?post=3006"}],"curies":[{"name":"wp","href":"https:\/\/api.w.org\/{rel}","templated":true}]}}