{"id":2998,"date":"2025-01-30T11:32:29","date_gmt":"2025-01-30T10:32:29","guid":{"rendered":"https:\/\/primion.io\/product\/plan-daction\/"},"modified":"2025-06-16T12:28:46","modified_gmt":"2025-06-16T10:28:46","slug":"plan-daction","status":"publish","type":"product","link":"https:\/\/primion.io\/fr\/product\/plan-daction\/","title":{"rendered":"prime Plan"},"content":{"rendered":"","protected":false},"excerpt":{"rendered":"<p>Une solution logicielle moderne qui rationalise la planification du personnel en tenant compte de la disponibilit\u00e9, des qualifications et des heures de travail des employ\u00e9s, am\u00e9liorant ainsi l&#8217;efficacit\u00e9 et r\u00e9duisant le temps de planification.<\/p>\n","protected":false},"featured_media":0,"menu_order":0,"template":"","meta":{"_acf_changed":true},"product-country":[91],"product-type":[90],"class_list":["post-2998","product","type-product","status-publish","hentry","product-country-benelux-fr","product-type-logiciel"],"acf":[],"_links":{"self":[{"href":"https:\/\/primion.io\/fr\/wp-json\/wp\/v2\/product\/2998","targetHints":{"allow":["GET"]}}],"collection":[{"href":"https:\/\/primion.io\/fr\/wp-json\/wp\/v2\/product"}],"about":[{"href":"https:\/\/primion.io\/fr\/wp-json\/wp\/v2\/types\/product"}],"wp:attachment":[{"href":"https:\/\/primion.io\/fr\/wp-json\/wp\/v2\/media?parent=2998"}],"wp:term":[{"taxonomy":"product-country","embeddable":true,"href":"https:\/\/primion.io\/fr\/wp-json\/wp\/v2\/product-country?post=2998"},{"taxonomy":"product-type","embeddable":true,"href":"https:\/\/primion.io\/fr\/wp-json\/wp\/v2\/product-type?post=2998"}],"curies":[{"name":"wp","href":"https:\/\/api.w.org\/{rel}","templated":true}]}}