{"id":2921,"date":"2022-07-07T08:52:30","date_gmt":"2022-07-07T06:52:30","guid":{"rendered":"https:\/\/primion.io\/impression\/"},"modified":"2026-03-11T13:25:51","modified_gmt":"2026-03-11T12:25:51","slug":"mentions-legales","status":"publish","type":"page","link":"https:\/\/primion.io\/fr\/mentions-legales\/","title":{"rendered":"Mentions l\u00e9gales"},"content":{"rendered":"\n<section class=\"wp-block-custom-container alignwide block-content  block-content--spacing-top block-content--spacing-bottom\"><style>.block-content{position:relative;border-bottom:1px solid light-dark(#EFEFEF, #243A4D)}.block-content:only-child{border-bottom:0}.block-content--spacing-top{padding-top:4.8rem}@media (min-width: 992px){.block-content--spacing-top{padding-top:9.6rem}}.block-content--spacing-bottom{padding-bottom:2.4rem}@media (min-width: 992px){.block-content--spacing-bottom{padding-bottom:7.2rem}}.block-content--margin-top{margin-top:4.8rem}@media (min-width: 992px){.block-content--margin-top{margin-top:9.6rem}}.block-content--margin-bottom{margin-bottom:4.8rem}@media (min-width: 992px){.block-content--margin-bottom{margin-bottom:9.6rem}}.block-content .container{position:relative;z-index:1}.block-content .container--full{padding:0}.block-content .container .block-content{display:flex;border-bottom:0;border-radius:16px}.block-content .container .block-content .container{padding:2.4rem;padding-bottom:2px}.block-content .container .block-content .container h1,.block-content .container .block-content .container h2,.block-content .container .block-content .container h3,.block-content .container .block-content .container h4,.block-content .container .block-content .container h5,.block-content .container .block-content .container h6,.block-content .container .block-content .container .h1,.block-content .container .block-content .container .h2,.block-content .container .block-content .container .h3,.block-content .container .block-content .container .h4,.block-content .container .block-content .container .h5,.block-content .container .block-content .container .h6{margin-bottom:1.6rem}.block-content .container .col:not(:only-child) .block-content:only-child,.block-content .container .col:not(:only-child) .container:only-child{min-height:100%}.block-content .container-overlay{position:absolute;z-index:0;top:0;right:0;bottom:0;left:0}.block-content.has-primary-background-color:not(:has(.container)){padding:3.2rem 0 !important}.block-content.has-primary-background-color .container{padding:3.2rem !important}.block-content.has-primary-background-color .wp-block-buttons>.wp-block-button:last-child{margin-bottom:0}\n<\/style><div class=\"container container--wide\"><div class=\"container__body\">\n<div class=\"wp-block-custom-columns columns-row row\"><style>.columns-row--spacing-top{padding-top:4.8rem}@media (min-width: 992px){.columns-row--spacing-top{padding-top:9.6rem}}.columns-row--spacing-bottom{padding-bottom:4.8rem}@media (min-width: 992px){.columns-row--spacing-bottom{padding-bottom:9.6rem}}.columns-row--margin-top{margin-top:4.8rem}@media (min-width: 992px){.columns-row--margin-top{margin-top:9.6rem}}.columns-row--margin-bottom{margin-bottom:4.8rem}@media (min-width: 992px){.columns-row--margin-bottom{margin-bottom:9.6rem}}.columns-row.seperator .col{position:relative}.columns-row.seperator .col.col-lg-4:not(:last-child)::after,.columns-row.seperator .col.col-lg-3:not(:last-child)::after,.columns-row.seperator .col.col-lg-6:not(:last-child)::after{content:'';position:absolute;bottom:0;left:24px;width:calc(100% - 48px);height:1px;background-color:#FF3E41}@media (min-width: 992px){.columns-row.seperator .col.col-lg-4:not(:last-child),.columns-row.seperator .col.col-lg-3:not(:last-child),.columns-row.seperator .col.col-lg-6:not(:last-child){border-right:1px solid #FF3E41}.columns-row.seperator .col.col-lg-4:not(:last-child)::after,.columns-row.seperator .col.col-lg-3:not(:last-child)::after,.columns-row.seperator .col.col-lg-6:not(:last-child)::after{display:none !important}}.columns-row.seperator .col.col-xl-4:not(:last-child)::after,.columns-row.seperator .col.col-xl-3:not(:last-child)::after,.columns-row.seperator .col.col-xl-6:not(:last-child)::after{content:'';position:absolute;bottom:0;left:24px;width:calc(100% - 48px);height:1px;background-color:#FF3E41}@media (min-width: 1380px){.columns-row.seperator .col.col-xl-4:not(:last-child),.columns-row.seperator .col.col-xl-3:not(:last-child),.columns-row.seperator .col.col-xl-6:not(:last-child){border-right:1px solid #FF3E41}.columns-row.seperator .col.col-xl-4:not(:last-child)::after,.columns-row.seperator .col.col-xl-3:not(:last-child)::after,.columns-row.seperator .col.col-xl-6:not(:last-child)::after{display:none !important}}\n<\/style>\n<div class=\"wp-block-custom-column col col-12 col-lg-8 offset-lg-2\">\n<div class=\"wp-block-custom-spacing spacing-element spacing-mobile--small spacing-tablet--small spacing-small-desktop--small spacing-desktop--small\"><\/div>\n\n\n\n<h1 class=\"wp-block-heading\">Mentions l\u00e9gales<\/h1>\n\n\n\n<section class=\"wp-block-custom-container alignwide block-content\"><div class=\"container container--wide\"><div class=\"container__body\"><section class=\"block-toc\">\n    <div class=\"block-toc__wrapper\">\n\n                            <div class=\"block-toc__header\">\n                <h3 class=\"block-toc__title\">Table des mati\u00e8res<\/h3>\n            <\/div>\n        \n                <div class=\"block-toc__content\">\n            <ol><li><a href=\"#responsabilit\">Responsabilit\u00e9<\/a><\/li><li><a href=\"#conditions-g-n-rales-de-vente\">Conditions g\u00e9n\u00e9rales de vente<\/a><\/li><\/ol><\/ol>        <\/div>\n            <\/div>\n<\/section>\n\n\n<div class=\"wp-block-custom-spacing spacing-element spacing-mobile--large spacing-tablet--large spacing-small-desktop--large spacing-desktop--large\"><\/div>\n\n\n\n<p><strong>Primion Technology SAS<\/strong>&nbsp;(soci\u00e9t\u00e9 par actions simpli\ufb01\u00e9e)<\/p>\n\n\n\n<p><strong>Si\u00e8ge social:<\/strong><br>Immeuble Le Nautile 1<br>45 rue des Hautes P\u00e2tures<br>92000 Nanterre<br>France<\/p>\n\n\n\n<p><strong>Pr\u00e9sident :<\/strong><br>Primion Technology GmbH<\/p>\n\n\n\n<p><strong>Directeur g\u00e9n\u00e9ral :<\/strong><br>Christophe Leroy<\/p>\n\n\n\n<p><strong>Contact :<\/strong><br>Phone : <a href=\"tel:+4975739520\">+33 1 41 10 43 70<\/a><br>E-Mail : <a href=\"mailto:info@primion.fr\" target=\"_blank\" rel=\"noreferrer noopener\">info@primion.fr<\/a><\/p>\n\n\n\n<p><strong>Num\u00e9ro TVA Intracommunautaire :<\/strong>&nbsp;FR36432538528<br><strong>Num\u00e9ro RCS :<\/strong>&nbsp;Nanterre B 432 538 528<br><strong>Capital social :<\/strong>&nbsp;EUR 372 600<\/p>\n\n\n\n<p><strong>Responsable du contenu du site web :<\/strong><br>Primion Technology GmbH<\/p>\n\n\n\n<p><strong>D\u00e9l\u00e9gu\u00e9 \u00e0 la protection des donn\u00e9es personnelles:<\/strong><br>conreri digital development GmbH | E-mail :&nbsp;<a href=\"mailto:support@conreri.de\"><\/a><a href=\"https:\/\/www.primion.de\/de\/datenschutz\/#\" rel=\"nofollow noopener\" target=\"_blank\">support@conreri.de<\/a><\/p>\n\n\n\n<h2 class=\"wp-block-heading\" class=\"wp-block-heading\" id=\"responsabilit%c3%a9\">Responsabilit\u00e9<\/h2>\n\n\n\n<h3 class=\"wp-block-heading\">Responsabilit\u00e9 du contenu<\/h3>\n\n\n\n<p>En tant que prestataire de services, nous sommes, conform\u00e9ment \u00e0 l&#8217;article 7, paragraphe 1, de la loi sur la protection des donn\u00e9es, responsables de la conformit\u00e9 de nos propres contenus sur ces pages avec les lois applicables. Conform\u00e9ment aux articles 8 \u00e0 10 de la loi sur la protection des donn\u00e9es, nous ne sommes toutefois pas tenus, en tant que prestataire de services, de surveiller les informations communiqu\u00e9es ou stock\u00e9es par des tiers ou de rechercher des preuves d&#8217;activit\u00e9s ill\u00e9gales. Les obligations de supprimer ou de bloquer l&#8217;utilisation d&#8217;informations conform\u00e9ment \u00e0 la loi g\u00e9n\u00e9rale restent inchang\u00e9es. Toutefois, une responsabilit\u00e9 \u00e0 cet \u00e9gard n&#8217;est possible qu&#8217;\u00e0 partir du moment o\u00f9 l&#8217;on a connaissance d&#8217;une infraction concr\u00e8te. Si nous avons connaissance d&#8217;une infraction, nous retirerons rapidement le contenu en question.     <\/p>\n\n\n\n<h3 class=\"wp-block-heading\">Responsabilit\u00e9 des liens<\/h3>\n\n\n\n<p>Notre offre contient des hyperliens vers des sites web externes de tiers, sur le contenu desquels nous n&#8217;avons aucune influence. C&#8217;est pourquoi nous ne pouvons \u00eatre tenus responsables des contenus externes. La responsabilit\u00e9 du contenu des pages li\u00e9es incombe toujours au fournisseur ou \u00e0 l&#8217;exploitant de ces pages. Les pages li\u00e9es ont \u00e9t\u00e9 examin\u00e9es au moment de la mise en place des liens afin de d\u00e9tecter d&#8217;\u00e9ventuelles violations de la loi. Les contenus ill\u00e9gaux n&#8217;\u00e9taient pas identifiables au moment de la cr\u00e9ation des liens. Toutefois, un contr\u00f4le permanent du contenu des pages li\u00e9es n&#8217;est pas raisonnable en l&#8217;absence de preuves concr\u00e8tes d&#8217;une violation du droit. Si nous avons connaissance d&#8217;une violation de la loi, nous supprimerons imm\u00e9diatement ces liens.      <\/p>\n\n\n\n<h3 class=\"wp-block-heading\">Droit d&#8217;auteur<\/h3>\n\n\n\n<p>La loi allemande sur les droits d&#8217;auteur r\u00e9git les contenus et les \u0153uvres cr\u00e9\u00e9s par les exploitants des pages et pr\u00e9sent\u00e9s sur ces pages. La copie, la modification, la distribution ou toute autre forme d&#8217;exploitation en dehors des limites du droit d&#8217;auteur sont strictement interdites sans l&#8217;accord \u00e9crit de l&#8217;auteur ou du cr\u00e9ateur. Cette page ne peut \u00eatre t\u00e9l\u00e9charg\u00e9e ou copi\u00e9e que pour un usage priv\u00e9 et non commercial. Dans la mesure o\u00f9 le contenu de cette page n&#8217;a pas \u00e9t\u00e9 \u00e9labor\u00e9 par l&#8217;op\u00e9rateur, les droits d&#8217;auteur de tiers sont respect\u00e9s. En particulier, le contenu des tiers est identifi\u00e9 comme tel. N\u00e9anmoins, si vous avez connaissance d&#8217;une violation des droits d&#8217;auteur, nous vous demandons de nous en informer. Si nous avons connaissance d&#8217;une violation de la loi, nous supprimerons imm\u00e9diatement le contenu en question.      <\/p>\n\n\n\n<h3 class=\"wp-block-heading\">Information aux sens du r\u00e8glement extrajudiciaire des litiges de consommation (REL)<\/h3>\n\n\n\n<p>Nous ne nous engageons pas et ne sommes pas oblig\u00e9s de faire appel \u00e0 des entit\u00e9s de r\u00e8glement extrajudiciaire des litiges dans le cadre de la VSBG pour r\u00e9soudre les litiges avec les consommateurs.<\/p>\n\n\n\n<div class=\"wp-block-custom-spacing spacing-element spacing-mobile--small spacing-tablet--small spacing-small-desktop--small spacing-desktop--small\"><\/div>\n\n\n\n<h2 class=\"wp-block-heading\" class=\"wp-block-heading\" id=\"conditions-g%c3%a9n%c3%a9rales-de-vente\">Conditions g\u00e9n\u00e9rales de vente<\/h2>\n\n\n\n<p><a href=\"https:\/\/primion.io\/wp-content\/uploads\/2025\/02\/pri-SAS_trame_NAN_19.pdf\" target=\"_blank\" rel=\"noreferrer noopener\">T\u00e9l\u00e9chargez les conditions g\u00e9n\u00e9rales de vente<\/a><\/p>\n\n\n\n<script type=\"application\/javascript\">\n  var UC_UI_SUPPRESS_CMP_DISPLAY = true;\n<\/script>\n<\/div><\/div><\/section>\n<\/div>\n<\/div>\n<\/div><\/div><\/section>\n","protected":false},"excerpt":{"rendered":"","protected":false},"author":1,"featured_media":0,"parent":0,"menu_order":0,"comment_status":"closed","ping_status":"closed","template":"","meta":{"_acf_changed":false,"footnotes":""},"class_list":["post-2921","page","type-page","status-publish","hentry"],"acf":[],"_links":{"self":[{"href":"https:\/\/primion.io\/fr\/wp-json\/wp\/v2\/pages\/2921","targetHints":{"allow":["GET"]}}],"collection":[{"href":"https:\/\/primion.io\/fr\/wp-json\/wp\/v2\/pages"}],"about":[{"href":"https:\/\/primion.io\/fr\/wp-json\/wp\/v2\/types\/page"}],"author":[{"embeddable":true,"href":"https:\/\/primion.io\/fr\/wp-json\/wp\/v2\/users\/1"}],"replies":[{"embeddable":true,"href":"https:\/\/primion.io\/fr\/wp-json\/wp\/v2\/comments?post=2921"}],"version-history":[{"count":5,"href":"https:\/\/primion.io\/fr\/wp-json\/wp\/v2\/pages\/2921\/revisions"}],"predecessor-version":[{"id":10578,"href":"https:\/\/primion.io\/fr\/wp-json\/wp\/v2\/pages\/2921\/revisions\/10578"}],"wp:attachment":[{"href":"https:\/\/primion.io\/fr\/wp-json\/wp\/v2\/media?parent=2921"}],"curies":[{"name":"wp","href":"https:\/\/api.w.org\/{rel}","templated":true}]}}