{"id":2821,"date":"2025-01-27T15:17:10","date_gmt":"2025-01-27T14:17:10","guid":{"rendered":"https:\/\/primion.io\/certificats\/"},"modified":"2025-12-19T12:13:53","modified_gmt":"2025-12-19T11:13:53","slug":"normes-certifications","status":"publish","type":"page","link":"https:\/\/primion.io\/fr\/a-propos\/normes-certifications\/","title":{"rendered":"Certificats"},"content":{"rendered":"\n<div style=\"height:92px\" aria-hidden=\"true\" class=\"wp-block-spacer\"><\/div>\n\n\n\n<section class=\"wp-block-custom-container alignwide block-content  block-content--spacing-top block-content--spacing-bottom\" style=\"background-image:url(https:\/\/primion.io\/wp-content\/uploads\/2025\/07\/header_unterseiten_bg.svg);background-position:5% 48%;background-repeat:no-repeat;background-size:cover\"><style>.block-content{position:relative;border-bottom:1px solid light-dark(#EFEFEF, #243A4D)}.block-content:only-child{border-bottom:0}.block-content--spacing-top{padding-top:4.8rem}@media (min-width: 992px){.block-content--spacing-top{padding-top:9.6rem}}.block-content--spacing-bottom{padding-bottom:2.4rem}@media (min-width: 992px){.block-content--spacing-bottom{padding-bottom:7.2rem}}.block-content--margin-top{margin-top:4.8rem}@media (min-width: 992px){.block-content--margin-top{margin-top:9.6rem}}.block-content--margin-bottom{margin-bottom:4.8rem}@media (min-width: 992px){.block-content--margin-bottom{margin-bottom:9.6rem}}.block-content .container{position:relative;z-index:1}.block-content .container--full{padding:0}.block-content .container .block-content{display:flex;border-bottom:0;border-radius:16px}.block-content .container .block-content .container{padding:2.4rem;padding-bottom:2px}.block-content .container .block-content .container h1,.block-content .container .block-content .container h2,.block-content .container .block-content .container h3,.block-content .container .block-content .container h4,.block-content .container .block-content .container h5,.block-content .container .block-content .container h6,.block-content .container .block-content .container .h1,.block-content .container .block-content .container .h2,.block-content .container .block-content .container .h3,.block-content .container .block-content .container .h4,.block-content .container .block-content .container .h5,.block-content .container .block-content .container .h6{margin-bottom:1.6rem}.block-content .container .col:not(:only-child) .block-content:only-child,.block-content .container .col:not(:only-child) .container:only-child{min-height:100%}.block-content .container-overlay{position:absolute;z-index:0;top:0;right:0;bottom:0;left:0}.block-content.has-primary-background-color:not(:has(.container)){padding:3.2rem 0 !important}.block-content.has-primary-background-color .container{padding:3.2rem !important}.block-content.has-primary-background-color .wp-block-buttons>.wp-block-button:last-child{margin-bottom:0}\n<\/style><div class=\"container container--wide\"><div class=\"container__body\">\n<p><nav aria-label=\"breadcrumbs\" class=\"rank-math-breadcrumb\"><p><span class=\"last\">Home<\/span><\/p><\/nav><\/p>\n\n\n\n<h1 class=\"wp-block-heading\">Nos certificats de qualit\u00e9<\/h1>\n\n\n\n<div class=\"wp-block-custom-spacing spacing-element spacing-mobile--small spacing-tablet--medium spacing-small-desktop--medium spacing-desktop--medium\"><\/div>\n\n\n<style>.wp-block-image{border-radius:16px;overflow:hidden}.wp-block-image img{width:100%}.wp-block-image .wp-element-caption{margin:0;padding:2.4rem;color:#fff;background-color:#243A4D;font-size:inherit;line-height:inherit;text-align:left}\n<\/style>\n<figure class=\"wp-block-image size-large\"><img loading=\"lazy\" decoding=\"async\" width=\"1024\" height=\"341\" src=\"https:\/\/primion.io\/wp-content\/uploads\/2025\/01\/zertifikate_ft-1024x341.png\" alt=\"\" class=\"wp-image-1788\" style=\"aspect-ratio:2\/1;object-fit:cover\" srcset=\"https:\/\/primion.io\/wp-content\/uploads\/2025\/01\/zertifikate_ft-1024x341.png 1024w, https:\/\/primion.io\/wp-content\/uploads\/2025\/01\/zertifikate_ft-300x100.png 300w, https:\/\/primion.io\/wp-content\/uploads\/2025\/01\/zertifikate_ft-768x256.png 768w, https:\/\/primion.io\/wp-content\/uploads\/2025\/01\/zertifikate_ft.png 1440w\" sizes=\"auto, (max-width: 1024px) 100vw, 1024px\" \/><\/figure>\n\n\n\n<div class=\"wp-block-custom-spacing spacing-element spacing-mobile--small spacing-tablet--small spacing-small-desktop--small spacing-desktop--small\"><\/div>\n<\/div><\/div><div class=\"container-overlay\" style=\"background-color:light-dark(rgba(255, 255, 255, 0.92), rgba(0, 0, 0, 0.6));opacity:1\"><\/div><\/section>\n\n\n\n<section class=\"wp-block-custom-container alignwide block-content  block-content--spacing-top block-content--spacing-bottom\"><div class=\"container container--wide\"><div class=\"container__body\">\n<div class=\"wp-block-custom-columns columns-row row\"><style>.columns-row--spacing-top{padding-top:4.8rem}@media (min-width: 992px){.columns-row--spacing-top{padding-top:9.6rem}}.columns-row--spacing-bottom{padding-bottom:4.8rem}@media (min-width: 992px){.columns-row--spacing-bottom{padding-bottom:9.6rem}}.columns-row--margin-top{margin-top:4.8rem}@media (min-width: 992px){.columns-row--margin-top{margin-top:9.6rem}}.columns-row--margin-bottom{margin-bottom:4.8rem}@media (min-width: 992px){.columns-row--margin-bottom{margin-bottom:9.6rem}}.columns-row.seperator .col{position:relative}.columns-row.seperator .col.col-lg-4:not(:last-child)::after,.columns-row.seperator .col.col-lg-3:not(:last-child)::after,.columns-row.seperator .col.col-lg-6:not(:last-child)::after{content:'';position:absolute;bottom:0;left:24px;width:calc(100% - 48px);height:1px;background-color:#FF3E41}@media (min-width: 992px){.columns-row.seperator .col.col-lg-4:not(:last-child),.columns-row.seperator .col.col-lg-3:not(:last-child),.columns-row.seperator .col.col-lg-6:not(:last-child){border-right:1px solid #FF3E41}.columns-row.seperator .col.col-lg-4:not(:last-child)::after,.columns-row.seperator .col.col-lg-3:not(:last-child)::after,.columns-row.seperator .col.col-lg-6:not(:last-child)::after{display:none !important}}.columns-row.seperator .col.col-xl-4:not(:last-child)::after,.columns-row.seperator .col.col-xl-3:not(:last-child)::after,.columns-row.seperator .col.col-xl-6:not(:last-child)::after{content:'';position:absolute;bottom:0;left:24px;width:calc(100% - 48px);height:1px;background-color:#FF3E41}@media (min-width: 1380px){.columns-row.seperator .col.col-xl-4:not(:last-child),.columns-row.seperator .col.col-xl-3:not(:last-child),.columns-row.seperator .col.col-xl-6:not(:last-child){border-right:1px solid #FF3E41}.columns-row.seperator .col.col-xl-4:not(:last-child)::after,.columns-row.seperator .col.col-xl-3:not(:last-child)::after,.columns-row.seperator .col.col-xl-6:not(:last-child)::after{display:none !important}}\n<\/style>\n<div class=\"wp-block-custom-column col col-12 col-lg-8\">\n<div class=\"wp-block-custom-spacing spacing-element spacing-mobile--small spacing-tablet--small spacing-small-desktop--small spacing-desktop--small\"><\/div>\n\n\n\n<h2 class=\"wp-block-heading\" class=\"wp-block-heading\" id=\"la-qualit%c3%a9-de-nos-produits-et-services-est-une-priorit%c3%a9-absolue\">La qualit\u00e9 de nos produits et services est une priorit\u00e9 absolue.<\/h2>\n\n\n\n<p>Nous travaillons constamment \u00e0 l&#8217;am\u00e9lioration des processus et donc \u00e0 l&#8217;optimisation de nos produits et services.<\/p>\n<\/div>\n<\/div>\n\n\n\n<div class=\"wp-block-custom-columns columns-row row small-gutter\">\n<div class=\"wp-block-custom-column col col-6 col-lg-4 col-xl-2\"><\/div>\n\n\n\n<div class=\"wp-block-custom-column col col-6 col-lg-4 col-xl-2\"><style>.wp-block-cover{border-radius:16px}.wp-block-cover .wp-block-image{border-radius:0}\n<\/style>\n<div class=\"wp-block-cover is-light\" style=\"min-height:10rem;aspect-ratio:unset;\"><span aria-hidden=\"true\" class=\"wp-block-cover__background has-light-grey-background-color has-background-dim-100 has-background-dim\"><\/span><div class=\"wp-block-cover__inner-container is-layout-constrained wp-block-cover-is-layout-constrained\">\n<figure class=\"wp-block-image aligncenter size-full\"><img loading=\"lazy\" decoding=\"async\" width=\"80\" height=\"66\" src=\"https:\/\/primion.io\/wp-content\/uploads\/2025\/01\/BHE_logo.png\" alt=\"\" class=\"wp-image-1803\"><\/figure>\n<\/div><\/div>\n<\/div>\n\n\n\n<div class=\"wp-block-custom-column col col-6 col-lg-4 col-xl-2\">\n<div class=\"wp-block-cover is-light\" style=\"min-height:10rem;aspect-ratio:unset;\"><span aria-hidden=\"true\" class=\"wp-block-cover__background has-light-grey-background-color has-background-dim-100 has-background-dim\"><\/span><div class=\"wp-block-cover__inner-container is-layout-constrained wp-block-cover-is-layout-constrained\">\n<figure class=\"wp-block-image aligncenter size-full\"><img loading=\"lazy\" decoding=\"async\" width=\"122\" height=\"44\" src=\"https:\/\/primion.io\/wp-content\/uploads\/2025\/01\/AXIS_logo.png\" alt=\"\" class=\"wp-image-1808\"><\/figure>\n<\/div><\/div>\n<\/div>\n\n\n\n<div class=\"wp-block-custom-column col col-6 col-lg-4 col-xl-2\">\n<div class=\"wp-block-cover is-light\" style=\"min-height:10rem;aspect-ratio:unset;\"><span aria-hidden=\"true\" class=\"wp-block-cover__background has-light-grey-background-color has-background-dim-100 has-background-dim\"><\/span><div class=\"wp-block-cover__inner-container is-layout-constrained wp-block-cover-is-layout-constrained\">\n<figure class=\"wp-block-image aligncenter size-full\"><img loading=\"lazy\" decoding=\"async\" width=\"76\" height=\"66\" src=\"https:\/\/primion.io\/wp-content\/uploads\/2025\/01\/milestone_logo.png\" alt=\"\" class=\"wp-image-1813\"><\/figure>\n<\/div><\/div>\n<\/div>\n\n\n\n<div class=\"wp-block-custom-column col col-6 col-lg-4 col-xl-2\">\n<div class=\"wp-block-cover is-light\" style=\"min-height:10rem;aspect-ratio:unset;\"><span aria-hidden=\"true\" class=\"wp-block-cover__background has-light-grey-background-color has-background-dim-100 has-background-dim\"><\/span><div class=\"wp-block-cover__inner-container is-layout-constrained wp-block-cover-is-layout-constrained\">\n<figure class=\"wp-block-image aligncenter size-full\"><img loading=\"lazy\" decoding=\"async\" width=\"68\" height=\"68\" src=\"https:\/\/primion.io\/wp-content\/uploads\/2025\/01\/VdS_Schadenverhutung_logo-1.png\" alt=\"\" class=\"wp-image-1818\"><\/figure>\n<\/div><\/div>\n<\/div>\n\n\n\n<div class=\"wp-block-custom-column col col-6 col-lg-4 col-xl-2\"><\/div>\n<\/div>\n\n\n\n<div class=\"wp-block-custom-spacing spacing-element spacing-mobile--small spacing-tablet--small spacing-small-desktop--small spacing-desktop--small\"><\/div>\n\n\n\n<section class=\"wp-block-custom-container alignwide block-content  has-light-dark-background-color\" style=\"background-color:light-dark(#EFEFEF, #1D262F)\"><div class=\"container container--wide\"><div class=\"container__body\">\n<h3 class=\"wp-block-heading\">Qualit\u00e9<\/h3>\n\n\n\n<p>conform\u00e9ment \u00e0 la norme DIN EN ISO 9001<\/p>\n\n\n\n<ul class=\"wp-block-list\">\n<li><a href=\"https:\/\/primion.io\/wp-content\/uploads\/2025\/03\/Certificat_ISO_9001-2015_Primion_2028_fr.pdf\" data-type=\"attachment\" data-id=\"5285\" target=\"_blank\" rel=\"noreferrer noopener\">2015 (2028) &#8211; Site \u00e0 Stetten a.k.M.<\/a><\/li>\n\n\n\n<li><a href=\"https:\/\/primion.io\/wp-content\/uploads\/2025\/03\/Certificat_ISO_9001-2015_GET_2028_fr.pdf\" data-type=\"attachment\" data-id=\"5443\" target=\"_blank\" rel=\"noreferrer noopener\">2015 (2028) &#8211; Site \u00e0 Malle<\/a><\/li>\n\n\n\n<li><a href=\"https:\/\/primion.io\/wp-content\/uploads\/2025\/03\/Certificat_ISO_9001-2015_Primion_Sites_2028_fr.pdf\" data-type=\"attachment\" data-id=\"5290\" target=\"_blank\" rel=\"noreferrer noopener\">2015 (2028) &#8211; Tous les sites<\/a><\/li>\n<\/ul>\n<\/div><\/div><\/section>\n\n\n\n<div class=\"wp-block-custom-spacing spacing-element spacing-mobile--small spacing-tablet--small spacing-small-desktop--small spacing-desktop--small\"><\/div>\n\n\n\n<section class=\"wp-block-custom-container alignwide block-content  has-light-dark-background-color\" style=\"background-color:light-dark(#EFEFEF, #1D262F)\"><div class=\"container container--wide\"><div class=\"container__body\">\n<h3 class=\"wp-block-heading\">Environnement<\/h3>\n\n\n\n<p>conform\u00e9ment \u00e0 la norme DIN EN ISO 14001<\/p>\n\n\n\n<ul class=\"wp-block-list\">\n<li><a href=\"https:\/\/primion.io\/wp-content\/uploads\/2025\/03\/Certificat_ISO_14001-2015_Primion_2028_fr.pdf\" data-type=\"attachment\" data-id=\"5295\" target=\"_blank\" rel=\"noreferrer noopener\">2015 (2028) &#8211; Site \u00e0 Stetten a.k.M.<\/a><\/li>\n\n\n\n<li><a href=\"https:\/\/primion.io\/wp-content\/uploads\/2025\/03\/Certificat_ISO_14001-2015_GET_2028_fr.pdf\" data-type=\"attachment\" data-id=\"5448\" target=\"_blank\" rel=\"noreferrer noopener\">2015 (2028) &#8211; Site \u00e0 Malle<\/a><\/li>\n\n\n\n<li><a href=\"https:\/\/primion.io\/wp-content\/uploads\/2025\/03\/Certificat_ISO_14001-2015_Primion_Sites_2028_fr.pdf\" data-type=\"attachment\" data-id=\"5300\" target=\"_blank\" rel=\"noreferrer noopener\">2015 (2028) &#8211; Tous les sites<\/a><\/li>\n<\/ul>\n<\/div><\/div><\/section>\n\n\n\n<div class=\"wp-block-custom-spacing spacing-element spacing-mobile--small spacing-tablet--small spacing-small-desktop--small spacing-desktop--small\"><\/div>\n\n\n\n<section class=\"wp-block-custom-container alignwide block-content  has-light-dark-background-color\" style=\"background-color:light-dark(#EFEFEF, #1D262F)\"><div class=\"container container--wide\"><div class=\"container__body\">\n<h3 class=\"wp-block-heading\">Gestion des services informatiques<\/h3>\n\n\n\n<p>conform\u00e9ment \u00e0 la norme ISO\/IEC 20000-1<\/p>\n\n\n\n<ul class=\"wp-block-list\">\n<li><a href=\"https:\/\/primion.io\/wp-content\/uploads\/2025\/03\/Certificat_ISO_IEC_20000-1_2018_PrimionSites_2027_fr.pdf\" target=\"_blank\" data-type=\"attachment\" data-id=\"5310\" rel=\"noreferrer noopener\">2018 (2027) &#8211; Site \u00e0 Stetten a.k.M.<\/a><\/li>\n\n\n\n<li><a href=\"https:\/\/primion.io\/wp-content\/uploads\/2025\/03\/Certificat_ISO_IEC_20000-1_2018_GET_2027_fr.pdf\" data-type=\"attachment\" data-id=\"5458\" target=\"_blank\" rel=\"noreferrer noopener\">2018 (2027) &#8211; Site \u00e0 Malle<\/a><\/li>\n\n\n\n<li><a href=\"https:\/\/primion.io\/wp-content\/uploads\/2025\/03\/Certificat_ISO_IEC_20000-1_2018_PrimionSites_2027_fr.pdf\" target=\"_blank\" data-type=\"attachment\" data-id=\"5310\" rel=\"noreferrer noopener\">2018 (2027) &#8211; Tous les sites<\/a><\/li>\n<\/ul>\n<\/div><\/div><\/section>\n\n\n\n<div class=\"wp-block-custom-spacing spacing-element spacing-mobile--small spacing-tablet--small spacing-small-desktop--small spacing-desktop--small\"><\/div>\n\n\n\n<section class=\"wp-block-custom-container alignwide block-content  has-light-dark-background-color\" style=\"background-color:light-dark(#EFEFEF, #1D262F)\"><div class=\"container container--wide\"><div class=\"container__body\">\n<h3 class=\"wp-block-heading\">S\u00e9curit\u00e9 de l&#8217;information<\/h3>\n\n\n\n<p>conform\u00e9ment \u00e0 la norme DIN EN ISO\/IEC 27001<\/p>\n\n\n\n<ul class=\"wp-block-list\">\n<li><a href=\"https:\/\/primion.io\/wp-content\/uploads\/2025\/03\/Certificat_ISO_IEC_27001-2017_primion_2025_fr.pdf\" data-type=\"attachment\" data-id=\"5315\" target=\"_blank\" rel=\"noreferrer noopener\">2022 (2028) &#8211; Site \u00e0 Stetten a.k.M.<\/a><\/li>\n\n\n\n<li><a href=\"https:\/\/primion.io\/wp-content\/uploads\/2025\/03\/Certificat_ISO_IEC_27001_2017_primionBE_2025_fr.pdf\" data-type=\"attachment\" data-id=\"5453\" target=\"_blank\" rel=\"noreferrer noopener\">2022 (2028) &#8211; Site \u00e0 Malle<\/a><\/li>\n\n\n\n<li><a href=\"https:\/\/primion.io\/wp-content\/uploads\/2025\/03\/Certificat_ISO_IEC_27001_2017_PrimionSites_2027_fr.pdf\" data-type=\"attachment\" data-id=\"5435\" target=\"_blank\" rel=\"noreferrer noopener\">2022 (2028) &#8211; Tous les sites<\/a><\/li>\n<\/ul>\n<\/div><\/div><\/section>\n\n\n\n<div class=\"wp-block-custom-spacing spacing-element spacing-mobile--small spacing-tablet--small spacing-small-desktop--small spacing-desktop--small\"><\/div>\n\n\n\n<section class=\"wp-block-custom-container alignwide block-content  has-light-dark-background-color\" style=\"background-color:light-dark(#EFEFEF, #1D262F)\"><div class=\"container container--wide\"><div class=\"container__body\">\n<h3 class=\"wp-block-heading\">Sant\u00e9 et s\u00e9curit\u00e9 au travail<\/h3>\n\n\n\n<p>conform\u00e9ment \u00e0 la norme DIN ISO 45001<\/p>\n\n\n\n<ul class=\"wp-block-list\">\n<li><a href=\"https:\/\/primion.io\/wp-content\/uploads\/2025\/01\/Certificate_ISO_45001_2018_Primion_2027_en.pdf\" target=\"_blank\" rel=\"noreferrer noopener\">2018 (2027) &#8211; Stetten a.k.M et Leinfelden-Echterdingen<\/a><\/li>\n<\/ul>\n<\/div><\/div><\/section>\n\n\n\n<div class=\"wp-block-custom-spacing spacing-element spacing-mobile--small spacing-tablet--small spacing-small-desktop--small spacing-desktop--small\"><\/div>\n\n\n\n<section class=\"wp-block-custom-container alignwide block-content  has-light-dark-background-color\" style=\"background-color:light-dark(#EFEFEF, #1D262F)\"><div class=\"container container--wide\"><div class=\"container__body\">\n<h3 class=\"wp-block-heading\">Certificats suppl\u00e9mentaires<\/h3>\n\n\n\n<ul class=\"wp-block-list\">\n<li><a href=\"https:\/\/primion.io\/wp-content\/uploads\/2025\/03\/ACI_EUROPE_Membership_Certificate_Primion.pdf\" target=\"_blank\" rel=\"noreferrer noopener\">ACI EUROPE World Business Partner \u2013 Gold Business Member<\/a><\/li>\n\n\n\n<li><a href=\"https:\/\/primion.io\/wp-content\/uploads\/2025\/01\/Axis_Solution-Silver-Partner_2016.pdf\" target=\"_blank\" rel=\"noreferrer noopener\">Axis Solution Silver Partner<\/a><\/li>\n\n\n\n<li><a href=\"https:\/\/primion.io\/wp-content\/uploads\/2025\/02\/Milestone_Gold_Channel_Partner_Zertifikat_en.pdf\" target=\"_blank\" data-type=\"attachment\" data-id=\"5064\" rel=\"noreferrer noopener\">Milestone Gold Channel Partner<\/a><\/li>\n<\/ul>\n<\/div><\/div><\/section>\n\n\n\n<div class=\"wp-block-custom-spacing spacing-element spacing-mobile--small spacing-tablet--small spacing-small-desktop--small spacing-desktop--small\"><\/div>\n<\/div><\/div><\/section>\n\n\n\n<p><\/p>\n","protected":false},"excerpt":{"rendered":"","protected":false},"author":1,"featured_media":0,"parent":2890,"menu_order":0,"comment_status":"closed","ping_status":"closed","template":"","meta":{"_acf_changed":false,"footnotes":""},"class_list":["post-2821","page","type-page","status-publish","hentry"],"acf":[],"_links":{"self":[{"href":"https:\/\/primion.io\/fr\/wp-json\/wp\/v2\/pages\/2821","targetHints":{"allow":["GET"]}}],"collection":[{"href":"https:\/\/primion.io\/fr\/wp-json\/wp\/v2\/pages"}],"about":[{"href":"https:\/\/primion.io\/fr\/wp-json\/wp\/v2\/types\/page"}],"author":[{"embeddable":true,"href":"https:\/\/primion.io\/fr\/wp-json\/wp\/v2\/users\/1"}],"replies":[{"embeddable":true,"href":"https:\/\/primion.io\/fr\/wp-json\/wp\/v2\/comments?post=2821"}],"version-history":[{"count":4,"href":"https:\/\/primion.io\/fr\/wp-json\/wp\/v2\/pages\/2821\/revisions"}],"predecessor-version":[{"id":9352,"href":"https:\/\/primion.io\/fr\/wp-json\/wp\/v2\/pages\/2821\/revisions\/9352"}],"up":[{"embeddable":true,"href":"https:\/\/primion.io\/fr\/wp-json\/wp\/v2\/pages\/2890"}],"wp:attachment":[{"href":"https:\/\/primion.io\/fr\/wp-json\/wp\/v2\/media?parent=2821"}],"curies":[{"name":"wp","href":"https:\/\/api.w.org\/{rel}","templated":true}]}}