{"id":10091,"date":"2026-02-02T09:49:44","date_gmt":"2026-02-02T08:49:44","guid":{"rendered":"https:\/\/primion.io\/?page_id=10091"},"modified":"2026-03-03T11:02:44","modified_gmt":"2026-03-03T10:02:44","slug":"asis-europe-2026","status":"publish","type":"page","link":"https:\/\/primion.io\/fr\/asis-europe-2026\/","title":{"rendered":"ASIS Europe 2026"},"content":{"rendered":"\n<section class=\"wp-block-custom-container alignwide block-content  block-content--spacing-top block-content--spacing-bottom\"><style>.block-content{position:relative;border-bottom:1px solid light-dark(#EFEFEF, #243A4D)}.block-content:only-child{border-bottom:0}.block-content--spacing-top{padding-top:4.8rem}@media (min-width: 992px){.block-content--spacing-top{padding-top:9.6rem}}.block-content--spacing-bottom{padding-bottom:2.4rem}@media (min-width: 992px){.block-content--spacing-bottom{padding-bottom:7.2rem}}.block-content--margin-top{margin-top:4.8rem}@media (min-width: 992px){.block-content--margin-top{margin-top:9.6rem}}.block-content--margin-bottom{margin-bottom:4.8rem}@media (min-width: 992px){.block-content--margin-bottom{margin-bottom:9.6rem}}.block-content .container{position:relative;z-index:1}.block-content .container--full{padding:0}.block-content .container .block-content{display:flex;border-bottom:0;border-radius:16px}.block-content .container .block-content .container{padding:2.4rem;padding-bottom:2px}.block-content .container .block-content .container h1,.block-content .container .block-content .container h2,.block-content .container .block-content .container h3,.block-content .container .block-content .container h4,.block-content .container .block-content .container h5,.block-content .container .block-content .container h6,.block-content .container .block-content .container .h1,.block-content .container .block-content .container .h2,.block-content .container .block-content .container .h3,.block-content .container .block-content .container .h4,.block-content .container .block-content .container .h5,.block-content .container .block-content .container .h6{margin-bottom:1.6rem}.block-content .container .col:not(:only-child) .block-content:only-child,.block-content .container .col:not(:only-child) .container:only-child{min-height:100%}.block-content .container-overlay{position:absolute;z-index:0;top:0;right:0;bottom:0;left:0}.block-content.has-primary-background-color:not(:has(.container)){padding:3.2rem 0 !important}.block-content.has-primary-background-color .container{padding:3.2rem !important}.block-content.has-primary-background-color .wp-block-buttons>.wp-block-button:last-child{margin-bottom:0}\n<\/style><div class=\"container container--wide\"><div class=\"container__body\"><style>:where(.wp-block-columns.is-layout-flex){gap:0 !important}@media (min-width: 782px){:where(.wp-block-columns.is-layout-flex){gap:2.4rem !important}}@media (min-width: 1200px){:where(.wp-block-columns.is-layout-flex){gap:4.8rem !important}}\n<\/style>\n<div class=\"wp-block-columns is-layout-flex wp-container-core-columns-is-layout-9d6595d7 wp-block-columns-is-layout-flex\">\n<div class=\"wp-block-column is-layout-flow wp-block-column-is-layout-flow\" style=\"flex-basis:75%\">\n<p><nav aria-label=\"breadcrumbs\" class=\"rank-math-breadcrumb\"><p><span class=\"last\">Home<\/span><\/p><\/nav><\/p>\n\n\n\n<h1 class=\"wp-block-heading\">Rejoignez Primion \u00e0 ASIS EUROPE 2026<\/h1>\n\n\n\n<p><strong><strong>Convergez votre s\u00e9curit\u00e9. Ma\u00eetrisez les risques. Renforcez votre r\u00e9silience.<\/strong><\/strong><\/p>\n\n\n\n<p>Dans un contexte o\u00f9 les menaces num\u00e9riques et physiques ne cessent de se rapprocher, <strong>ASIS EUROPE 2026<\/strong> s\u2019impose comme l\u2019\u00e9v\u00e9nement incontournable pour les leaders de la s\u00e9curit\u00e9 souhaitant passer d\u2019une approche fragment\u00e9e \u00e0 une vision pleinement int\u00e9gr\u00e9e. Plac\u00e9e sous le th\u00e8me <strong>\u00ab Du risque \u00e0 la r\u00e9silience \u00bb<\/strong>, cette \u00e9dition met l\u2019accent sur la convergence entre identit\u00e9, acc\u00e8s et op\u00e9rations critiques, afin de permettre aux organisations d\u2019\u00e9liminer les angles morts et de prendre des d\u00e9cisions en toute confiance.<\/p>\n\n\n\n<p>Aux c\u00f4t\u00e9s de plus de <strong>1 000 participants<\/strong> r\u00e9unis au <strong>Centre Elisabeth<\/strong>, vous explorerez comment transformer votre strat\u00e9gie de s\u00e9curit\u00e9 gr\u00e2ce \u00e0 une <strong>visibilit\u00e9 unifi\u00e9e<\/strong>, reliant identit\u00e9 num\u00e9rique et identit\u00e9 physique pour anticiper les risques plus rapidement. Cette approche int\u00e9gr\u00e9e favorise une <strong>r\u00e9ponse coordonn\u00e9e<\/strong>, renforce la pr\u00e9paration via des \u00e9cosyst\u00e8mes automatis\u00e9s et stimule la <strong>croissance strat\u00e9gique<\/strong> en passant d\u2019une s\u00e9curit\u00e9 r\u00e9active \u00e0 une r\u00e9silience proactive \u2013 une r\u00e9silience qui accompagne les processus m\u00e9tiers au lieu de les freiner.<\/p>\n\n\n\n<ul class=\"wp-block-list\">\n<li><strong>Lieu: <\/strong>Centre Elisabeth Anvers, Belgique<\/li>\n\n\n\n<li><strong>Dates:<\/strong> 23\u201325 mars 2026<\/li>\n<\/ul>\n\n\n\n<div class=\"wp-block-custom-spacing spacing-element spacing-mobile--small spacing-tablet--small spacing-small-desktop--small spacing-desktop--small\"><\/div>\n\n\n\n<div class=\"wp-block-buttons is-horizontal is-content-justification-left is-layout-flex wp-container-core-buttons-is-layout-92fc3979 wp-block-buttons-is-layout-flex\"><style>.wp-block-button{margin:0 0 2.4rem;width:100%}@media (min-width: 782px){.wp-block-button{width:unset}}.wp-block-button.align-center{text-align:center}.wp-block-button.align-right{text-align:right}.wp-block-buttons>.wp-block-button{margin-bottom:2.4rem}.wp-block-button__link{position:relative;display:inline-block;padding:1rem 4.4rem 1rem 1.6rem;width:100%;color:#fff !important;font-weight:600;text-align:left;text-decoration:none;min-height:4rem;border:2px solid #FF3E41;border-radius:100px;background-color:#FF3E41;cursor:pointer;font-size:1.6rem;line-height:1}@media (min-width: 782px){.wp-block-button__link{width:unset}}.wp-block-button__link:empty::after{right:8px;width:1.8rem;height:1.8rem;mask-image:url(\"https:\/\/primion.io\/wp-content\/themes\/ATLAS\/images\/svg\/chevron-right-white.svg\")}.wp-block-button__link::after{content:'';position:absolute;top:50%;right:12px;transform:translateY(-50%);width:1.8rem;height:1.8rem;mask-image:url(\"https:\/\/primion.io\/wp-content\/themes\/ATLAS\/images\/svg\/chevron-right-white.svg\");mask-size:contain;mask-repeat:no-repeat;mask-position:center center;background-color:#fff;transition:background-color .2s}.wp-block-button__link:has(img) img{position:absolute;top:50%;right:8px;transform:translateY(-50%);width:2.4rem;height:2.4rem}.wp-block-button__link:has(img)::after{display:none}.wp-block-button:not(.is-style-link-only):not(.is-style-outline):not(.is-style-fill-secondary) .wp-block-button__link:hover,.wp-block-button:not(.is-style-link-only):not(.is-style-outline):not(.is-style-fill-secondary) .wp-block-button__link:focus{color:#fff !important;border-color:#68727F;background-color:#68727F}.has-light-dark-background-color .wp-block-button:not(.is-style-link-only):not(.is-style-outline):not(.is-style-fill-secondary) .wp-block-button__link:hover,.has-light-dark-background-color .wp-block-button:not(.is-style-link-only):not(.is-style-outline):not(.is-style-fill-secondary) .wp-block-button__link:focus{border-color:light-dark(#243A4D, #000);background-color:light-dark(#243A4D, #000)}.wp-block-button .wp-block-button__link{transition:.2s}.is-style-fill-secondary .wp-block-button__link{border-color:#243A4D;background-color:#243A4D}.is-style-fill-secondary .wp-block-button__link:hover,.is-style-fill-secondary .wp-block-button__link:focus{color:#fff !important;border-color:#FF3E41;background-color:#FF3E41}.is-style-outline .wp-block-button__link{padding:1rem 4.4rem 1rem 1.6rem;color:#FF3E41 !important;border:2px solid #FF3E41;background-color:transparent;transition:.2s;transition-property:color, border-color}.is-style-outline .wp-block-button__link::after{background-color:#FF3E41}.is-style-outline .wp-block-button__link:hover,.is-style-outline .wp-block-button__link:focus{color:light-dark(#243A4D, #EFEFEF) !important;border-color:light-dark(#243A4D, #EFEFEF);background-color:transparent}.is-style-outline .wp-block-button__link:hover::after,.is-style-outline .wp-block-button__link:focus::after{background-color:light-dark(#243A4D, #EFEFEF)}.is-style-link-only .wp-block-button__link{width:unset !important;min-width:0;min-height:0;padding:0;padding-right:4rem;font-weight:600;color:#FF3E41 !important;border:none;background-color:transparent;transition:color .2s,text-decoration-color .2s}.is-style-link-only .wp-block-button__link::after{background-color:#FF3E41}.is-style-link-only .wp-block-button__link:hover,.is-style-link-only .wp-block-button__link:focus{color:light-dark(#243A4D, #EFEFEF) !important;background-color:transparent !important}.is-style-link-only .wp-block-button__link:hover::after,.is-style-link-only .wp-block-button__link:focus::after{background-color:light-dark(#243A4D, #EFEFEF)}\n<\/style>\n<div class=\"wp-block-button\"><a class=\"wp-block-button__link wp-element-button\" href=\"https:\/\/asiseurope.org\/\" target=\"_blank\" rel=\"noreferrer noopener nofollow\">D\u00e9couvrez ASIS Europe<\/a><\/div>\n<\/div>\n<\/div>\n\n\n\n<div class=\"wp-block-column is-layout-flow wp-block-column-is-layout-flow\" style=\"flex-basis:25%\"><style>.wp-block-image{border-radius:16px;overflow:hidden}.wp-block-image img{width:100%}.wp-block-image .wp-element-caption{margin:0;padding:2.4rem;color:#fff;background-color:#243A4D;font-size:inherit;line-height:inherit;text-align:left}\n<\/style>\n<figure class=\"wp-block-image size-full is-style-default\"><img loading=\"lazy\" decoding=\"async\" width=\"1266\" height=\"2560\" src=\"https:\/\/primion.io\/wp-content\/uploads\/2026\/01\/IMG_0020-Edited-1-scaled.png\" alt=\"\" class=\"wp-image-9671\" srcset=\"https:\/\/primion.io\/wp-content\/uploads\/2026\/01\/IMG_0020-Edited-1-scaled.png 1266w, https:\/\/primion.io\/wp-content\/uploads\/2026\/01\/IMG_0020-Edited-1-148x300.png 148w, https:\/\/primion.io\/wp-content\/uploads\/2026\/01\/IMG_0020-Edited-1-506x1024.png 506w, https:\/\/primion.io\/wp-content\/uploads\/2026\/01\/IMG_0020-Edited-1-768x1553.png 768w, https:\/\/primion.io\/wp-content\/uploads\/2026\/01\/IMG_0020-Edited-1-760x1536.png 760w, https:\/\/primion.io\/wp-content\/uploads\/2026\/01\/IMG_0020-Edited-1-1013x2048.png 1013w\" sizes=\"auto, (max-width: 1266px) 100vw, 1266px\" \/><\/figure>\n<\/div>\n<\/div>\n<\/div><\/div><\/section>\n\n\n\n<section class=\"wp-block-custom-container alignwide block-content  block-content--spacing-top block-content--spacing-bottom\"><div class=\"container container--wide\"><div class=\"container__body\">\n<section class=\"wp-block-custom-container alignwide block-content has-primary-background-color\" style=\"background-color:#FF3E41\"><div class=\"container container--wide\"><div class=\"container__body\">\n<div class=\"wp-block-custom-spacing spacing-element spacing-mobile--small spacing-tablet--small spacing-small-desktop--small spacing-desktop--small\"><\/div>\n\n\n\n<div class=\"wp-block-columns are-vertically-aligned-center is-layout-flex wp-container-core-columns-is-layout-9d6595d7 wp-block-columns-is-layout-flex\">\n<div class=\"wp-block-column is-vertically-aligned-center is-layout-flow wp-block-column-is-layout-flow\" style=\"flex-basis:75%\">\n<h2 class=\"wp-block-heading has-text-align-left has-light-background-color has-text-color has-link-color wp-elements-3746207f30c10fa24fc517c3937ceb34\" class=\"wp-block-heading has-text-align-left has-light-background-color has-text-color has-link-color wp-elements-3746207f30c10fa24fc517c3937ceb34\" id=\"du-contr%c3%b4le-dacc%c3%a8s-%c3%a0-lavantage-humain-repenser-la-s%c3%a9curit%c3%a9-%c3%a0-l%c3%a8re-des-personnes\"><strong>Du contr\u00f4le d\u2019acc\u00e8s \u00e0 l\u2019avantage humain :<\/strong><br><strong>repenser la s\u00e9curit\u00e9 \u00e0 l\u2019\u00e8re des personnes<\/strong><\/h2>\n\n\n\n<p class=\"has-light-background-color has-text-color has-link-color wp-elements-87f82190ff72511532ee98a193b82ae0\">La s\u00e9curit\u00e9 a longtemps \u00e9t\u00e9 d\u00e9finie par ce qu\u2019elle emp\u00eache. Mais \u00e0 une \u00e9poque o\u00f9 la mobilit\u00e9 des talents, le travail hybride et l\u2019agilit\u00e9 op\u00e9rationnelle d\u00e9terminent la r\u00e9ussite, ce mod\u00e8le doit \u00e9voluer. Cette keynote invite les responsables de la s\u00e9curit\u00e9 \u00e0 repenser le contr\u00f4le d\u2019acc\u00e8s \u2013 non plus comme une barri\u00e8re \u2013 mais comme un levier qui unifie et dynamise l\u2019ensemble des collaborateurs. En int\u00e9grant les identit\u00e9s num\u00e9riques et physiques \u00e0 travers sites, syst\u00e8mes et plannings, les organisations peuvent offrir une exp\u00e9rience fluide \u00e0 chaque membre du personnel : temporaire ou permanent, sur le terrain ou au bureau.<\/p>\n\n\n\n<p class=\"has-light-background-color has-text-color has-link-color wp-elements-64419079c124a775a2a6c72bd91e62af\">Nous verrons comment une s\u00e9curit\u00e9 pens\u00e9e autour des personnes \u2013 et non des restrictions \u2013 r\u00e9duit les failles, tout en permettant aux employ\u00e9s de se d\u00e9placer, collaborer et travailler en toute confiance. Le r\u00e9sultat : une strat\u00e9gie de s\u00e9curit\u00e9 qui ne se limite pas \u00e0 prot\u00e9ger les individus, les actifs et les donn\u00e9es, mais qui pr\u00e9serve aussi la continuit\u00e9 op\u00e9rationnelle et l\u2019\u00e9nergie humaine qui font avancer les entreprises. Car la r\u00e9silience ne consiste pas seulement \u00e0 g\u00e9rer les risques \u2013 elle consiste aussi \u00e0 donner les moyens aux collaborateurs d\u2019aller plus loin.<\/p>\n\n\n\n<p class=\"has-light-background-color has-text-color has-link-color wp-elements-7f3dbe42b55f05f734e3881b78fd6406\"><strong>Mercredi, 25 mars, 10h00 \u2013 10h20, Innovation Track Stage<\/strong><\/p>\n<\/div>\n\n\n\n<div class=\"wp-block-column is-vertically-aligned-center is-layout-flow wp-block-column-is-layout-flow\" style=\"flex-basis:25%\">\n<figure class=\"wp-block-image size-full is-style-default\"><img loading=\"lazy\" decoding=\"async\" width=\"750\" height=\"1000\" src=\"https:\/\/primion.io\/wp-content\/uploads\/2026\/01\/Francis-Cepero.webp\" alt=\"\" class=\"wp-image-9387\" srcset=\"https:\/\/primion.io\/wp-content\/uploads\/2026\/01\/Francis-Cepero.webp?t=1775555075 750w, https:\/\/primion.io\/wp-content\/uploads\/2026\/01\/Francis-Cepero-225x300.webp?t=1775555075 225w\" sizes=\"auto, (max-width: 750px) 100vw, 750px\" \/><figcaption class=\"wp-element-caption\">Francis Cepero, CEO Primion<\/figcaption><\/figure>\n<\/div>\n<\/div>\n<\/div><\/div><\/section>\n<\/div><\/div><\/section>\n\n\n\n<section class=\"wp-block-custom-container alignwide block-content  block-content--spacing-top block-content--spacing-bottom\"><div class=\"container container--wide\"><div class=\"container__body\">\n<div class=\"wp-block-custom-spacing spacing-element spacing-mobile--small spacing-tablet--small spacing-small-desktop--small spacing-desktop--small\"><\/div>\n\n\n\n<div class=\"wp-block-columns is-layout-flex wp-container-core-columns-is-layout-9d6595d7 wp-block-columns-is-layout-flex\">\n<div class=\"wp-block-column is-layout-flow wp-block-column-is-layout-flow\">\n<h2 class=\"wp-block-heading\" class=\"wp-block-heading\" id=\"retrouvez-nous-au-stand-a8\">Retrouvez\u2011nous au stand A8<\/h2>\n\n\n\n<p>D\u00e9couvrez nos derni\u00e8res innovations directement sur le <strong>stand A8<\/strong>. Nous y pr\u00e9sentons notre solution de <strong>Critical Event Management<\/strong>, con\u00e7ue pour prot\u00e9ger ce qui compte le plus : vos \u00e9quipes, vos infrastructures et vos donn\u00e9es.<\/p>\n\n\n\n<p><strong><strong>Ce qui vous attend sur notre stand :<\/strong><\/strong><\/p>\n\n\n\n<ul class=\"wp-block-list\">\n<li><strong>D\u00e9monstrations en direct :<\/strong> Voyez notre solution de Critical Event Management en action.<\/li>\n\n\n\n<li><strong><strong>\u00c9changes avec nos experts<\/strong> :<\/strong> Discutez de vos enjeux sp\u00e9cifiques avec notre \u00e9quipe.<\/li>\n\n\n\n<li><strong>Opportunit\u00e9s de networking :<\/strong> Profitez de plus de <strong>12 heures<\/strong> de rencontres et d\u2019\u00e9changes de qualit\u00e9.<br><\/li>\n<\/ul>\n<\/div>\n\n\n\n<div class=\"wp-block-column is-layout-flow wp-block-column-is-layout-flow\">\n<section class=\"wp-block-custom-container alignwide block-content has-light-grey-dark-grey-background-color has-light-dark-background-color\" style=\"background-color:light-dark(#EFEFEF, #243A4D)\"><div class=\"container container--wide\"><div class=\"container__body\">\n<h2 class=\"wp-block-heading\" class=\"wp-block-heading\" id=\"informations-pratiques\">Informations pratiques<\/h2>\n\n\n\n<p><br><strong>Adresse du lieu :<\/strong> <br><br>Centre Elisabeth Anvers<br>Koningin Astridplein 20-26, 2018 Anvers, Belgique<\/p>\n\n\n\n<p><br><strong>Horaires d&#8217;ouverture :<\/strong><\/p>\n\n\n\n<ul class=\"wp-block-list\">\n<li><strong>R\u00e9ception de bienvenue :<\/strong> 23 mars, 18h00 \u2013 20h00<\/li>\n\n\n\n<li><strong>Exposition:<\/strong> 24 et 25 mars<\/li>\n<\/ul>\n<\/div><\/div><\/section>\n<\/div>\n<\/div>\n<\/div><\/div><\/section>\n","protected":false},"excerpt":{"rendered":"","protected":false},"author":14,"featured_media":0,"parent":0,"menu_order":0,"comment_status":"closed","ping_status":"closed","template":"","meta":{"_acf_changed":false,"footnotes":""},"class_list":["post-10091","page","type-page","status-publish","hentry"],"acf":[],"_links":{"self":[{"href":"https:\/\/primion.io\/fr\/wp-json\/wp\/v2\/pages\/10091","targetHints":{"allow":["GET"]}}],"collection":[{"href":"https:\/\/primion.io\/fr\/wp-json\/wp\/v2\/pages"}],"about":[{"href":"https:\/\/primion.io\/fr\/wp-json\/wp\/v2\/types\/page"}],"author":[{"embeddable":true,"href":"https:\/\/primion.io\/fr\/wp-json\/wp\/v2\/users\/14"}],"replies":[{"embeddable":true,"href":"https:\/\/primion.io\/fr\/wp-json\/wp\/v2\/comments?post=10091"}],"version-history":[{"count":5,"href":"https:\/\/primion.io\/fr\/wp-json\/wp\/v2\/pages\/10091\/revisions"}],"predecessor-version":[{"id":10491,"href":"https:\/\/primion.io\/fr\/wp-json\/wp\/v2\/pages\/10091\/revisions\/10491"}],"wp:attachment":[{"href":"https:\/\/primion.io\/fr\/wp-json\/wp\/v2\/media?parent=10091"}],"curies":[{"name":"wp","href":"https:\/\/api.w.org\/{rel}","templated":true}]}}