{"id":3008,"date":"2025-01-30T11:31:31","date_gmt":"2025-01-30T10:31:31","guid":{"rendered":"https:\/\/primion.io\/product\/prime-time\/"},"modified":"2025-06-16T12:31:07","modified_gmt":"2025-06-16T10:31:07","slug":"prime-time","status":"publish","type":"product","link":"https:\/\/primion.io\/es\/product\/prime-time\/","title":{"rendered":"prime Time"},"content":{"rendered":"","protected":false},"excerpt":{"rendered":"<p>R\u00e1pido y sin complicaciones: Registra de forma fiable los tiempos de trabajo y accede f\u00e1cilmente a an\u00e1lisis completos, in situ o cuando trabajes desde casa.<\/p>\n","protected":false},"featured_media":0,"menu_order":0,"template":"","meta":{"_acf_changed":true},"product-country":[95],"product-type":[94],"class_list":["post-3008","product","type-product","status-publish","hentry","product-country-benelux-es","product-type-software-es"],"acf":[],"_links":{"self":[{"href":"https:\/\/primion.io\/es\/wp-json\/wp\/v2\/product\/3008","targetHints":{"allow":["GET"]}}],"collection":[{"href":"https:\/\/primion.io\/es\/wp-json\/wp\/v2\/product"}],"about":[{"href":"https:\/\/primion.io\/es\/wp-json\/wp\/v2\/types\/product"}],"wp:attachment":[{"href":"https:\/\/primion.io\/es\/wp-json\/wp\/v2\/media?parent=3008"}],"wp:term":[{"taxonomy":"product-country","embeddable":true,"href":"https:\/\/primion.io\/es\/wp-json\/wp\/v2\/product-country?post=3008"},{"taxonomy":"product-type","embeddable":true,"href":"https:\/\/primion.io\/es\/wp-json\/wp\/v2\/product-type?post=3008"}],"curies":[{"name":"wp","href":"https:\/\/api.w.org\/{rel}","templated":true}]}}