{"id":2923,"date":"2022-07-07T08:52:30","date_gmt":"2022-07-07T06:52:30","guid":{"rendered":"https:\/\/primion.io\/pie-de-imprenta\/"},"modified":"2026-02-02T10:00:27","modified_gmt":"2026-02-02T09:00:27","slug":"imprimir","status":"publish","type":"page","link":"https:\/\/primion.io\/es\/imprimir\/","title":{"rendered":"Aviso legal"},"content":{"rendered":"\n<section class=\"wp-block-custom-container alignwide block-content  block-content--spacing-top block-content--spacing-bottom\"><style>.block-content{position:relative;border-bottom:1px solid light-dark(#EFEFEF, #243A4D)}.block-content:only-child{border-bottom:0}.block-content--spacing-top{padding-top:4.8rem}@media (min-width: 992px){.block-content--spacing-top{padding-top:9.6rem}}.block-content--spacing-bottom{padding-bottom:2.4rem}@media (min-width: 992px){.block-content--spacing-bottom{padding-bottom:7.2rem}}.block-content--margin-top{margin-top:4.8rem}@media (min-width: 992px){.block-content--margin-top{margin-top:9.6rem}}.block-content--margin-bottom{margin-bottom:4.8rem}@media (min-width: 992px){.block-content--margin-bottom{margin-bottom:9.6rem}}.block-content .container{position:relative;z-index:1}.block-content .container--full{padding:0}.block-content .container .block-content{display:flex;border-bottom:0;border-radius:16px}.block-content .container .block-content .container{padding:2.4rem;padding-bottom:2px}.block-content .container .block-content .container h1,.block-content .container .block-content .container h2,.block-content .container .block-content .container h3,.block-content .container .block-content .container h4,.block-content .container .block-content .container h5,.block-content .container .block-content .container h6,.block-content .container .block-content .container .h1,.block-content .container .block-content .container .h2,.block-content .container .block-content .container .h3,.block-content .container .block-content .container .h4,.block-content .container .block-content .container .h5,.block-content .container .block-content .container .h6{margin-bottom:1.6rem}.block-content .container .col:not(:only-child) .block-content:only-child,.block-content .container .col:not(:only-child) .container:only-child{min-height:100%}.block-content .container-overlay{position:absolute;z-index:0;top:0;right:0;bottom:0;left:0}.block-content.has-primary-background-color:not(:has(.container)){padding:3.2rem 0 !important}.block-content.has-primary-background-color .container{padding:3.2rem !important}.block-content.has-primary-background-color .wp-block-buttons>.wp-block-button:last-child{margin-bottom:0}\n<\/style><div class=\"container container--wide\"><div class=\"container__body\">\n<div class=\"wp-block-custom-columns columns-row row\"><style>.columns-row--spacing-top{padding-top:4.8rem}@media (min-width: 992px){.columns-row--spacing-top{padding-top:9.6rem}}.columns-row--spacing-bottom{padding-bottom:4.8rem}@media (min-width: 992px){.columns-row--spacing-bottom{padding-bottom:9.6rem}}.columns-row--margin-top{margin-top:4.8rem}@media (min-width: 992px){.columns-row--margin-top{margin-top:9.6rem}}.columns-row--margin-bottom{margin-bottom:4.8rem}@media (min-width: 992px){.columns-row--margin-bottom{margin-bottom:9.6rem}}.columns-row.seperator .col{position:relative}.columns-row.seperator .col.col-lg-4:not(:last-child)::after,.columns-row.seperator .col.col-lg-3:not(:last-child)::after,.columns-row.seperator .col.col-lg-6:not(:last-child)::after{content:'';position:absolute;bottom:0;left:24px;width:calc(100% - 48px);height:1px;background-color:#FF3E41}@media (min-width: 992px){.columns-row.seperator .col.col-lg-4:not(:last-child),.columns-row.seperator .col.col-lg-3:not(:last-child),.columns-row.seperator .col.col-lg-6:not(:last-child){border-right:1px solid #FF3E41}.columns-row.seperator .col.col-lg-4:not(:last-child)::after,.columns-row.seperator .col.col-lg-3:not(:last-child)::after,.columns-row.seperator .col.col-lg-6:not(:last-child)::after{display:none !important}}.columns-row.seperator .col.col-xl-4:not(:last-child)::after,.columns-row.seperator .col.col-xl-3:not(:last-child)::after,.columns-row.seperator .col.col-xl-6:not(:last-child)::after{content:'';position:absolute;bottom:0;left:24px;width:calc(100% - 48px);height:1px;background-color:#FF3E41}@media (min-width: 1380px){.columns-row.seperator .col.col-xl-4:not(:last-child),.columns-row.seperator .col.col-xl-3:not(:last-child),.columns-row.seperator .col.col-xl-6:not(:last-child){border-right:1px solid #FF3E41}.columns-row.seperator .col.col-xl-4:not(:last-child)::after,.columns-row.seperator .col.col-xl-3:not(:last-child)::after,.columns-row.seperator .col.col-xl-6:not(:last-child)::after{display:none !important}}\n<\/style>\n<div class=\"wp-block-custom-column col col-12 col-lg-8 offset-lg-2\">\n<div class=\"wp-block-custom-spacing spacing-element spacing-mobile--small spacing-tablet--small spacing-small-desktop--small spacing-desktop--small\"><\/div>\n\n\n\n<h1 class=\"wp-block-heading\">Aviso legal<\/h1>\n\n\n\n<section class=\"wp-block-custom-container alignwide block-content\"><div class=\"container container--wide\"><div class=\"container__body\"><section class=\"block-toc\">\n    <div class=\"block-toc__wrapper\">\n\n                            <div class=\"block-toc__header\">\n                <h3 class=\"block-toc__title\">\u00cdndice<\/h3>\n            <\/div>\n        \n                <div class=\"block-toc__content\">\n            <ol><li><a href=\"#descargo-de-responsibilidad\">Descargo de responsibilidad<\/a><\/li><li><a href=\"#condiciones-generales-de-primion-technology-slu\">Condiciones generales de Primion Technology SLU<\/a><\/li><\/ol><\/ol>        <\/div>\n            <\/div>\n<\/section>\n\n\n<div class=\"wp-block-custom-spacing spacing-element spacing-mobile--large spacing-tablet--large spacing-small-desktop--large spacing-desktop--large\"><\/div>\n\n\n\n<p><strong>Primion Technology SLU<\/strong><br>Avenida San Silvestre, s\/n<br>31350 Peralta (Navarra)<br>Espa\u00f1a<\/p>\n\n\n\n<p><strong>Contacto:<\/strong><br>Tel: <a href=\"tel:+34934774770\" target=\"_blank\" data-type=\"tel\" data-id=\"tel:+34934774770\" rel=\"noreferrer noopener\">+34 934 774 770<\/a><br>E-mail: <a href=\"mailto:info@primion.es\" target=\"_blank\" rel=\"noreferrer noopener\">info@primion.es<\/a><\/p>\n\n\n\n<p><strong>Inscripci\u00f3n Registral:<\/strong><br>Registro Mercantil de Navarra, Hoja NA-42736, Tomo 2135, Folio 100 N.I.F.: B-63965933<\/p>\n\n\n\n<p><strong>DPO:<\/strong> <a href=\"mailto:support@conreri.de\" target=\"_blank\" rel=\"noreferrer noopener\">support@conreri.de<\/a><\/p>\n\n\n\n<p><strong>Responsable del contenido:<\/strong><br>Primion Technology GmbH<\/p>\n\n\n\n<h2 class=\"wp-block-heading\" class=\"wp-block-heading\" id=\"descargo-de-responsibilidad\">Descargo de responsibilidad<\/h2>\n\n\n\n<p>Como proveedores de servicios, somos responsables \u2013 de conformidad con el \u00a7 7, apdo. 1 DSA \u2013 de los contenidos propios publicados en estas p\u00e1ginas y del cumplimiento de la normativa aplicable. No obstante, seg\u00fan los \u00a7\u00a7 8 a 10 DSA, no estamos obligados a supervisar la informaci\u00f3n de terceros que se transmita o almacene, ni a investigar posibles indicios de actividades il\u00edcitas. Las obligaciones de retirar o bloquear contenidos conforme a la legislaci\u00f3n general permanecen intactas. Sin embargo, solo se podr\u00e1 asumir responsabilidad a partir del momento en que tengamos conocimiento efectivo de una infracci\u00f3n concreta. En cuanto tengamos constancia de una vulneraci\u00f3n de derechos, eliminaremos el contenido afectado sin demora.<\/p>\n\n\n\n<h3 class=\"wp-block-heading\">Responsibilidad por los enlaces<\/h3>\n\n\n\n<p>Nuestro sitio web incluye enlaces a p\u00e1ginas externas pertenecientes a terceros, sobre cuyos contenidos no tenemos control alguno. Por ello, no podemos asumir responsabilidad por dichos contenidos externos. La responsabilidad sobre las p\u00e1ginas enlazadas corresponde \u00fanicamente a sus respectivos proveedores u operadores. En el momento de crear los enlaces, se comprob\u00f3 que no existieran posibles infracciones legales y no se detect\u00f3 contenido il\u00edcito. No obstante, una supervisi\u00f3n continua de los contenidos de las p\u00e1ginas enlazadas no es razonable sin indicios claros de una infracci\u00f3n. Si lleg\u00e1ramos a tener conocimiento de alguna vulneraci\u00f3n legal, procederemos a eliminar inmediatamente el enlace correspondiente.<\/p>\n\n\n\n<h3 class=\"wp-block-heading\">Propiedad Intelectual e Industrial<\/h3>\n\n\n\n<p>Los contenidos y obras creados por los operadores de esta p\u00e1gina est\u00e1n protegidos por la legislaci\u00f3n alemana sobre derechos de autor. Queda estrictamente prohibida su reproducci\u00f3n, modificaci\u00f3n, distribuci\u00f3n o cualquier otra forma de explotaci\u00f3n que exceda los l\u00edmites establecidos por la ley sin el consentimiento previo y por escrito del autor o creador. La descarga o copia de esta p\u00e1gina solo est\u00e1 permitida para uso privado y no comercial. En aquellos casos en los que los contenidos no hayan sido elaborados por el operador, se respetan los derechos de autor de terceros; dicho contenido se identifica expresamente como tal. Si, aun as\u00ed, detectas alguna infracci\u00f3n de derechos de autor, te rogamos que nos lo comuniques de inmediato. En cuanto tengamos constancia de alguna vulneraci\u00f3n, eliminaremos el contenido afectado sin demora.<\/p>\n\n\n\n<div class=\"wp-block-custom-spacing spacing-element spacing-mobile--small spacing-tablet--small spacing-small-desktop--small spacing-desktop--small\"><\/div>\n\n\n\n<h2 class=\"wp-block-heading\" class=\"wp-block-heading\" id=\"condiciones-generales-de-primion-technology-slu\">Condiciones generales de Primion Technology SLU<\/h2>\n\n\n\n<p><a href=\"https:\/\/primion.io\/wp-content\/uploads\/2025\/02\/Condiciones_Generales.pdf\" target=\"_blank\" rel=\"noreferrer noopener\">Descargar las CG<\/a><\/p>\n<\/div><\/div><\/section>\n\n\n\n<script type=\"application\/javascript\">\n  var UC_UI_SUPPRESS_CMP_DISPLAY = true;\n<\/script>\n<\/div>\n<\/div>\n<\/div><\/div><\/section>\n","protected":false},"excerpt":{"rendered":"","protected":false},"author":1,"featured_media":0,"parent":0,"menu_order":0,"comment_status":"closed","ping_status":"closed","template":"","meta":{"_acf_changed":false,"footnotes":""},"class_list":["post-2923","page","type-page","status-publish","hentry"],"acf":[],"_links":{"self":[{"href":"https:\/\/primion.io\/es\/wp-json\/wp\/v2\/pages\/2923","targetHints":{"allow":["GET"]}}],"collection":[{"href":"https:\/\/primion.io\/es\/wp-json\/wp\/v2\/pages"}],"about":[{"href":"https:\/\/primion.io\/es\/wp-json\/wp\/v2\/types\/page"}],"author":[{"embeddable":true,"href":"https:\/\/primion.io\/es\/wp-json\/wp\/v2\/users\/1"}],"replies":[{"embeddable":true,"href":"https:\/\/primion.io\/es\/wp-json\/wp\/v2\/comments?post=2923"}],"version-history":[{"count":5,"href":"https:\/\/primion.io\/es\/wp-json\/wp\/v2\/pages\/2923\/revisions"}],"predecessor-version":[{"id":9973,"href":"https:\/\/primion.io\/es\/wp-json\/wp\/v2\/pages\/2923\/revisions\/9973"}],"wp:attachment":[{"href":"https:\/\/primion.io\/es\/wp-json\/wp\/v2\/media?parent=2923"}],"curies":[{"name":"wp","href":"https:\/\/api.w.org\/{rel}","templated":true}]}}