{"id":2895,"date":"2022-07-07T13:10:19","date_gmt":"2022-07-07T11:10:19","guid":{"rendered":"https:\/\/primion.io\/sobre-primion\/"},"modified":"2026-04-15T17:34:27","modified_gmt":"2026-04-15T15:34:27","slug":"quienes-somos","status":"publish","type":"page","link":"https:\/\/primion.io\/es\/quienes-somos\/","title":{"rendered":"Sobre Primion"},"content":{"rendered":"\n<div style=\"height:92px\" aria-hidden=\"true\" class=\"wp-block-spacer\"><\/div>\n\n\n\n<section class=\"wp-block-custom-container alignwide block-content  block-content--spacing-top block-content--spacing-bottom\" style=\"background-image:url(https:\/\/primion.io\/wp-content\/uploads\/2025\/07\/header_unterseiten_bg.svg);background-position:5% 48%;background-repeat:no-repeat;background-size:cover\"><style>.block-content{position:relative;border-bottom:1px solid light-dark(#EFEFEF, #243A4D)}.block-content:only-child{border-bottom:0}.block-content--spacing-top{padding-top:4.8rem}@media (min-width: 992px){.block-content--spacing-top{padding-top:9.6rem}}.block-content--spacing-bottom{padding-bottom:2.4rem}@media (min-width: 992px){.block-content--spacing-bottom{padding-bottom:7.2rem}}.block-content--margin-top{margin-top:4.8rem}@media (min-width: 992px){.block-content--margin-top{margin-top:9.6rem}}.block-content--margin-bottom{margin-bottom:4.8rem}@media (min-width: 992px){.block-content--margin-bottom{margin-bottom:9.6rem}}.block-content .container{position:relative;z-index:1}.block-content .container--full{padding:0}.block-content .container .block-content{display:flex;border-bottom:0;border-radius:16px}.block-content .container .block-content .container{padding:2.4rem;padding-bottom:2px}.block-content .container .block-content .container h1,.block-content .container .block-content .container h2,.block-content .container .block-content .container h3,.block-content .container .block-content .container h4,.block-content .container .block-content .container h5,.block-content .container .block-content .container h6,.block-content .container .block-content .container .h1,.block-content .container .block-content .container .h2,.block-content .container .block-content .container .h3,.block-content .container .block-content .container .h4,.block-content .container .block-content .container .h5,.block-content .container .block-content .container .h6{margin-bottom:1.6rem}.block-content .container .col:not(:only-child) .block-content:only-child,.block-content .container .col:not(:only-child) .container:only-child{min-height:100%}.block-content .container-overlay{position:absolute;z-index:0;top:0;right:0;bottom:0;left:0}.block-content.has-primary-background-color:not(:has(.container)){padding:3.2rem 0 !important}.block-content.has-primary-background-color .container{padding:3.2rem !important}.block-content.has-primary-background-color .wp-block-buttons>.wp-block-button:last-child{margin-bottom:0}\n<\/style><div class=\"container container--wide\"><div class=\"container__body\">\n<p><nav aria-label=\"breadcrumbs\" class=\"rank-math-breadcrumb\"><p><span class=\"last\">Home<\/span><\/p><\/nav><\/p>\n\n\n\n<h1 class=\"wp-block-heading\">Sobre Primion<\/h1>\n\n\n\n<div class=\"wp-block-custom-spacing spacing-element spacing-mobile--small spacing-tablet--medium spacing-small-desktop--medium spacing-desktop--medium\"><\/div>\n\n\n<style>.wp-block-image{border-radius:16px;overflow:hidden}.wp-block-image img{width:100%}.wp-block-image .wp-element-caption{margin:0;padding:2.4rem;color:#fff;background-color:#243A4D;font-size:inherit;line-height:inherit;text-align:left}\n<\/style>\n<figure class=\"wp-block-image size-large\"><img loading=\"lazy\" decoding=\"async\" width=\"1024\" height=\"341\" src=\"https:\/\/primion.io\/wp-content\/uploads\/2025\/01\/workforce_management_ft-1024x341.png\" alt=\"\" class=\"wp-image-1654\" style=\"aspect-ratio:2\/1;object-fit:cover\" srcset=\"https:\/\/primion.io\/wp-content\/uploads\/2025\/01\/workforce_management_ft-1024x341.png 1024w, https:\/\/primion.io\/wp-content\/uploads\/2025\/01\/workforce_management_ft-300x100.png 300w, https:\/\/primion.io\/wp-content\/uploads\/2025\/01\/workforce_management_ft-768x256.png 768w, https:\/\/primion.io\/wp-content\/uploads\/2025\/01\/workforce_management_ft.png 1440w\" sizes=\"auto, (max-width: 1024px) 100vw, 1024px\" \/><\/figure>\n\n\n\n<div class=\"wp-block-custom-spacing spacing-element spacing-mobile--small spacing-tablet--small spacing-small-desktop--small spacing-desktop--small\"><\/div>\n<\/div><\/div><div class=\"container-overlay\" style=\"background-color:light-dark(rgba(255, 255, 255, 0.92), rgba(0, 0, 0, 0.6));opacity:1\"><\/div><\/section>\n\n\n\n<section class=\"wp-block-custom-container alignwide block-content  block-content--spacing-top block-content--spacing-bottom\"><div class=\"container container--wide\"><div class=\"container__body\">\n<div class=\"wp-block-custom-spacing spacing-element spacing-mobile--small spacing-tablet--small spacing-small-desktop--small spacing-desktop--small\"><\/div>\n\n\n\n<div class=\"wp-block-custom-columns columns-row row\"><style>.columns-row--spacing-top{padding-top:4.8rem}@media (min-width: 992px){.columns-row--spacing-top{padding-top:9.6rem}}.columns-row--spacing-bottom{padding-bottom:4.8rem}@media (min-width: 992px){.columns-row--spacing-bottom{padding-bottom:9.6rem}}.columns-row--margin-top{margin-top:4.8rem}@media (min-width: 992px){.columns-row--margin-top{margin-top:9.6rem}}.columns-row--margin-bottom{margin-bottom:4.8rem}@media (min-width: 992px){.columns-row--margin-bottom{margin-bottom:9.6rem}}.columns-row.seperator .col{position:relative}.columns-row.seperator .col.col-lg-4:not(:last-child)::after,.columns-row.seperator .col.col-lg-3:not(:last-child)::after,.columns-row.seperator .col.col-lg-6:not(:last-child)::after{content:'';position:absolute;bottom:0;left:24px;width:calc(100% - 48px);height:1px;background-color:#FF3E41}@media (min-width: 992px){.columns-row.seperator .col.col-lg-4:not(:last-child),.columns-row.seperator .col.col-lg-3:not(:last-child),.columns-row.seperator .col.col-lg-6:not(:last-child){border-right:1px solid #FF3E41}.columns-row.seperator .col.col-lg-4:not(:last-child)::after,.columns-row.seperator .col.col-lg-3:not(:last-child)::after,.columns-row.seperator .col.col-lg-6:not(:last-child)::after{display:none !important}}.columns-row.seperator .col.col-xl-4:not(:last-child)::after,.columns-row.seperator .col.col-xl-3:not(:last-child)::after,.columns-row.seperator .col.col-xl-6:not(:last-child)::after{content:'';position:absolute;bottom:0;left:24px;width:calc(100% - 48px);height:1px;background-color:#FF3E41}@media (min-width: 1380px){.columns-row.seperator .col.col-xl-4:not(:last-child),.columns-row.seperator .col.col-xl-3:not(:last-child),.columns-row.seperator .col.col-xl-6:not(:last-child){border-right:1px solid #FF3E41}.columns-row.seperator .col.col-xl-4:not(:last-child)::after,.columns-row.seperator .col.col-xl-3:not(:last-child)::after,.columns-row.seperator .col.col-xl-6:not(:last-child)::after{display:none !important}}\n<\/style>\n<div class=\"wp-block-custom-column col col-12 col-md-12 col-lg-8\">\n<h2 class=\"wp-block-heading\" class=\"wp-block-heading\" id=\"protect-what-matters\"><br><strong>Protect what matters.<\/strong><\/h2>\n\n\n\n<p>Desde hace m\u00e1s de 30 a\u00f1os, Primion Technology ofrece a las empresas soluciones a medida en seguridad convergente y planificaci\u00f3n de personal. Como tu proveedor global de soluciones y l\u00edder en Control de Accesos, Gesti\u00f3n de Personal y Soluciones Integradas de Seguridad, estamos orgullosos de servir a m\u00e1s de 5.000 clientes satisfechos en todo el mundo. Un equipo de m\u00e1s de 470 apasionados expertos ofrece un servicio completo y certificado, que abarca consultor\u00eda, planificaci\u00f3n, instalaci\u00f3n, mantenimiento y asistencia.<\/p>\n\n\n\n<p><strong>Nuestra misi\u00f3n: Prevent. Protect. Preserve.  <\/strong><\/p>\n\n\n\n<p><strong>Prevenimos<\/strong> incidentes de seguridad y deficiencias en los procesos mediante soluciones modernas, basadas en plataformas, que combinan seguridad y gesti\u00f3n de personal, complementadas con servicios de primer nivel.<\/p>\n\n\n\n<p><strong><strong>Protegemos<\/strong><\/strong> edificios, infraestructuras cr\u00edticas, capital humano, procesos de trabajo y activos industriales con soluciones integradas l\u00edderes en el mercado.<\/p>\n\n\n\n<p><strong>Preservamos<\/strong> las inversiones y el valor de nuestros clientes adaptando continuamente nuestras tecnolog\u00edas y servicios a las regulaciones y necesidades del mercado, ofreciendo una gama completa de servicios y opciones de implementaci\u00f3n.<\/p>\n\n\n\n<p><strong>Nuestra visi\u00f3n:<\/strong><br>Convertirnos en un proveedor global moderno, eficiente y confiable de soluciones integradas de seguridad y gesti\u00f3n de personal para empresas medianas y grandes en todo el mundo.<\/p>\n<\/div>\n\n\n\n<div class=\"wp-block-custom-column col col-12 col-lg-4\">\n<div class=\"wp-block-custom-columns columns-row row small-gutter\">\n<div class=\"wp-block-custom-column col col-6 col-lg-6\">\n<section class=\"wp-block-custom-container alignwide block-content  has-light-dark-background-color\" style=\"background-color:light-dark(#EFEFEF, #1D262F)\"><div class=\"container container--wide\"><div class=\"container__body\">\n<h2 class=\"wp-block-heading\" class=\"wp-block-heading\" id=\"30-a%c3%b1os\">30 a\u00f1os<\/h2>\n\n\n\n<p>establecidos en el mercado<\/p>\n<\/div><\/div><\/section>\n<\/div>\n\n\n\n<div class=\"wp-block-custom-column col col-6 col-lg-6\">\n<section class=\"wp-block-custom-container alignwide block-content  has-light-dark-background-color\" style=\"background-color:light-dark(#EFEFEF, #1D262F)\"><div class=\"container container--wide\"><div class=\"container__body\">\n<h2 class=\"wp-block-heading\" class=\"wp-block-heading\" id=\"5-000\">5.000+<\/h2>\n\n\n\n<p>clientes satisfechos en todo el mundo<\/p>\n<\/div><\/div><\/section>\n<\/div>\n\n\n\n<div class=\"wp-block-custom-column col col-6 col-lg-6\">\n<section class=\"wp-block-custom-container alignwide block-content  has-light-dark-background-color\" style=\"background-color:light-dark(#EFEFEF, #1D262F)\"><div class=\"container container--wide\"><div class=\"container__body\">\n<h2 class=\"wp-block-heading\" class=\"wp-block-heading\" id=\"470\">470+<\/h2>\n\n\n\n<p>expertos apasionados<\/p>\n<\/div><\/div><\/section>\n<\/div>\n\n\n\n<div class=\"wp-block-custom-column col col-6 col-lg-6\">\n<section class=\"wp-block-custom-container alignwide block-content  has-light-dark-background-color\" style=\"background-color:light-dark(#EFEFEF, #1D262F)\"><div class=\"container container--wide\"><div class=\"container__body\">\n<h2 class=\"wp-block-heading\" class=\"wp-block-heading\" id=\"7\">7<\/h2>\n\n\n\n<p>pa\u00edses en Europa con numerosas sedes<\/p>\n<\/div><\/div><\/section>\n<\/div>\n<\/div>\n<\/div>\n<\/div>\n<\/div><\/div><\/section>\n\n\n\n<section class=\"wp-block-custom-container alignwide block-content  block-content--spacing-top block-content--spacing-bottom\"><div class=\"container container--wide\"><div class=\"container__body\"><style>:where(.wp-block-columns.is-layout-flex){gap:0 !important}@media (min-width: 782px){:where(.wp-block-columns.is-layout-flex){gap:2.4rem !important}}@media (min-width: 1200px){:where(.wp-block-columns.is-layout-flex){gap:4.8rem !important}}\n<\/style>\n<div class=\"wp-block-columns is-layout-flex wp-container-core-columns-is-layout-9d6595d7 wp-block-columns-is-layout-flex\">\n<div class=\"wp-block-column is-layout-flow wp-block-column-is-layout-flow\" style=\"flex-basis:33.33%\">\n<figure class=\"wp-block-image size-full\"><img loading=\"lazy\" decoding=\"async\" width=\"1000\" height=\"1015\" src=\"https:\/\/primion.io\/wp-content\/uploads\/2026\/02\/Gerard-Gumprecht.webp\" alt=\"\" class=\"wp-image-10373\" style=\"aspect-ratio:1;object-fit:cover\" srcset=\"https:\/\/primion.io\/wp-content\/uploads\/2026\/02\/Gerard-Gumprecht.webp 1000w, https:\/\/primion.io\/wp-content\/uploads\/2026\/02\/Gerard-Gumprecht-296x300.webp 296w, https:\/\/primion.io\/wp-content\/uploads\/2026\/02\/Gerard-Gumprecht-768x780.webp 768w\" sizes=\"auto, (max-width: 1000px) 100vw, 1000px\" \/><figcaption class=\"wp-element-caption\">Gerard Gumprecht, Director de Ventas Globales<\/figcaption><\/figure>\n<\/div>\n\n\n\n<div class=\"wp-block-column is-vertically-aligned-center is-layout-flow wp-block-column-is-layout-flow\" style=\"flex-basis:66.66%\">\n<p class=\"is-style-subheading h3\" id=\"conecta-con-nuestros-expertos\">Conecta con nuestros expertos<\/p>\n\n\n\n<h2 class=\"wp-block-heading\" class=\"wp-block-heading\" id=\"hablemos-de-posibilidades\">\u00a1Hablemos de posibilidades!  <\/h2>\n\n\n\n<p>Conectemos: nuestros expertos estar\u00e1n encantados de escuchar tus requisitos y proporcionarte la soluci\u00f3n que necesitas.<\/p>\n\n\n\n<div class=\"wp-block-buttons is-layout-flex wp-block-buttons-is-layout-flex\"><style>.wp-block-button{margin:0 0 2.4rem;width:100%}@media (min-width: 782px){.wp-block-button{width:unset}}.wp-block-button.align-center{text-align:center}.wp-block-button.align-right{text-align:right}.wp-block-buttons>.wp-block-button{margin-bottom:2.4rem}.wp-block-button__link{position:relative;display:inline-block;padding:1rem 4.4rem 1rem 1.6rem;width:100%;color:#fff !important;font-weight:600;text-align:left;text-decoration:none;min-height:4rem;border:2px solid #FF3E41;border-radius:100px;background-color:#FF3E41;cursor:pointer;font-size:1.6rem;line-height:1}@media (min-width: 782px){.wp-block-button__link{width:unset}}.wp-block-button__link:empty::after{right:8px;width:1.8rem;height:1.8rem;mask-image:url(\"https:\/\/primion.io\/wp-content\/themes\/ATLAS\/images\/svg\/chevron-right-white.svg\")}.wp-block-button__link::after{content:'';position:absolute;top:50%;right:12px;transform:translateY(-50%);width:1.8rem;height:1.8rem;mask-image:url(\"https:\/\/primion.io\/wp-content\/themes\/ATLAS\/images\/svg\/chevron-right-white.svg\");mask-size:contain;mask-repeat:no-repeat;mask-position:center center;background-color:#fff;transition:background-color .2s}.wp-block-button__link:has(img) img{position:absolute;top:50%;right:8px;transform:translateY(-50%);width:2.4rem;height:2.4rem}.wp-block-button__link:has(img)::after{display:none}.wp-block-button:not(.is-style-link-only):not(.is-style-outline):not(.is-style-fill-secondary) .wp-block-button__link:hover,.wp-block-button:not(.is-style-link-only):not(.is-style-outline):not(.is-style-fill-secondary) .wp-block-button__link:focus{color:#fff !important;border-color:#68727F;background-color:#68727F}.has-light-dark-background-color .wp-block-button:not(.is-style-link-only):not(.is-style-outline):not(.is-style-fill-secondary) .wp-block-button__link:hover,.has-light-dark-background-color .wp-block-button:not(.is-style-link-only):not(.is-style-outline):not(.is-style-fill-secondary) .wp-block-button__link:focus{border-color:light-dark(#243A4D, #000);background-color:light-dark(#243A4D, #000)}.wp-block-button .wp-block-button__link{transition:.2s}.is-style-fill-secondary .wp-block-button__link{border-color:#243A4D;background-color:#243A4D}.is-style-fill-secondary .wp-block-button__link:hover,.is-style-fill-secondary .wp-block-button__link:focus{color:#fff !important;border-color:#FF3E41;background-color:#FF3E41}.is-style-outline .wp-block-button__link{padding:1rem 4.4rem 1rem 1.6rem;color:#FF3E41 !important;border:2px solid #FF3E41;background-color:transparent;transition:.2s;transition-property:color, border-color}.is-style-outline .wp-block-button__link::after{background-color:#FF3E41}.is-style-outline .wp-block-button__link:hover,.is-style-outline .wp-block-button__link:focus{color:light-dark(#243A4D, #EFEFEF) !important;border-color:light-dark(#243A4D, #EFEFEF);background-color:transparent}.is-style-outline .wp-block-button__link:hover::after,.is-style-outline .wp-block-button__link:focus::after{background-color:light-dark(#243A4D, #EFEFEF)}.is-style-link-only .wp-block-button__link{width:unset !important;min-width:0;min-height:0;padding:0;padding-right:4rem;font-weight:600;color:#FF3E41 !important;border:none;background-color:transparent;transition:color .2s,text-decoration-color .2s}.is-style-link-only .wp-block-button__link::after{background-color:#FF3E41}.is-style-link-only .wp-block-button__link:hover,.is-style-link-only .wp-block-button__link:focus{color:light-dark(#243A4D, #EFEFEF) !important;background-color:transparent !important}.is-style-link-only .wp-block-button__link:hover::after,.is-style-link-only .wp-block-button__link:focus::after{background-color:light-dark(#243A4D, #EFEFEF)}\n<\/style>\n<div class=\"wp-block-button\"><a class=\"wp-block-button__link wp-element-button\" href=\"https:\/\/primion.io\/es\/contacto\/\">Ponte en contacto<\/a><\/div>\n<\/div>\n<\/div>\n<\/div>\n<\/div><\/div><\/section>\n","protected":false},"excerpt":{"rendered":"","protected":false},"author":1,"featured_media":0,"parent":0,"menu_order":0,"comment_status":"closed","ping_status":"closed","template":"","meta":{"_acf_changed":false,"footnotes":""},"class_list":["post-2895","page","type-page","status-publish","hentry"],"acf":[],"_links":{"self":[{"href":"https:\/\/primion.io\/es\/wp-json\/wp\/v2\/pages\/2895","targetHints":{"allow":["GET"]}}],"collection":[{"href":"https:\/\/primion.io\/es\/wp-json\/wp\/v2\/pages"}],"about":[{"href":"https:\/\/primion.io\/es\/wp-json\/wp\/v2\/types\/page"}],"author":[{"embeddable":true,"href":"https:\/\/primion.io\/es\/wp-json\/wp\/v2\/users\/1"}],"replies":[{"embeddable":true,"href":"https:\/\/primion.io\/es\/wp-json\/wp\/v2\/comments?post=2895"}],"version-history":[{"count":5,"href":"https:\/\/primion.io\/es\/wp-json\/wp\/v2\/pages\/2895\/revisions"}],"predecessor-version":[{"id":11070,"href":"https:\/\/primion.io\/es\/wp-json\/wp\/v2\/pages\/2895\/revisions\/11070"}],"wp:attachment":[{"href":"https:\/\/primion.io\/es\/wp-json\/wp\/v2\/media?parent=2895"}],"curies":[{"name":"wp","href":"https:\/\/api.w.org\/{rel}","templated":true}]}}