{"id":10285,"date":"2026-02-27T14:17:57","date_gmt":"2026-02-27T13:17:57","guid":{"rendered":"https:\/\/primion.io\/?page_id=10285"},"modified":"2026-03-05T12:12:35","modified_gmt":"2026-03-05T11:12:35","slug":"aslan-2026","status":"publish","type":"page","link":"https:\/\/primion.io\/es\/aslan-2026\/","title":{"rendered":"ASLAN 2026"},"content":{"rendered":"\n<section class=\"wp-block-custom-container alignwide block-content  block-content--spacing-top block-content--spacing-bottom\"><style>.block-content{position:relative;border-bottom:1px solid light-dark(#EFEFEF, #243A4D)}.block-content:only-child{border-bottom:0}.block-content--spacing-top{padding-top:4.8rem}@media (min-width: 992px){.block-content--spacing-top{padding-top:9.6rem}}.block-content--spacing-bottom{padding-bottom:2.4rem}@media (min-width: 992px){.block-content--spacing-bottom{padding-bottom:7.2rem}}.block-content--margin-top{margin-top:4.8rem}@media (min-width: 992px){.block-content--margin-top{margin-top:9.6rem}}.block-content--margin-bottom{margin-bottom:4.8rem}@media (min-width: 992px){.block-content--margin-bottom{margin-bottom:9.6rem}}.block-content .container{position:relative;z-index:1}.block-content .container--full{padding:0}.block-content .container .block-content{display:flex;border-bottom:0;border-radius:16px}.block-content .container .block-content .container{padding:2.4rem;padding-bottom:2px}.block-content .container .block-content .container h1,.block-content .container .block-content .container h2,.block-content .container .block-content .container h3,.block-content .container .block-content .container h4,.block-content .container .block-content .container h5,.block-content .container .block-content .container h6,.block-content .container .block-content .container .h1,.block-content .container .block-content .container .h2,.block-content .container .block-content .container .h3,.block-content .container .block-content .container .h4,.block-content .container .block-content .container .h5,.block-content .container .block-content .container .h6{margin-bottom:1.6rem}.block-content .container .col:not(:only-child) .block-content:only-child,.block-content .container .col:not(:only-child) .container:only-child{min-height:100%}.block-content .container-overlay{position:absolute;z-index:0;top:0;right:0;bottom:0;left:0}.block-content.has-primary-background-color:not(:has(.container)){padding:3.2rem 0 !important}.block-content.has-primary-background-color .container{padding:3.2rem !important}.block-content.has-primary-background-color .wp-block-buttons>.wp-block-button:last-child{margin-bottom:0}\n<\/style><div class=\"container container--wide\"><div class=\"container__body\"><style>:where(.wp-block-columns.is-layout-flex){gap:0 !important}@media (min-width: 782px){:where(.wp-block-columns.is-layout-flex){gap:2.4rem !important}}@media (min-width: 1200px){:where(.wp-block-columns.is-layout-flex){gap:4.8rem !important}}\n<\/style>\n<div class=\"wp-block-columns is-layout-flex wp-container-core-columns-is-layout-9d6595d7 wp-block-columns-is-layout-flex\">\n<div class=\"wp-block-column is-layout-flow wp-block-column-is-layout-flow\" style=\"flex-basis:75%\">\n<p><nav aria-label=\"breadcrumbs\" class=\"rank-math-breadcrumb\"><p><span class=\"last\">Home<\/span><\/p><\/nav><\/p>\n\n\n\n<h1 class=\"wp-block-heading\"><strong>Conferencia ASLAN 2026 \u2013 Estamos Presentes<\/strong>&nbsp;<\/h1>\n\n\n\n<p>En ASLAN 2026, Primion presentar\u00e1 su visi\u00f3n sobre c\u00f3mo las organizaciones pueden afrontar los retos de identidad, presencia y seguridad en un entorno laboral cada vez m\u00e1s din\u00e1mico. Le invitamos a acompa\u00f1arnos en Madrid para descubrir c\u00f3mo las tecnolog\u00edas inteligentes ayudan a crear entornos m\u00e1s seguros, eficientes y preparados para el futuro del trabajo.<\/p>\n\n\n\n<div class=\"wp-block-custom-spacing spacing-element spacing-mobile--small spacing-tablet--small spacing-small-desktop--small spacing-desktop--small\"><\/div>\n\n\n\n<ul class=\"wp-block-list\">\n<li><strong>Lugar: <\/strong>Palacio de Congresos IFEMA, Av.&nbsp;Capital de Espa\u00f1a, 7 \u2013 28046 Madrid<\/li>\n\n\n\n<li><strong>Fechas:<\/strong> &nbsp;17 a 19 de Marzo de 2026<\/li>\n\n\n\n<li><strong>Discurso de apertura: <\/strong>19 de Marzo 10:20 &#8211; 10:40<\/li>\n<\/ul>\n\n\n\n<div class=\"wp-block-buttons is-horizontal is-content-justification-left is-layout-flex wp-container-core-buttons-is-layout-92fc3979 wp-block-buttons-is-layout-flex\"><style>.wp-block-button{margin:0 0 2.4rem;width:100%}@media (min-width: 782px){.wp-block-button{width:unset}}.wp-block-button.align-center{text-align:center}.wp-block-button.align-right{text-align:right}.wp-block-buttons>.wp-block-button{margin-bottom:2.4rem}.wp-block-button__link{position:relative;display:inline-block;padding:1rem 4.4rem 1rem 1.6rem;width:100%;color:#fff !important;font-weight:600;text-align:left;text-decoration:none;min-height:4rem;border:2px solid #FF3E41;border-radius:100px;background-color:#FF3E41;cursor:pointer;font-size:1.6rem;line-height:1}@media (min-width: 782px){.wp-block-button__link{width:unset}}.wp-block-button__link:empty::after{right:8px;width:1.8rem;height:1.8rem;mask-image:url(\"https:\/\/primion.io\/wp-content\/themes\/ATLAS\/images\/svg\/chevron-right-white.svg\")}.wp-block-button__link::after{content:'';position:absolute;top:50%;right:12px;transform:translateY(-50%);width:1.8rem;height:1.8rem;mask-image:url(\"https:\/\/primion.io\/wp-content\/themes\/ATLAS\/images\/svg\/chevron-right-white.svg\");mask-size:contain;mask-repeat:no-repeat;mask-position:center center;background-color:#fff;transition:background-color .2s}.wp-block-button__link:has(img) img{position:absolute;top:50%;right:8px;transform:translateY(-50%);width:2.4rem;height:2.4rem}.wp-block-button__link:has(img)::after{display:none}.wp-block-button:not(.is-style-link-only):not(.is-style-outline):not(.is-style-fill-secondary) .wp-block-button__link:hover,.wp-block-button:not(.is-style-link-only):not(.is-style-outline):not(.is-style-fill-secondary) .wp-block-button__link:focus{color:#fff !important;border-color:#68727F;background-color:#68727F}.has-light-dark-background-color .wp-block-button:not(.is-style-link-only):not(.is-style-outline):not(.is-style-fill-secondary) .wp-block-button__link:hover,.has-light-dark-background-color .wp-block-button:not(.is-style-link-only):not(.is-style-outline):not(.is-style-fill-secondary) .wp-block-button__link:focus{border-color:light-dark(#243A4D, #000);background-color:light-dark(#243A4D, #000)}.wp-block-button .wp-block-button__link{transition:.2s}.is-style-fill-secondary .wp-block-button__link{border-color:#243A4D;background-color:#243A4D}.is-style-fill-secondary .wp-block-button__link:hover,.is-style-fill-secondary .wp-block-button__link:focus{color:#fff !important;border-color:#FF3E41;background-color:#FF3E41}.is-style-outline .wp-block-button__link{padding:1rem 4.4rem 1rem 1.6rem;color:#FF3E41 !important;border:2px solid #FF3E41;background-color:transparent;transition:.2s;transition-property:color, border-color}.is-style-outline .wp-block-button__link::after{background-color:#FF3E41}.is-style-outline .wp-block-button__link:hover,.is-style-outline .wp-block-button__link:focus{color:light-dark(#243A4D, #EFEFEF) !important;border-color:light-dark(#243A4D, #EFEFEF);background-color:transparent}.is-style-outline .wp-block-button__link:hover::after,.is-style-outline .wp-block-button__link:focus::after{background-color:light-dark(#243A4D, #EFEFEF)}.is-style-link-only .wp-block-button__link{width:unset !important;min-width:0;min-height:0;padding:0;padding-right:4rem;font-weight:600;color:#FF3E41 !important;border:none;background-color:transparent;transition:color .2s,text-decoration-color .2s}.is-style-link-only .wp-block-button__link::after{background-color:#FF3E41}.is-style-link-only .wp-block-button__link:hover,.is-style-link-only .wp-block-button__link:focus{color:light-dark(#243A4D, #EFEFEF) !important;background-color:transparent !important}.is-style-link-only .wp-block-button__link:hover::after,.is-style-link-only .wp-block-button__link:focus::after{background-color:light-dark(#243A4D, #EFEFEF)}\n<\/style>\n<div class=\"wp-block-button\"><a class=\"wp-block-button__link wp-element-button\" href=\"https:\/\/eur05.safelinks.protection.outlook.com\/?url=https%3A%2F%2Faslan.es%2Fcongreso%2Finscripcion%2F%3Futm_campaign%3DASLAN2026%26utm_source%3DAsociado%26utm_medium%3D560476&amp;data=05%7C02%7Ckarin.strobel%40primion.eu%7Cd41ef98c781443c432f108de7082586a%7C9680142be51945068d12c0704c2fafb4%7C0%7C0%7C639071902312364410%7CUnknown%7CTWFpbGZsb3d8eyJFbXB0eU1hcGkiOnRydWUsIlYiOiIwLjAuMDAwMCIsIlAiOiJXaW4zMiIsIkFOIjoiTWFpbCIsIldUIjoyfQ%3D%3D%7C0%7C%7C%7C&amp;sdata=ELuntuzp18UvsTz%2FzNBLSpCcVBz%2B7p7Se6QLt8FpZKY%3D&amp;reserved=0\" target=\"_blank\" rel=\"noreferrer noopener nofollow\">Reserve su entrada&nbsp;y vis\u00edtenos en Madrid.<\/a><\/div>\n<\/div>\n<\/div>\n\n\n\n<div class=\"wp-block-column is-vertically-aligned-center is-layout-flow wp-block-column-is-layout-flow\" style=\"flex-basis:25%\"><style>.wp-block-image{border-radius:16px;overflow:hidden}.wp-block-image img{width:100%}.wp-block-image .wp-element-caption{margin:0;padding:2.4rem;color:#fff;background-color:#243A4D;font-size:inherit;line-height:inherit;text-align:left}\n<\/style>\n<figure class=\"wp-block-image size-full is-style-default\"><img loading=\"lazy\" decoding=\"async\" width=\"2028\" height=\"536\" src=\"https:\/\/primion.io\/wp-content\/uploads\/2026\/03\/Aslan-2026.png\" alt=\"\" class=\"wp-image-10449\" srcset=\"https:\/\/primion.io\/wp-content\/uploads\/2026\/03\/Aslan-2026.png 2028w, https:\/\/primion.io\/wp-content\/uploads\/2026\/03\/Aslan-2026-300x79.png 300w, https:\/\/primion.io\/wp-content\/uploads\/2026\/03\/Aslan-2026-1024x271.png 1024w, https:\/\/primion.io\/wp-content\/uploads\/2026\/03\/Aslan-2026-768x203.png 768w, https:\/\/primion.io\/wp-content\/uploads\/2026\/03\/Aslan-2026-1536x406.png 1536w\" sizes=\"auto, (max-width: 2028px) 100vw, 2028px\" \/><\/figure>\n<\/div>\n<\/div>\n<\/div><\/div><\/section>\n\n\n\n<section class=\"wp-block-custom-container alignwide block-content  block-content--spacing-top block-content--spacing-bottom\" id=\"keynote\"><div class=\"container container--wide\"><div class=\"container__body\">\n<section class=\"wp-block-custom-container alignwide block-content has-primary-background-color\" style=\"background-color:#FF3E41\"><div class=\"container container--wide\"><div class=\"container__body\">\n<div class=\"wp-block-custom-spacing spacing-element spacing-mobile--small spacing-tablet--small spacing-small-desktop--small spacing-desktop--small\"><\/div>\n\n\n\n<div class=\"wp-block-columns are-vertically-aligned-center is-layout-flex wp-container-core-columns-is-layout-9d6595d7 wp-block-columns-is-layout-flex\">\n<div class=\"wp-block-column is-vertically-aligned-center is-layout-flow wp-block-column-is-layout-flow\" style=\"flex-basis:75%\">\n<h2 class=\"wp-block-heading has-text-align-left has-light-background-color has-text-color has-link-color wp-elements-06e6557067133557a53ddc20eaa29227\" class=\"wp-block-heading has-text-align-left has-light-background-color has-text-color has-link-color wp-elements-06e6557067133557a53ddc20eaa29227\" id=\"c%c3%b3mo-gestionar-identidad-presencia-y-seguridad-en-un-entorno-laboral-en-constante-movimiento\">\u00bfC\u00f3mo gestionar identidad, presencia y seguridad en un entorno laboral en constante movimiento?<\/h2>\n\n\n\n<p class=\"has-light-background-color has-text-color has-link-color wp-elements-b03ee4e99a6d9685d2790444ab990a12\">Las organizaciones actuales funcionan en ecosistemas din\u00e1micos: personas que cambian de espacio, funciones y niveles de acceso a lo largo del d\u00eda. Esto exige claridad, confianza y seguridad en un contexto donde todo se mueve.<br>En esta ponencia, Javier Alonso explicar\u00e1 c\u00f3mo las organizaciones pueden:<\/p>\n\n\n\n<ul class=\"wp-block-list has-light-background-color has-text-color has-link-color wp-elements-5b521a1217b046936d3b043e1dd0225c\">\n<li>gestionar identidades y accesos de forma segura y flexible<\/li>\n\n\n\n<li>convertir la presencia en un valor estrat\u00e9gico<\/li>\n\n\n\n<li>operar con transparencia en entornos fluidos<\/li>\n\n\n\n<li>equilibrar seguridad y productividad sin fricciones<\/li>\n<\/ul>\n\n\n\n<p class=\"has-light-background-color has-text-color has-link-color wp-elements-ebf4df3498b5bfcb02366bd8921fccac\">Una sesi\u00f3n esencial para l\u00edderes que preparan sus organizaciones para el futuro del trabajo.<\/p>\n\n\n\n<p class=\"has-light-background-color has-text-color has-link-color wp-elements-130ca8a431f95046b5fdb5d5732de70d\"><strong>19 de Marzo 10:20 &#8211; 10:40<\/strong><\/p>\n<\/div>\n\n\n\n<div class=\"wp-block-column is-vertically-aligned-center is-layout-flow wp-block-column-is-layout-flow\" style=\"flex-basis:25%\">\n<figure class=\"wp-block-image size-full is-style-default\"><img loading=\"lazy\" decoding=\"async\" width=\"1080\" height=\"1350\" src=\"https:\/\/primion.io\/wp-content\/uploads\/2026\/03\/Javier-Alonso.webp\" alt=\"Javier Alonso, Country Manager Spain\" class=\"wp-image-10448\" srcset=\"https:\/\/primion.io\/wp-content\/uploads\/2026\/03\/Javier-Alonso.webp 1080w, https:\/\/primion.io\/wp-content\/uploads\/2026\/03\/Javier-Alonso-240x300.webp 240w, https:\/\/primion.io\/wp-content\/uploads\/2026\/03\/Javier-Alonso-819x1024.webp 819w, https:\/\/primion.io\/wp-content\/uploads\/2026\/03\/Javier-Alonso-768x960.webp 768w\" sizes=\"auto, (max-width: 1080px) 100vw, 1080px\" \/><figcaption class=\"wp-element-caption\">Javier Alonso, General Manager Primion Espa\u00f1a<\/figcaption><\/figure>\n<\/div>\n<\/div>\n<\/div><\/div><\/section>\n<\/div><\/div><\/section>\n\n\n\n<section class=\"wp-block-custom-container alignwide block-content  block-content--spacing-top block-content--spacing-bottom\"><div class=\"container container--wide\"><div class=\"container__body\">\n<div class=\"wp-block-custom-spacing spacing-element spacing-mobile--small spacing-tablet--small spacing-small-desktop--small spacing-desktop--small\"><\/div>\n\n\n\n<div class=\"wp-block-custom-columns columns-row row\"><style>.columns-row--spacing-top{padding-top:4.8rem}@media (min-width: 992px){.columns-row--spacing-top{padding-top:9.6rem}}.columns-row--spacing-bottom{padding-bottom:4.8rem}@media (min-width: 992px){.columns-row--spacing-bottom{padding-bottom:9.6rem}}.columns-row--margin-top{margin-top:4.8rem}@media (min-width: 992px){.columns-row--margin-top{margin-top:9.6rem}}.columns-row--margin-bottom{margin-bottom:4.8rem}@media (min-width: 992px){.columns-row--margin-bottom{margin-bottom:9.6rem}}.columns-row.seperator .col{position:relative}.columns-row.seperator .col.col-lg-4:not(:last-child)::after,.columns-row.seperator .col.col-lg-3:not(:last-child)::after,.columns-row.seperator .col.col-lg-6:not(:last-child)::after{content:'';position:absolute;bottom:0;left:24px;width:calc(100% - 48px);height:1px;background-color:#FF3E41}@media (min-width: 992px){.columns-row.seperator .col.col-lg-4:not(:last-child),.columns-row.seperator .col.col-lg-3:not(:last-child),.columns-row.seperator .col.col-lg-6:not(:last-child){border-right:1px solid #FF3E41}.columns-row.seperator .col.col-lg-4:not(:last-child)::after,.columns-row.seperator .col.col-lg-3:not(:last-child)::after,.columns-row.seperator .col.col-lg-6:not(:last-child)::after{display:none !important}}.columns-row.seperator .col.col-xl-4:not(:last-child)::after,.columns-row.seperator .col.col-xl-3:not(:last-child)::after,.columns-row.seperator .col.col-xl-6:not(:last-child)::after{content:'';position:absolute;bottom:0;left:24px;width:calc(100% - 48px);height:1px;background-color:#FF3E41}@media (min-width: 1380px){.columns-row.seperator .col.col-xl-4:not(:last-child),.columns-row.seperator .col.col-xl-3:not(:last-child),.columns-row.seperator .col.col-xl-6:not(:last-child){border-right:1px solid #FF3E41}.columns-row.seperator .col.col-xl-4:not(:last-child)::after,.columns-row.seperator .col.col-xl-3:not(:last-child)::after,.columns-row.seperator .col.col-xl-6:not(:last-child)::after{display:none !important}}\n<\/style>\n<div class=\"wp-block-custom-column col col-12 col-xl-6\">\n<h2 class=\"wp-block-heading\" class=\"wp-block-heading\" id=\"la-gesti%c3%b3n-de-la-fuerza-de-trabajo-en-evoluci%c3%b3n\">La gesti\u00f3n de la fuerza de trabajo en evoluci\u00f3n<\/h2>\n\n\n\n<p>La gesti\u00f3n de la fuerza de trabajo est\u00e1 entrando en una nueva etapa y estamos contribuyendo activamente a dar forma a ese avance.<\/p>\n\n\n\n<ul class=\"wp-block-list\">\n<li>Unificando identidades digitales y f\u00edsicas, ofrecemos acceso seguro y fluido a herramientas, sistemas y espacios.<\/li>\n\n\n\n<li>La planificaci\u00f3n se optimiza con transparencia de costes en tiempo real, programaci\u00f3n automatizada o manual y menos tiempos improductivos.<\/li>\n\n\n\n<li>La integraci\u00f3n total entre tiempo y asistencia y sistemas de seguridad como el control de accesos aporta an\u00e1lisis \u00e1giles en escritorio, web y m\u00f3vil.<\/li>\n<\/ul>\n\n\n\n<p><strong>La inteligencia artificial transforma preguntas complejas en respuestas claras y visuales en segundos.<\/strong> Solo pregunte y los datos aparecen al instante.<\/p>\n<\/div>\n\n\n\n<div class=\"wp-block-custom-column col col-12 col-xl-6\">\n<h2 class=\"wp-block-heading\" class=\"wp-block-heading\" id=\"nuestra-perspectiva-tecnolog%c3%adas-que-se-mueven-con-usted\">Nuestra Perspectiva: Tecnolog\u00edas que se mueven con usted<\/h2>\n\n\n\n<p>Las organizaciones necesitan respuestas en tiempo real:<\/p>\n\n\n\n<ul class=\"wp-block-list\">\n<li>qui\u00e9n est\u00e1 en una zona determinada<\/li>\n\n\n\n<li>por qu\u00e9 est\u00e1 all\u00ed<\/li>\n\n\n\n<li>cu\u00e1ndo est\u00e1 autorizado<\/li>\n\n\n\n<li>qu\u00e9 nivel de autorizaci\u00f3n dispone<\/li>\n<\/ul>\n\n\n\n<p>La clave no es un control r\u00edgido, sino una gesti\u00f3n inteligente y adaptable.&nbsp;<br>Las credenciales seguras permiten autenticaciones din\u00e1micas.&nbsp;<br>Los responsables obtienen visibilidad inmediata sobre movimientos, costes y uso de espacios.&nbsp;<br>Cuando el cambio es constante, la resiliencia depende de sistemas capaces de adaptarse.&nbsp;<\/p>\n\n\n\n<p>Nuestra misi\u00f3n: reducir riesgos, proteger personas y activos, y reforzar la productividad y la confianza.&nbsp;<\/p>\n<\/div>\n<\/div>\n<\/div><\/div><\/section>\n","protected":false},"excerpt":{"rendered":"","protected":false},"author":14,"featured_media":0,"parent":0,"menu_order":0,"comment_status":"closed","ping_status":"closed","template":"","meta":{"_acf_changed":false,"footnotes":""},"class_list":["post-10285","page","type-page","status-publish","hentry"],"acf":[],"_links":{"self":[{"href":"https:\/\/primion.io\/es\/wp-json\/wp\/v2\/pages\/10285","targetHints":{"allow":["GET"]}}],"collection":[{"href":"https:\/\/primion.io\/es\/wp-json\/wp\/v2\/pages"}],"about":[{"href":"https:\/\/primion.io\/es\/wp-json\/wp\/v2\/types\/page"}],"author":[{"embeddable":true,"href":"https:\/\/primion.io\/es\/wp-json\/wp\/v2\/users\/14"}],"replies":[{"embeddable":true,"href":"https:\/\/primion.io\/es\/wp-json\/wp\/v2\/comments?post=10285"}],"version-history":[{"count":5,"href":"https:\/\/primion.io\/es\/wp-json\/wp\/v2\/pages\/10285\/revisions"}],"predecessor-version":[{"id":10505,"href":"https:\/\/primion.io\/es\/wp-json\/wp\/v2\/pages\/10285\/revisions\/10505"}],"wp:attachment":[{"href":"https:\/\/primion.io\/es\/wp-json\/wp\/v2\/media?parent=10285"}],"curies":[{"name":"wp","href":"https:\/\/api.w.org\/{rel}","templated":true}]}}