{"id":10095,"date":"2026-02-02T09:49:44","date_gmt":"2026-02-02T08:49:44","guid":{"rendered":"https:\/\/primion.io\/?page_id=10095"},"modified":"2026-03-03T11:03:07","modified_gmt":"2026-03-03T10:03:07","slug":"asis-europe-2026","status":"publish","type":"page","link":"https:\/\/primion.io\/es\/asis-europe-2026\/","title":{"rendered":"ASIS Europe 2026"},"content":{"rendered":"\n<section class=\"wp-block-custom-container alignwide block-content  block-content--spacing-top block-content--spacing-bottom\"><style>.block-content{position:relative;border-bottom:1px solid light-dark(#EFEFEF, #243A4D)}.block-content:only-child{border-bottom:0}.block-content--spacing-top{padding-top:4.8rem}@media (min-width: 992px){.block-content--spacing-top{padding-top:9.6rem}}.block-content--spacing-bottom{padding-bottom:2.4rem}@media (min-width: 992px){.block-content--spacing-bottom{padding-bottom:7.2rem}}.block-content--margin-top{margin-top:4.8rem}@media (min-width: 992px){.block-content--margin-top{margin-top:9.6rem}}.block-content--margin-bottom{margin-bottom:4.8rem}@media (min-width: 992px){.block-content--margin-bottom{margin-bottom:9.6rem}}.block-content .container{position:relative;z-index:1}.block-content .container--full{padding:0}.block-content .container .block-content{display:flex;border-bottom:0;border-radius:16px}.block-content .container .block-content .container{padding:2.4rem;padding-bottom:2px}.block-content .container .block-content .container h1,.block-content .container .block-content .container h2,.block-content .container .block-content .container h3,.block-content .container .block-content .container h4,.block-content .container .block-content .container h5,.block-content .container .block-content .container h6,.block-content .container .block-content .container .h1,.block-content .container .block-content .container .h2,.block-content .container .block-content .container .h3,.block-content .container .block-content .container .h4,.block-content .container .block-content .container .h5,.block-content .container .block-content .container .h6{margin-bottom:1.6rem}.block-content .container .col:not(:only-child) .block-content:only-child,.block-content .container .col:not(:only-child) .container:only-child{min-height:100%}.block-content .container-overlay{position:absolute;z-index:0;top:0;right:0;bottom:0;left:0}.block-content.has-primary-background-color:not(:has(.container)){padding:3.2rem 0 !important}.block-content.has-primary-background-color .container{padding:3.2rem !important}.block-content.has-primary-background-color .wp-block-buttons>.wp-block-button:last-child{margin-bottom:0}\n<\/style><div class=\"container container--wide\"><div class=\"container__body\"><style>:where(.wp-block-columns.is-layout-flex){gap:0 !important}@media (min-width: 782px){:where(.wp-block-columns.is-layout-flex){gap:2.4rem !important}}@media (min-width: 1200px){:where(.wp-block-columns.is-layout-flex){gap:4.8rem !important}}\n<\/style>\n<div class=\"wp-block-columns is-layout-flex wp-container-core-columns-is-layout-9d6595d7 wp-block-columns-is-layout-flex\">\n<div class=\"wp-block-column is-layout-flow wp-block-column-is-layout-flow\" style=\"flex-basis:75%\">\n<p><nav aria-label=\"breadcrumbs\" class=\"rank-math-breadcrumb\"><p><span class=\"last\">Home<\/span><\/p><\/nav><\/p>\n\n\n\n<h1 class=\"wp-block-heading\">\u00danete a Primion en ASIS EUROPE 2026<\/h1>\n\n\n\n<p><strong><strong>Consolida tu seguridad. Controla los riesgos. Refuerza tu resiliencia.<\/strong><\/strong><\/p>\n\n\n\n<p>En un entorno donde las amenazas digitales y f\u00edsicas convergen cada vez m\u00e1s, <strong>ASIS EUROPE 2026<\/strong> se posiciona como el evento imprescindible para los l\u00edderes de seguridad que buscan pasar de una protecci\u00f3n fragmentada a una visi\u00f3n unificada y estrat\u00e9gica. Bajo el lema <strong>\u00abDel riesgo a la resiliencia\u00bb<\/strong>, esta edici\u00f3n se centra en conectar identidad, acceso y operaciones cr\u00edticas para que las organizaciones eliminen puntos ciegos y act\u00faen con plena confianza.<\/p>\n\n\n\n<p>Junto a m\u00e1s de <strong>1.000 participantes<\/strong> en el <strong>Centro Elisabeth<\/strong>, descubrir\u00e1s c\u00f3mo transformar tu posicionamiento ante la &nbsp;seguridad mediante una <strong>visibilidad unificada<\/strong> que conecta identidades digitales y f\u00edsicas, permiti\u00e9ndote anticipar riesgos con mayor rapidez. Este enfoque integral facilita una <strong>respuesta coordinada<\/strong>, refuerza la preparaci\u00f3n a trav\u00e9s de ecosistemas automatizados y promueve un <strong>crecimiento s\u00f3lido<\/strong> al evolucionar de una seguridad reactiva hacia una resiliencia proactiva que acompa\u00f1a \u2013 y no frena \u2013 los procesos empresariales.<\/p>\n\n\n\n<ul class=\"wp-block-list\">\n<li><strong>Lugar:<\/strong> Elisabeth Center Amberes, B\u00e9lgica<\/li>\n\n\n\n<li><strong>Fechas:<\/strong> 23\u201325 de marzo de 2026<\/li>\n<\/ul>\n\n\n\n<div class=\"wp-block-custom-spacing spacing-element spacing-mobile--small spacing-tablet--small spacing-small-desktop--small spacing-desktop--small\"><\/div>\n\n\n\n<div class=\"wp-block-buttons is-horizontal is-content-justification-left is-layout-flex wp-container-core-buttons-is-layout-92fc3979 wp-block-buttons-is-layout-flex\"><style>.wp-block-button{margin:0 0 2.4rem;width:100%}@media (min-width: 782px){.wp-block-button{width:unset}}.wp-block-button.align-center{text-align:center}.wp-block-button.align-right{text-align:right}.wp-block-buttons>.wp-block-button{margin-bottom:2.4rem}.wp-block-button__link{position:relative;display:inline-block;padding:1rem 4.4rem 1rem 1.6rem;width:100%;color:#fff !important;font-weight:600;text-align:left;text-decoration:none;min-height:4rem;border:2px solid #FF3E41;border-radius:100px;background-color:#FF3E41;cursor:pointer;font-size:1.6rem;line-height:1}@media (min-width: 782px){.wp-block-button__link{width:unset}}.wp-block-button__link:empty::after{right:8px;width:1.8rem;height:1.8rem;mask-image:url(\"https:\/\/primion.io\/wp-content\/themes\/ATLAS\/images\/svg\/chevron-right-white.svg\")}.wp-block-button__link::after{content:'';position:absolute;top:50%;right:12px;transform:translateY(-50%);width:1.8rem;height:1.8rem;mask-image:url(\"https:\/\/primion.io\/wp-content\/themes\/ATLAS\/images\/svg\/chevron-right-white.svg\");mask-size:contain;mask-repeat:no-repeat;mask-position:center center;background-color:#fff;transition:background-color .2s}.wp-block-button__link:has(img) img{position:absolute;top:50%;right:8px;transform:translateY(-50%);width:2.4rem;height:2.4rem}.wp-block-button__link:has(img)::after{display:none}.wp-block-button:not(.is-style-link-only):not(.is-style-outline):not(.is-style-fill-secondary) .wp-block-button__link:hover,.wp-block-button:not(.is-style-link-only):not(.is-style-outline):not(.is-style-fill-secondary) .wp-block-button__link:focus{color:#fff !important;border-color:#68727F;background-color:#68727F}.has-light-dark-background-color .wp-block-button:not(.is-style-link-only):not(.is-style-outline):not(.is-style-fill-secondary) .wp-block-button__link:hover,.has-light-dark-background-color .wp-block-button:not(.is-style-link-only):not(.is-style-outline):not(.is-style-fill-secondary) .wp-block-button__link:focus{border-color:light-dark(#243A4D, #000);background-color:light-dark(#243A4D, #000)}.wp-block-button .wp-block-button__link{transition:.2s}.is-style-fill-secondary .wp-block-button__link{border-color:#243A4D;background-color:#243A4D}.is-style-fill-secondary .wp-block-button__link:hover,.is-style-fill-secondary .wp-block-button__link:focus{color:#fff !important;border-color:#FF3E41;background-color:#FF3E41}.is-style-outline .wp-block-button__link{padding:1rem 4.4rem 1rem 1.6rem;color:#FF3E41 !important;border:2px solid #FF3E41;background-color:transparent;transition:.2s;transition-property:color, border-color}.is-style-outline .wp-block-button__link::after{background-color:#FF3E41}.is-style-outline .wp-block-button__link:hover,.is-style-outline .wp-block-button__link:focus{color:light-dark(#243A4D, #EFEFEF) !important;border-color:light-dark(#243A4D, #EFEFEF);background-color:transparent}.is-style-outline .wp-block-button__link:hover::after,.is-style-outline .wp-block-button__link:focus::after{background-color:light-dark(#243A4D, #EFEFEF)}.is-style-link-only .wp-block-button__link{width:unset !important;min-width:0;min-height:0;padding:0;padding-right:4rem;font-weight:600;color:#FF3E41 !important;border:none;background-color:transparent;transition:color .2s,text-decoration-color .2s}.is-style-link-only .wp-block-button__link::after{background-color:#FF3E41}.is-style-link-only .wp-block-button__link:hover,.is-style-link-only .wp-block-button__link:focus{color:light-dark(#243A4D, #EFEFEF) !important;background-color:transparent !important}.is-style-link-only .wp-block-button__link:hover::after,.is-style-link-only .wp-block-button__link:focus::after{background-color:light-dark(#243A4D, #EFEFEF)}\n<\/style>\n<div class=\"wp-block-button\"><a class=\"wp-block-button__link wp-element-button\" href=\"https:\/\/asiseurope.org\/\" target=\"_blank\" rel=\"noreferrer noopener nofollow\">Descubre ASIS Europe<\/a><\/div>\n<\/div>\n<\/div>\n\n\n\n<div class=\"wp-block-column is-layout-flow wp-block-column-is-layout-flow\" style=\"flex-basis:25%\"><style>.wp-block-image{border-radius:16px;overflow:hidden}.wp-block-image img{width:100%}.wp-block-image .wp-element-caption{margin:0;padding:2.4rem;color:#fff;background-color:#243A4D;font-size:inherit;line-height:inherit;text-align:left}\n<\/style>\n<figure class=\"wp-block-image size-full is-style-default\"><img loading=\"lazy\" decoding=\"async\" width=\"1266\" height=\"2560\" src=\"https:\/\/primion.io\/wp-content\/uploads\/2026\/01\/IMG_0020-Edited-1-scaled.png\" alt=\"\" class=\"wp-image-9671\" srcset=\"https:\/\/primion.io\/wp-content\/uploads\/2026\/01\/IMG_0020-Edited-1-scaled.png 1266w, https:\/\/primion.io\/wp-content\/uploads\/2026\/01\/IMG_0020-Edited-1-148x300.png 148w, https:\/\/primion.io\/wp-content\/uploads\/2026\/01\/IMG_0020-Edited-1-506x1024.png 506w, https:\/\/primion.io\/wp-content\/uploads\/2026\/01\/IMG_0020-Edited-1-768x1553.png 768w, https:\/\/primion.io\/wp-content\/uploads\/2026\/01\/IMG_0020-Edited-1-760x1536.png 760w, https:\/\/primion.io\/wp-content\/uploads\/2026\/01\/IMG_0020-Edited-1-1013x2048.png 1013w\" sizes=\"auto, (max-width: 1266px) 100vw, 1266px\" \/><\/figure>\n<\/div>\n<\/div>\n<\/div><\/div><\/section>\n\n\n\n<section class=\"wp-block-custom-container alignwide block-content  block-content--spacing-top block-content--spacing-bottom\"><div class=\"container container--wide\"><div class=\"container__body\">\n<section class=\"wp-block-custom-container alignwide block-content has-primary-background-color\" style=\"background-color:#FF3E41\"><div class=\"container container--wide\"><div class=\"container__body\">\n<div class=\"wp-block-custom-spacing spacing-element spacing-mobile--small spacing-tablet--small spacing-small-desktop--small spacing-desktop--small\"><\/div>\n\n\n\n<div class=\"wp-block-columns are-vertically-aligned-center is-layout-flex wp-container-core-columns-is-layout-9d6595d7 wp-block-columns-is-layout-flex\">\n<div class=\"wp-block-column is-vertically-aligned-center is-layout-flow wp-block-column-is-layout-flow\" style=\"flex-basis:75%\">\n<h2 class=\"wp-block-heading has-text-align-left has-light-background-color has-text-color has-link-color wp-elements-5d005e930afc4da923be2b0169354e18\" class=\"wp-block-heading has-text-align-left has-light-background-color has-text-color has-link-color wp-elements-5d005e930afc4da923be2b0169354e18\" id=\"del-control-de-acceso-a-potenciar-el-equipo-humano-redise%c3%b1ar-la-seguridad-para-la-era-de-las-personas\">Del control de acceso a potenciar el equipo humano: redise\u00f1ar la seguridad para la era de las personas<\/h2>\n\n\n\n<p class=\"has-light-background-color has-text-color has-link-color wp-elements-6c26880bb9b378a7152dd01f429b6b7b\">La seguridad se ha definido durante mucho tiempo por lo que impide. Pero en una \u00e9poca en la que la movilidad del talento, el trabajo h\u00edbrido y la agilidad operativa determinan el \u00e9xito competitivo, este enfoque debe evolucionar. Esta ponencia invita a los l\u00edderes de seguridad a replantearse el control de acceso, no como una barrera, sino como un habilitador que potencia y unifica a toda la plantilla. Al integrar identidades digitales y f\u00edsicas entre sedes, sistemas y horarios, las organizaciones pueden crear una experiencia fluida para cada trabajador: temporal o permanente, en primera l\u00ednea o en oficina.<\/p>\n\n\n\n<p class=\"has-light-background-color has-text-color has-link-color wp-elements-7528bd0ecf4f8a235d1acf300a1fad2e\">Exploraremos c\u00f3mo dise\u00f1ar la seguridad alrededor de las personas \u2013 y no de las restricciones \u2013 no solo cierra brechas, sino que permite a los empleados moverse, colaborar y desempe\u00f1arse con total confianza. El resultado: una estrategia de seguridad que no solo protege a las personas, los activos y los datos, sino que tambi\u00e9n preserva la continuidad operativa y la energ\u00eda humana que impulsa a las empresas hacia adelante.<\/p>\n\n\n\n<p class=\"has-light-background-color has-text-color has-link-color wp-elements-67e69c4e3dd5848b6bb0110e285e4ec6\"><strong>Mi\u00e9rcoles, 25 de marzo, 10:00 \u2013 10:20, Innovation Track Stage<\/strong><\/p>\n<\/div>\n\n\n\n<div class=\"wp-block-column is-vertically-aligned-center is-layout-flow wp-block-column-is-layout-flow\" style=\"flex-basis:25%\">\n<figure class=\"wp-block-image size-full is-style-default\"><img loading=\"lazy\" decoding=\"async\" width=\"750\" height=\"1000\" src=\"https:\/\/primion.io\/wp-content\/uploads\/2026\/01\/Francis-Cepero.webp\" alt=\"\" class=\"wp-image-9387\" srcset=\"https:\/\/primion.io\/wp-content\/uploads\/2026\/01\/Francis-Cepero.webp?t=1775555144 750w, https:\/\/primion.io\/wp-content\/uploads\/2026\/01\/Francis-Cepero-225x300.webp?t=1775555144 225w\" sizes=\"auto, (max-width: 750px) 100vw, 750px\" \/><figcaption class=\"wp-element-caption\">Francis Cepero, CEO Primion<\/figcaption><\/figure>\n<\/div>\n<\/div>\n<\/div><\/div><\/section>\n<\/div><\/div><\/section>\n\n\n\n<section class=\"wp-block-custom-container alignwide block-content  block-content--spacing-top block-content--spacing-bottom\"><div class=\"container container--wide\"><div class=\"container__body\">\n<div class=\"wp-block-custom-spacing spacing-element spacing-mobile--small spacing-tablet--small spacing-small-desktop--small spacing-desktop--small\"><\/div>\n\n\n\n<div class=\"wp-block-columns is-layout-flex wp-container-core-columns-is-layout-9d6595d7 wp-block-columns-is-layout-flex\">\n<div class=\"wp-block-column is-layout-flow wp-block-column-is-layout-flow\">\n<h2 class=\"wp-block-heading\" class=\"wp-block-heading\" id=\"vis%c3%adtanos-en-el-stand-a8\">Vis\u00edtanos en el stand A8<\/h2>\n\n\n\n<p>Descubre de primera mano nuestras \u00faltimas innovaciones en el <strong>stand&nbsp;A8<\/strong>. Presentamos nuestra soluci\u00f3n de <strong>Critical Event Management<\/strong>, dise\u00f1ada para proteger lo que m\u00e1s importa: tu personal, tus activos y tus datos.<\/p>\n\n\n\n<p><strong><strong>Qu\u00e9 encontrar\u00e1s en nuestro stand:<\/strong><\/strong><\/p>\n\n\n\n<ul class=\"wp-block-list\">\n<li><strong>Demos en vivo:<\/strong> Observa nuestra soluci\u00f3n de Critical Event Management en funcionamiento.<\/li>\n\n\n\n<li><strong>Asesoramiento de expertos<\/strong>: Comenta tus retos espec\u00edficos con nuestro equipo.<\/li>\n\n\n\n<li><strong>Networking:<\/strong> Aprovecha m\u00e1s de <strong>12 horas<\/strong> de oportunidades de networking de alta calidad.<br><\/li>\n<\/ul>\n<\/div>\n\n\n\n<div class=\"wp-block-column is-layout-flow wp-block-column-is-layout-flow\">\n<section class=\"wp-block-custom-container alignwide block-content has-light-grey-dark-grey-background-color has-light-dark-background-color\" style=\"background-color:light-dark(#EFEFEF, #243A4D)\"><div class=\"container container--wide\"><div class=\"container__body\">\n<h2 class=\"wp-block-heading\" class=\"wp-block-heading\" id=\"informaci%c3%b3n-pr%c3%a1ctica\">Informaci\u00f3n pr\u00e1ctica<\/h2>\n\n\n\n<p><br><strong>Direcci\u00f3n del recinto:<\/strong><br><br>Elisabeth Center Amberes<br>Koningin Astridplein 20-26, 2018 Amberes, B\u00e9lgica<\/p>\n\n\n\n<p><br><strong>Horario de apertura:<\/strong><\/p>\n\n\n\n<ul class=\"wp-block-list\">\n<li><strong><strong>Recepci\u00f3n de bienvenida:<\/strong> <\/strong>23 de marzo, 18:00 \u2013 20:00<\/li>\n\n\n\n<li><strong>Exposici\u00f3n:<\/strong> 24 y 25 de marzo<\/li>\n<\/ul>\n<\/div><\/div><\/section>\n<\/div>\n<\/div>\n<\/div><\/div><\/section>\n","protected":false},"excerpt":{"rendered":"","protected":false},"author":14,"featured_media":0,"parent":0,"menu_order":0,"comment_status":"closed","ping_status":"closed","template":"","meta":{"_acf_changed":false,"footnotes":""},"class_list":["post-10095","page","type-page","status-publish","hentry"],"acf":[],"_links":{"self":[{"href":"https:\/\/primion.io\/es\/wp-json\/wp\/v2\/pages\/10095","targetHints":{"allow":["GET"]}}],"collection":[{"href":"https:\/\/primion.io\/es\/wp-json\/wp\/v2\/pages"}],"about":[{"href":"https:\/\/primion.io\/es\/wp-json\/wp\/v2\/types\/page"}],"author":[{"embeddable":true,"href":"https:\/\/primion.io\/es\/wp-json\/wp\/v2\/users\/14"}],"replies":[{"embeddable":true,"href":"https:\/\/primion.io\/es\/wp-json\/wp\/v2\/comments?post=10095"}],"version-history":[{"count":5,"href":"https:\/\/primion.io\/es\/wp-json\/wp\/v2\/pages\/10095\/revisions"}],"predecessor-version":[{"id":10492,"href":"https:\/\/primion.io\/es\/wp-json\/wp\/v2\/pages\/10095\/revisions\/10492"}],"wp:attachment":[{"href":"https:\/\/primion.io\/es\/wp-json\/wp\/v2\/media?parent=10095"}],"curies":[{"name":"wp","href":"https:\/\/api.w.org\/{rel}","templated":true}]}}