{"id":3129,"date":"2025-01-30T10:26:54","date_gmt":"2025-01-30T09:26:54","guid":{"rendered":"https:\/\/primion.io\/product\/prime-webaccess\/"},"modified":"2025-06-16T15:22:13","modified_gmt":"2025-06-16T13:22:13","slug":"prime-webaccess","status":"publish","type":"product","link":"https:\/\/primion.io\/de\/product\/prime-webaccess\/","title":{"rendered":"prime WebAccess"},"content":{"rendered":"","protected":false},"excerpt":{"rendered":"<p>Sch\u00fctzen Sie Geb\u00e4ude und Werte vor unberechtigtem Zutritt durch flexible, zuverl\u00e4ssige Systeme.<\/p>\n","protected":false},"featured_media":0,"menu_order":0,"template":"","meta":{"_acf_changed":true},"product-country":[97,98,106],"product-type":[96],"class_list":["post-3129","product","type-product","status-publish","hentry","product-country-benelux-de","product-country-deutschland","product-country-frankreich","product-type-software-de"],"acf":[],"_links":{"self":[{"href":"https:\/\/primion.io\/de\/wp-json\/wp\/v2\/product\/3129","targetHints":{"allow":["GET"]}}],"collection":[{"href":"https:\/\/primion.io\/de\/wp-json\/wp\/v2\/product"}],"about":[{"href":"https:\/\/primion.io\/de\/wp-json\/wp\/v2\/types\/product"}],"wp:attachment":[{"href":"https:\/\/primion.io\/de\/wp-json\/wp\/v2\/media?parent=3129"}],"wp:term":[{"taxonomy":"product-country","embeddable":true,"href":"https:\/\/primion.io\/de\/wp-json\/wp\/v2\/product-country?post=3129"},{"taxonomy":"product-type","embeddable":true,"href":"https:\/\/primion.io\/de\/wp-json\/wp\/v2\/product-type?post=3129"}],"curies":[{"name":"wp","href":"https:\/\/api.w.org\/{rel}","templated":true}]}}