{"id":3069,"date":"2025-01-30T10:26:54","date_gmt":"2025-01-30T09:26:54","guid":{"rendered":"https:\/\/primion.io\/product\/idt-32\/"},"modified":"2026-01-19T09:25:02","modified_gmt":"2026-01-19T08:25:02","slug":"idt-32","status":"publish","type":"product","link":"https:\/\/primion.io\/de\/product\/idt-32\/","title":{"rendered":"IDT 32"},"content":{"rendered":"","protected":false},"excerpt":{"rendered":"<p>Steuereinheit f\u00fcr Alarm\u00fcberwachung, Brandmeldeanlagen und Video\u00fcberwachung.<\/p>\n","protected":false},"featured_media":0,"menu_order":0,"template":"","meta":{"_acf_changed":true},"product-country":[97,98],"product-type":[99],"class_list":["post-3069","product","type-product","status-publish","hentry","product-country-benelux-de","product-country-deutschland","product-type-hardware-de"],"acf":[],"_links":{"self":[{"href":"https:\/\/primion.io\/de\/wp-json\/wp\/v2\/product\/3069","targetHints":{"allow":["GET"]}}],"collection":[{"href":"https:\/\/primion.io\/de\/wp-json\/wp\/v2\/product"}],"about":[{"href":"https:\/\/primion.io\/de\/wp-json\/wp\/v2\/types\/product"}],"wp:attachment":[{"href":"https:\/\/primion.io\/de\/wp-json\/wp\/v2\/media?parent=3069"}],"wp:term":[{"taxonomy":"product-country","embeddable":true,"href":"https:\/\/primion.io\/de\/wp-json\/wp\/v2\/product-country?post=3069"},{"taxonomy":"product-type","embeddable":true,"href":"https:\/\/primion.io\/de\/wp-json\/wp\/v2\/product-type?post=3069"}],"curies":[{"name":"wp","href":"https:\/\/api.w.org\/{rel}","templated":true}]}}