{"id":3002,"date":"2025-01-30T11:32:29","date_gmt":"2025-01-30T10:32:29","guid":{"rendered":"https:\/\/primion.io\/product\/prime-plan\/"},"modified":"2025-06-16T12:28:08","modified_gmt":"2025-06-16T10:28:08","slug":"prime-plan","status":"publish","type":"product","link":"https:\/\/primion.io\/de\/product\/prime-plan\/","title":{"rendered":"prime Plan"},"content":{"rendered":"","protected":false},"excerpt":{"rendered":"<p>Eine moderne Softwarel\u00f6sung, die die Personaleinsatzplanung unter Ber\u00fccksichtigung der Verf\u00fcgbarkeit, der Qualifikationen und der Arbeitszeiten der Mitarbeiter rationalisiert, die Effizienz steigert und die Planungszeit reduziert.<\/p>\n","protected":false},"featured_media":0,"menu_order":0,"template":"","meta":{"_acf_changed":true},"product-country":[97],"product-type":[96],"class_list":["post-3002","product","type-product","status-publish","hentry","product-country-benelux-de","product-type-software-de"],"acf":[],"_links":{"self":[{"href":"https:\/\/primion.io\/de\/wp-json\/wp\/v2\/product\/3002","targetHints":{"allow":["GET"]}}],"collection":[{"href":"https:\/\/primion.io\/de\/wp-json\/wp\/v2\/product"}],"about":[{"href":"https:\/\/primion.io\/de\/wp-json\/wp\/v2\/types\/product"}],"wp:attachment":[{"href":"https:\/\/primion.io\/de\/wp-json\/wp\/v2\/media?parent=3002"}],"wp:term":[{"taxonomy":"product-country","embeddable":true,"href":"https:\/\/primion.io\/de\/wp-json\/wp\/v2\/product-country?post=3002"},{"taxonomy":"product-type","embeddable":true,"href":"https:\/\/primion.io\/de\/wp-json\/wp\/v2\/product-type?post=3002"}],"curies":[{"name":"wp","href":"https:\/\/api.w.org\/{rel}","templated":true}]}}