{"id":9132,"date":"2026-02-12T11:32:50","date_gmt":"2026-02-12T10:32:50","guid":{"rendered":"https:\/\/primion.io\/?page_id=9132"},"modified":"2026-02-16T14:05:12","modified_gmt":"2026-02-16T13:05:12","slug":"critical-event-management-intelligent-einsetzen","status":"publish","type":"page","link":"https:\/\/primion.io\/de\/critical-event-management-intelligent-einsetzen\/","title":{"rendered":"Critical Event Management intelligent einsetzen\u00a0"},"content":{"rendered":"\n<section class=\"wp-block-custom-container alignwide block-content  block-content--spacing-top block-content--spacing-bottom\"><style>.block-content{position:relative;border-bottom:1px solid light-dark(#EFEFEF, #243A4D)}.block-content:only-child{border-bottom:0}.block-content--spacing-top{padding-top:4.8rem}@media (min-width: 992px){.block-content--spacing-top{padding-top:9.6rem}}.block-content--spacing-bottom{padding-bottom:2.4rem}@media (min-width: 992px){.block-content--spacing-bottom{padding-bottom:7.2rem}}.block-content--margin-top{margin-top:4.8rem}@media (min-width: 992px){.block-content--margin-top{margin-top:9.6rem}}.block-content--margin-bottom{margin-bottom:4.8rem}@media (min-width: 992px){.block-content--margin-bottom{margin-bottom:9.6rem}}.block-content .container{position:relative;z-index:1}.block-content .container--full{padding:0}.block-content .container .block-content{display:flex;border-bottom:0;border-radius:16px}.block-content .container .block-content .container{padding:2.4rem;padding-bottom:2px}.block-content .container .block-content .container h1,.block-content .container .block-content .container h2,.block-content .container .block-content .container h3,.block-content .container .block-content .container h4,.block-content .container .block-content .container h5,.block-content .container .block-content .container h6,.block-content .container .block-content .container .h1,.block-content .container .block-content .container .h2,.block-content .container .block-content .container .h3,.block-content .container .block-content .container .h4,.block-content .container .block-content .container .h5,.block-content .container .block-content .container .h6{margin-bottom:1.6rem}.block-content .container .col:not(:only-child) .block-content:only-child,.block-content .container .col:not(:only-child) .container:only-child{min-height:100%}.block-content .container-overlay{position:absolute;z-index:0;top:0;right:0;bottom:0;left:0}.block-content.has-primary-background-color:not(:has(.container)){padding:3.2rem 0 !important}.block-content.has-primary-background-color .container{padding:3.2rem !important}.block-content.has-primary-background-color .wp-block-buttons>.wp-block-button:last-child{margin-bottom:0}\n<\/style><div class=\"container container--wide\"><div class=\"container__body\">\n<div class=\"wp-block-custom-columns columns-row row\"><style>.columns-row--spacing-top{padding-top:4.8rem}@media (min-width: 992px){.columns-row--spacing-top{padding-top:9.6rem}}.columns-row--spacing-bottom{padding-bottom:4.8rem}@media (min-width: 992px){.columns-row--spacing-bottom{padding-bottom:9.6rem}}.columns-row--margin-top{margin-top:4.8rem}@media (min-width: 992px){.columns-row--margin-top{margin-top:9.6rem}}.columns-row--margin-bottom{margin-bottom:4.8rem}@media (min-width: 992px){.columns-row--margin-bottom{margin-bottom:9.6rem}}.columns-row.seperator .col{position:relative}.columns-row.seperator .col.col-lg-4:not(:last-child)::after,.columns-row.seperator .col.col-lg-3:not(:last-child)::after,.columns-row.seperator .col.col-lg-6:not(:last-child)::after{content:'';position:absolute;bottom:0;left:24px;width:calc(100% - 48px);height:1px;background-color:#FF3E41}@media (min-width: 992px){.columns-row.seperator .col.col-lg-4:not(:last-child),.columns-row.seperator .col.col-lg-3:not(:last-child),.columns-row.seperator .col.col-lg-6:not(:last-child){border-right:1px solid #FF3E41}.columns-row.seperator .col.col-lg-4:not(:last-child)::after,.columns-row.seperator .col.col-lg-3:not(:last-child)::after,.columns-row.seperator .col.col-lg-6:not(:last-child)::after{display:none !important}}.columns-row.seperator .col.col-xl-4:not(:last-child)::after,.columns-row.seperator .col.col-xl-3:not(:last-child)::after,.columns-row.seperator .col.col-xl-6:not(:last-child)::after{content:'';position:absolute;bottom:0;left:24px;width:calc(100% - 48px);height:1px;background-color:#FF3E41}@media (min-width: 1380px){.columns-row.seperator .col.col-xl-4:not(:last-child),.columns-row.seperator .col.col-xl-3:not(:last-child),.columns-row.seperator .col.col-xl-6:not(:last-child){border-right:1px solid #FF3E41}.columns-row.seperator .col.col-xl-4:not(:last-child)::after,.columns-row.seperator .col.col-xl-3:not(:last-child)::after,.columns-row.seperator .col.col-xl-6:not(:last-child)::after{display:none !important}}\n<\/style>\n<div class=\"wp-block-custom-column col col-6 col-lg-8\">\n<div class=\"wp-block-custom-spacing spacing-element spacing-mobile--small spacing-tablet--small spacing-small-desktop--small spacing-desktop--small\"><\/div>\n\n\n\n<p><nav aria-label=\"breadcrumbs\" class=\"rank-math-breadcrumb\"><p><span class=\"last\">Home<\/span><\/p><\/nav><\/p>\n\n\n\n<h1 class=\"wp-block-heading\">Wie Sicherheitsverantwortliche in Beh\u00f6rden und Unternehmen Gefahren erkennen,\u00a0bevor die Situation\u00a0eskaliert.<\/h1>\n\n\n\n<p>Campus Lecture Wien: KI in Strafverfolgung und Polizeiarbeit<\/p>\n\n\n\n<p>Spannende Einblicke mit Prof. Dr. Marlon Possard und Dipl.-Ing. (FH) Markus Zeppenfeld&nbsp;&nbsp;<\/p>\n\n\n\n<ul class=\"wp-block-list\">\n<li>Mittwoch, 20. Mai 2026 ab 17:00 Uhr<\/li>\n\n\n\n<li><a href=\"https:\/\/www.hcw.ac.at\/studium-weiterbildung\/aktuell\/news-und-events\/campus-lectures-ki-in-strafverfolgung-und-polizeiarbeit\" data-type=\"link\" data-id=\"https:\/\/www.hcw.ac.at\/studium-weiterbildung\/aktuell\/news-und-events\/campus-lectures-ki-in-strafverfolgung-und-polizeiarbeit\" target=\"_blank\" rel=\"noreferrer noopener nofollow\">Hochschule Campus Wien<\/a>, Festsaal B.E<\/li>\n\n\n\n<li>Vortrag&nbsp;mit Live-Demo und anschlie\u00dfendem Networking<\/li>\n<\/ul>\n\n\n\n<div class=\"wp-block-custom-spacing spacing-element spacing-mobile--small spacing-tablet--small spacing-small-desktop--small spacing-desktop--small\"><\/div>\n\n\n\n<div class=\"wp-block-buttons is-horizontal is-content-justification-left is-layout-flex wp-container-core-buttons-is-layout-92fc3979 wp-block-buttons-is-layout-flex\"><style>.wp-block-button{margin:0 0 2.4rem;width:100%}@media (min-width: 782px){.wp-block-button{width:unset}}.wp-block-button.align-center{text-align:center}.wp-block-button.align-right{text-align:right}.wp-block-buttons>.wp-block-button{margin-bottom:2.4rem}.wp-block-button__link{position:relative;display:inline-block;padding:1rem 4.4rem 1rem 1.6rem;width:100%;color:#fff !important;font-weight:600;text-align:left;text-decoration:none;min-height:4rem;border:2px solid #FF3E41;border-radius:100px;background-color:#FF3E41;cursor:pointer;font-size:1.6rem;line-height:1}@media (min-width: 782px){.wp-block-button__link{width:unset}}.wp-block-button__link:empty::after{right:8px;width:1.8rem;height:1.8rem;mask-image:url(\"https:\/\/primion.io\/wp-content\/themes\/ATLAS\/images\/svg\/chevron-right-white.svg\")}.wp-block-button__link::after{content:'';position:absolute;top:50%;right:12px;transform:translateY(-50%);width:1.8rem;height:1.8rem;mask-image:url(\"https:\/\/primion.io\/wp-content\/themes\/ATLAS\/images\/svg\/chevron-right-white.svg\");mask-size:contain;mask-repeat:no-repeat;mask-position:center center;background-color:#fff;transition:background-color .2s}.wp-block-button__link:has(img) img{position:absolute;top:50%;right:8px;transform:translateY(-50%);width:2.4rem;height:2.4rem}.wp-block-button__link:has(img)::after{display:none}.wp-block-button:not(.is-style-link-only):not(.is-style-outline):not(.is-style-fill-secondary) .wp-block-button__link:hover,.wp-block-button:not(.is-style-link-only):not(.is-style-outline):not(.is-style-fill-secondary) .wp-block-button__link:focus{color:#fff !important;border-color:#68727F;background-color:#68727F}.has-light-dark-background-color .wp-block-button:not(.is-style-link-only):not(.is-style-outline):not(.is-style-fill-secondary) .wp-block-button__link:hover,.has-light-dark-background-color .wp-block-button:not(.is-style-link-only):not(.is-style-outline):not(.is-style-fill-secondary) .wp-block-button__link:focus{border-color:light-dark(#243A4D, #000);background-color:light-dark(#243A4D, #000)}.wp-block-button .wp-block-button__link{transition:.2s}.is-style-fill-secondary .wp-block-button__link{border-color:#243A4D;background-color:#243A4D}.is-style-fill-secondary .wp-block-button__link:hover,.is-style-fill-secondary .wp-block-button__link:focus{color:#fff !important;border-color:#FF3E41;background-color:#FF3E41}.is-style-outline .wp-block-button__link{padding:1rem 4.4rem 1rem 1.6rem;color:#FF3E41 !important;border:2px solid #FF3E41;background-color:transparent;transition:.2s;transition-property:color, border-color}.is-style-outline .wp-block-button__link::after{background-color:#FF3E41}.is-style-outline .wp-block-button__link:hover,.is-style-outline .wp-block-button__link:focus{color:light-dark(#243A4D, #EFEFEF) !important;border-color:light-dark(#243A4D, #EFEFEF);background-color:transparent}.is-style-outline .wp-block-button__link:hover::after,.is-style-outline .wp-block-button__link:focus::after{background-color:light-dark(#243A4D, #EFEFEF)}.is-style-link-only .wp-block-button__link{width:unset !important;min-width:0;min-height:0;padding:0;padding-right:4rem;font-weight:600;color:#FF3E41 !important;border:none;background-color:transparent;transition:color .2s,text-decoration-color .2s}.is-style-link-only .wp-block-button__link::after{background-color:#FF3E41}.is-style-link-only .wp-block-button__link:hover,.is-style-link-only .wp-block-button__link:focus{color:light-dark(#243A4D, #EFEFEF) !important;background-color:transparent !important}.is-style-link-only .wp-block-button__link:hover::after,.is-style-link-only .wp-block-button__link:focus::after{background-color:light-dark(#243A4D, #EFEFEF)}\n<\/style>\n<div class=\"wp-block-button\"><a class=\"wp-block-button__link wp-element-button\" href=\"https:\/\/eveeno.com\/cl-ki-strafverfolgung\" target=\"_blank\" rel=\"noreferrer noopener nofollow\">Jetzt kostenlos Ihren Platz sichern\u2013 die Pl\u00e4tze sind limitiert<\/a><\/div>\n<\/div>\n<\/div>\n\n\n\n<div class=\"wp-block-custom-column col col-4 col-lg-4\">\n<div class=\"wp-block-custom-spacing spacing-element spacing-mobile--small spacing-tablet--small spacing-small-desktop--small spacing-desktop--small\"><\/div>\n\n\n<style>.wp-block-image{border-radius:16px;overflow:hidden}.wp-block-image img{width:100%}.wp-block-image .wp-element-caption{margin:0;padding:2.4rem;color:#fff;background-color:#243A4D;font-size:inherit;line-height:inherit;text-align:left}\n<\/style>\n<figure class=\"wp-block-image size-large is-style-default\"><img loading=\"lazy\" decoding=\"async\" width=\"1024\" height=\"683\" src=\"https:\/\/primion.io\/wp-content\/uploads\/2025\/06\/israel-andrade-YI_9SivVt_s-unsplash-1024x683.jpg\" alt=\"\" class=\"wp-image-6611\" style=\"aspect-ratio:3\/4;object-fit:cover\" srcset=\"https:\/\/primion.io\/wp-content\/uploads\/2025\/06\/israel-andrade-YI_9SivVt_s-unsplash-1024x683.jpg 1024w, https:\/\/primion.io\/wp-content\/uploads\/2025\/06\/israel-andrade-YI_9SivVt_s-unsplash-300x200.jpg 300w, https:\/\/primion.io\/wp-content\/uploads\/2025\/06\/israel-andrade-YI_9SivVt_s-unsplash-768x512.jpg 768w, https:\/\/primion.io\/wp-content\/uploads\/2025\/06\/israel-andrade-YI_9SivVt_s-unsplash-1536x1024.jpg 1536w, https:\/\/primion.io\/wp-content\/uploads\/2025\/06\/israel-andrade-YI_9SivVt_s-unsplash-2048x1365.jpg 2048w\" sizes=\"auto, (max-width: 1024px) 100vw, 1024px\" \/><\/figure>\n<\/div>\n<\/div>\n<\/div><\/div><\/section>\n\n\n\n<section class=\"wp-block-custom-container alignwide block-content\"><div class=\"container container--wide\"><div class=\"container__body\">\n<div class=\"wp-block-custom-spacing spacing-element spacing-mobile--small spacing-tablet--small spacing-small-desktop--small spacing-desktop--small\"><\/div>\n\n\n\n<h2 class=\"wp-block-heading\" class=\"wp-block-heading\" id=\"wie-ki-die-sicherheitslage-grundlegend-veraendert\">Wie KI die Sicherheitslage&nbsp;grundlegend ver\u00e4ndert&nbsp;<\/h2>\n\n\n\n<p>Die Digitalisierung der Sicherheitslandschaft passiert nicht mehr in&nbsp;der&nbsp;Zukunft,&nbsp;sondern schon&nbsp;jetzt. Moderne KI-Systeme erkennen Gefahren, bevor Menschen sie \u00fcberhaupt wahrnehmen k\u00f6nnen. Sie analysieren Situationen, priorisieren Ereignisse, koordinieren Abl\u00e4ufe und unterst\u00fctzen Einsatzkr\u00e4fte dort, wo jede Sekunde z\u00e4hlt.&nbsp;<\/p>\n\n\n\n<p>Diese&nbsp;<strong><a href=\"https:\/\/www.hcw.ac.at\/studium-weiterbildung\/aktuell\/news-und-events\/campus-lectures-ki-in-strafverfolgung-und-polizeiarbeit\" target=\"_blank\" rel=\"noreferrer noopener nofollow\">Campus&nbsp;Lecture<\/a><\/strong>&nbsp;gibt einen fundierten, kritischen und hochaktuellen Einblick in Technologien, die Polizeiarbeit, Strafverfolgung und Sicherheitsmanagement bereits heute neu definieren.&nbsp;<\/p>\n\n\n\n<div class=\"wp-block-custom-columns columns-row row\">\n<div class=\"wp-block-custom-column col col-12 col-lg-8\"><\/div>\n<\/div>\n<\/div><\/div><\/section>\n\n\n\n<section class=\"wp-block-custom-container alignwide block-content\"><div class=\"container container--wide\"><div class=\"container__body\">\n<div class=\"wp-block-custom-spacing spacing-element spacing-mobile--small spacing-tablet--small spacing-small-desktop--small spacing-desktop--small\"><\/div>\n\n\n\n<h2 class=\"wp-block-heading\" class=\"wp-block-heading\" id=\"es-erwarten-sie-spannende-einblicke-in\">Es erwarten Sie spannende Einblicke in<\/h2>\n\n\n\n<div class=\"wp-block-custom-columns columns-row row\">\n<div class=\"wp-block-custom-column col col-12 col-lg-4\">\n<div class=\"acf-block block-case-teaser align block-case-teaser--full\">\n\t<style>.block-case-teaser{display:flex;position:relative;color:#fff;background-color:#243A4D;border-radius:16px;overflow:hidden;min-height:100%}.block-case-teaser__row{display:flex;flex-wrap:nowrap;flex-direction:column;width:100%}.block-case-teaser__label{display:inline-block;margin:0 0 2.4rem;color:#FF3E41;font-size:1.6rem;line-height:1}.block-case-teaser__title{max-width:100%;margin:0 0 2.4rem}.block-case-teaser__content{flex:1 0 0;align-self:stretch}.block-case-teaser__content a{color:#9FA5AD}.block-case-teaser__content a:hover,.block-case-teaser__content a:focus{color:#9FA5AD !important}.block-case-teaser__img-wrapper{aspect-ratio:unset;width:unset;padding:2.4rem;padding-bottom:0}@media (min-width: 992px){.block-case-teaser__img-wrapper{padding:3.2rem;padding-bottom:0}}.block-case-teaser__img-wrapper img,.block-case-teaser__img-wrapper svg{width:4.8rem;height:4.8rem;object-fit:contain}.block-case-teaser--full .block-case-teaser__img-wrapper{position:relative;width:100%;aspect-ratio:1 \/ 1;padding:0 !important}.block-case-teaser--full .block-case-teaser__img-wrapper img,.block-case-teaser--full .block-case-teaser__img-wrapper svg{width:100%;height:100%;object-fit:cover}.block-case-teaser__img-wrapper:has(.block-case-teaser__title){display:flex;align-items:center;gap:24px}.block-case-teaser__img-wrapper:has(.block-case-teaser__title) .block-case-teaser__title{margin:0}.block-case-teaser__button{align-self:flex-end;line-height:1}.block-case-teaser__link{min-width:4rem;padding:1rem 1.2rem}.block-case-teaser__content-wrapper{display:flex;flex-direction:column;width:100%;padding:2.4rem;padding-top:1.6rem;min-height:100%}@media (min-width: 992px){.block-case-teaser__content-wrapper{padding:3.2rem;padding-top:2.4rem}}.block-case-teaser--full .block-case-teaser__content-wrapper{padding:2.4rem}@media (min-width: 992px){.block-case-teaser--full .block-case-teaser__content-wrapper{padding:3.2rem}}.block-case-teaser__content-wrapper img{margin-right:1.2rem}.block-case-teaser .wp-block-button{margin-bottom:0}.block-case-teaser .wp-block-button.full-width .wp-block-button__link{width:100%}.block-case-teaser .wp-block-button__link:hover,.block-case-teaser .wp-block-button__link:focus{border-color:#000 !important;background-color:#000 !important}.block-case-teaser__download .wp-block-button__link::after{mask-image:url(\"https:\/\/primion.io\/wp-content\/themes\/ATLAS\/images\/svg\/icon_eye_white.svg\")}\n<\/style>\t<div class=\"block-case-teaser__row\">\n\t\t\t<div class=\"block-case-teaser__content-wrapper\">\n\t\t\t\t\t\t\t<h3 class=\"block-case-teaser__title\">Bildanalyse &#038; Echtzeitdetektion<\/h3>\n\t\t\t\t\t\t\t<div class=\"block-case-teaser__content\"><p>Erfahren Sie, wie KI-gest\u00fctzte Videosysteme Waffen, Rauch oder ungew\u00f6hnliche Bewegungsmuster erkennen und wie dadurch Reaktionszeiten drastisch verk\u00fcrzt werden k\u00f6nnen.<\/p>\n<div id=\"lt-accessibility-devtools\" aria-hidden=\"true\"><\/div>\n<\/div>\n\t\t\n\t\t\t\t\n\t\t<\/div>\n\t<\/div>\n\n<\/div><\/div>\n\n\n\n<div class=\"wp-block-custom-column col col-12 col-lg-4\">\n<div class=\"acf-block block-case-teaser align block-case-teaser--full\">\n\t\t<div class=\"block-case-teaser__row\">\n\t\t\t<div class=\"block-case-teaser__content-wrapper\">\n\t\t\t\t\t\t\t<h3 class=\"block-case-teaser__title\">Critical Event Management <\/h3>\n\t\t\t\t\t\t\t<div class=\"block-case-teaser__content\"><p>Ein Blick hinter die Kulissen modernster Technologie f\u00fcr Leitstellen: Wie werden Bedrohungen automatisch bewertet, eskalierende Situationen fr\u00fchzeitig sichtbar gemacht und Einsatzkr\u00e4fte effizient koordiniert?<\/p>\n<\/div>\n\t\t\n\t\t\t\t\n\t\t<\/div>\n\t<\/div>\n\n<\/div><\/div>\n\n\n\n<div class=\"wp-block-custom-column col col-12 col-lg-4\">\n<div class=\"acf-block block-case-teaser align block-case-teaser--full\">\n\t\t<div class=\"block-case-teaser__row\">\n\t\t\t<div class=\"block-case-teaser__content-wrapper\">\n\t\t\t\t\t\t\t<h3 class=\"block-case-teaser__title\">Automatisierte Sicherheitsprozesse<\/h3>\n\t\t\t\t\t\t\t<div class=\"block-case-teaser__content\"><p>Wie die KI Prozesse \u00fcbernimmt, Informationen b\u00fcndelt und Sicherheitsverantwortliche entlastet. Ob in Beh\u00f6rden, \u00f6ffentlichen Einrichtungen oder privaten Unternehmen.<\/p>\n<div id=\"lt-accessibility-devtools\" aria-hidden=\"true\"><\/div>\n<\/div>\n\t\t\n\t\t\t\t\n\t\t<\/div>\n\t<\/div>\n\n<\/div><\/div>\n<\/div>\n\n\n\n<div class=\"wp-block-custom-spacing spacing-element spacing-mobile--small spacing-tablet--small spacing-small-desktop--small spacing-desktop--small\"><\/div>\n\n\n\n<section class=\"wp-block-custom-container alignwide block-content has-primary-background-color\" style=\"background-color:#FF3E41\"><div class=\"container container--wide\"><div class=\"container__body\">\n<h3 class=\"wp-block-heading has-light-background-color has-text-color has-link-color wp-elements-bc7549af0276aa954838edb0764a2052\">Live-Demo: Critical Event Management von&nbsp;Primion&nbsp;<\/h3>\n\n\n\n<p class=\"has-light-background-color has-text-color has-link-color wp-elements-856fc10fab19b3c5c6e64325824b7873\">Praxisnah&nbsp;und realistisch: Wie vernetzte Systeme in Echtzeit zusammenspielen&nbsp;und die&nbsp;Zutrittskontrolle&nbsp;und&nbsp;Videotechnik&nbsp;sowie&nbsp;Alarmsysteme und&nbsp;KI-Analysen&nbsp;eine&nbsp;integrative Sicherheitslandschaft bilden.&nbsp;<\/p>\n<\/div><\/div><\/section>\n<\/div><\/div><\/section>\n\n\n\n<section class=\"wp-block-custom-container alignwide block-content has-white-black-background-color block-content--spacing-top block-content--spacing-bottom has-light-background-background-color\" style=\"background-color:light-dark(#FFFFFF, #000000)\" id=\"vision\"><div class=\"container container--wide\"><div class=\"container__body\">\n<div class=\"wp-block-custom-spacing spacing-element spacing-mobile--small spacing-tablet--small spacing-small-desktop--small spacing-desktop--small\"><\/div>\n\n\n\n<div class=\"wp-block-custom-columns columns-row row\">\n<div class=\"wp-block-custom-column col col-12 col-lg-6\">\n<h2 class=\"wp-block-heading\" class=\"wp-block-heading\" id=\"expertise-auf-hoechstem-niveau-mit-prof-dr-marlon-possard\">Expertise auf h\u00f6chstem Niveau mit Prof. Dr. Marlon Possard<\/h2>\n\n\n\n<p>Einer der zentralen Referenten des Abends ist <a href=\"https:\/\/possard.at\" target=\"_blank\" rel=\"noreferrer noopener nofollow\">Prof. Dr. Marlon Possard<\/a>, ein europaweit anerkannter und gefragter Experte f\u00fcr digitale Sicherheitsstrategien, KI-Ethik und datengetriebene Polizeiarbeit. Seine Forschung und Lehre bewegen sich an der Schnittstelle von Technologie, Recht und operativer Praxis. Possard ber\u00e4t sowohl \u00f6ffentliche Einrichtungen als auch Unternehmen und gilt als <strong>eine der Stimmen, die gleicherma\u00dfen tief in technischen Details wie in den gesellschaftlichen Auswirkungen verankert ist.<\/strong> Mit seiner F\u00e4higkeit, komplexe Technologien verst\u00e4ndlich einzuordnen und kritisch zu hinterfragen, bietet er Perspektiven, die weit \u00fcber technische Demonstrationen hinausgehen.<\/p>\n<\/div>\n\n\n\n<div class=\"wp-block-custom-column col col-12 col-lg-6\">\n<h2 class=\"wp-block-heading\" class=\"wp-block-heading\" id=\"warum-diese-lecture-fuer-sie-absolut-relevant-sein-koennte\">Warum diese Lecture f\u00fcr Sie absolut relevant sein k\u00f6nnte<\/h2>\n\n\n\n<p>Sicherheitsverantwortliche, ob in Beh\u00f6rden, Unternehmen oder in der Forschung stehen vor derselben Herausforderung: Wie lassen sich moderne Technologien nutzen, ohne Kontrolle, Transparenz oder Sicherheit zu verlieren?<\/p>\n\n\n\n<p>Sie erfahren:<\/p>\n\n\n\n<ul class=\"wp-block-list\">\n<li>welche Systeme heute bereits im Einsatz sind<\/li>\n\n\n\n<li>wo ihre Grenzen liegen<\/li>\n\n\n\n<li>welche Chancen sie bieten<\/li>\n\n\n\n<li>und welche Verantwortung&nbsp;deren&nbsp;Anwendung mit sich bringt<\/li>\n<\/ul>\n\n\n\n<p>Eine&nbsp;Lecture&nbsp;f\u00fcr alle, die verstehen m\u00f6chten, wie sich Sicherheitsarbeit ver\u00e4ndert und welche Rolle sie selbst darin spielen k\u00f6nnen.&nbsp;<\/p>\n<\/div>\n<\/div>\n<\/div><\/div><\/section>\n\n\n\n<section class=\"wp-block-custom-container alignwide block-content  block-content--spacing-bottom\"><div class=\"container container--wide\"><div class=\"container__body\">\n<div class=\"wp-block-custom-columns columns-row row\">\n<div class=\"wp-block-custom-column col col-12 col-xl-12 offset-xl-0\">\n<section class=\"wp-block-custom-container alignwide block-content has-primary-background-color\" style=\"background-color:#FF3E41\"><div class=\"container container--wide\"><div class=\"container__body\">\n<h2 class=\"wp-block-heading has-light-background-color has-text-color has-link-color wp-elements-05b37eb20b9033b91b198ae7199666e7\" class=\"wp-block-heading has-light-background-color has-text-color has-link-color wp-elements-05b37eb20b9033b91b198ae7199666e7\" id=\"lassen-sie-sich-diese-gelegenheit-nicht-entgehen\">Lassen Sie sich diese Gelegenheit nicht entgehen<\/h2>\n\n\n\n<p class=\"has-light-background-color has-text-color has-link-color wp-elements-20689050b548e46c1d58e337fc5c2f70\">Nutzen Sie die Gelegenheit, technologische Innovation live zu erleben, mit Experten ins Gespr\u00e4ch zu kommen und sich mit Fachkolleginnen und -kollegen zu vernetzen.<\/p>\n\n\n\n<div class=\"wp-block-buttons is-layout-flex wp-block-buttons-is-layout-flex\">\n<div class=\"wp-block-button is-style-fill-secondary\"><a class=\"wp-block-button__link wp-element-button\" href=\"https:\/\/eveeno.com\/cl-ki-strafverfolgung\" target=\"_blank\" rel=\"noreferrer noopener nofollow\">Jetzt kostenlos Ihren Platz sichern \u2013 die Pl\u00e4tze sind&nbsp;limitiert.&nbsp;<\/a><\/div>\n<\/div>\n<\/div><\/div><\/section>\n<\/div>\n<\/div>\n<\/div><\/div><\/section>\n","protected":false},"excerpt":{"rendered":"","protected":false},"author":14,"featured_media":0,"parent":0,"menu_order":0,"comment_status":"closed","ping_status":"closed","template":"","meta":{"_acf_changed":false,"footnotes":""},"class_list":["post-9132","page","type-page","status-publish","hentry"],"acf":[],"_links":{"self":[{"href":"https:\/\/primion.io\/de\/wp-json\/wp\/v2\/pages\/9132","targetHints":{"allow":["GET"]}}],"collection":[{"href":"https:\/\/primion.io\/de\/wp-json\/wp\/v2\/pages"}],"about":[{"href":"https:\/\/primion.io\/de\/wp-json\/wp\/v2\/types\/page"}],"author":[{"embeddable":true,"href":"https:\/\/primion.io\/de\/wp-json\/wp\/v2\/users\/14"}],"replies":[{"embeddable":true,"href":"https:\/\/primion.io\/de\/wp-json\/wp\/v2\/comments?post=9132"}],"version-history":[{"count":5,"href":"https:\/\/primion.io\/de\/wp-json\/wp\/v2\/pages\/9132\/revisions"}],"predecessor-version":[{"id":10238,"href":"https:\/\/primion.io\/de\/wp-json\/wp\/v2\/pages\/9132\/revisions\/10238"}],"wp:attachment":[{"href":"https:\/\/primion.io\/de\/wp-json\/wp\/v2\/media?parent=9132"}],"curies":[{"name":"wp","href":"https:\/\/api.w.org\/{rel}","templated":true}]}}