{"id":2905,"date":"2022-07-07T08:52:30","date_gmt":"2022-07-07T06:52:30","guid":{"rendered":"https:\/\/primion.io\/impressum\/"},"modified":"2026-03-26T15:24:37","modified_gmt":"2026-03-26T14:24:37","slug":"impressum","status":"publish","type":"page","link":"https:\/\/primion.io\/de\/impressum\/","title":{"rendered":"Impressum"},"content":{"rendered":"\n<section class=\"wp-block-custom-container alignwide block-content  block-content--spacing-top block-content--spacing-bottom\"><style>.block-content{position:relative;border-bottom:1px solid light-dark(#EFEFEF, #243A4D)}.block-content:only-child{border-bottom:0}.block-content--spacing-top{padding-top:4.8rem}@media (min-width: 992px){.block-content--spacing-top{padding-top:9.6rem}}.block-content--spacing-bottom{padding-bottom:2.4rem}@media (min-width: 992px){.block-content--spacing-bottom{padding-bottom:7.2rem}}.block-content--margin-top{margin-top:4.8rem}@media (min-width: 992px){.block-content--margin-top{margin-top:9.6rem}}.block-content--margin-bottom{margin-bottom:4.8rem}@media (min-width: 992px){.block-content--margin-bottom{margin-bottom:9.6rem}}.block-content .container{position:relative;z-index:1}.block-content .container--full{padding:0}.block-content .container .block-content{display:flex;border-bottom:0;border-radius:16px}.block-content .container .block-content .container{padding:2.4rem;padding-bottom:2px}.block-content .container .block-content .container h1,.block-content .container .block-content .container h2,.block-content .container .block-content .container h3,.block-content .container .block-content .container h4,.block-content .container .block-content .container h5,.block-content .container .block-content .container h6,.block-content .container .block-content .container .h1,.block-content .container .block-content .container .h2,.block-content .container .block-content .container .h3,.block-content .container .block-content .container .h4,.block-content .container .block-content .container .h5,.block-content .container .block-content .container .h6{margin-bottom:1.6rem}.block-content .container .col:not(:only-child) .block-content:only-child,.block-content .container .col:not(:only-child) .container:only-child{min-height:100%}.block-content .container-overlay{position:absolute;z-index:0;top:0;right:0;bottom:0;left:0}.block-content.has-primary-background-color:not(:has(.container)){padding:3.2rem 0 !important}.block-content.has-primary-background-color .container{padding:3.2rem !important}.block-content.has-primary-background-color .wp-block-buttons>.wp-block-button:last-child{margin-bottom:0}\n<\/style><div class=\"container container--wide\"><div class=\"container__body\">\n<div class=\"wp-block-custom-columns columns-row row\"><style>.columns-row--spacing-top{padding-top:4.8rem}@media (min-width: 992px){.columns-row--spacing-top{padding-top:9.6rem}}.columns-row--spacing-bottom{padding-bottom:4.8rem}@media (min-width: 992px){.columns-row--spacing-bottom{padding-bottom:9.6rem}}.columns-row--margin-top{margin-top:4.8rem}@media (min-width: 992px){.columns-row--margin-top{margin-top:9.6rem}}.columns-row--margin-bottom{margin-bottom:4.8rem}@media (min-width: 992px){.columns-row--margin-bottom{margin-bottom:9.6rem}}.columns-row.seperator .col{position:relative}.columns-row.seperator .col.col-lg-4:not(:last-child)::after,.columns-row.seperator .col.col-lg-3:not(:last-child)::after,.columns-row.seperator .col.col-lg-6:not(:last-child)::after{content:'';position:absolute;bottom:0;left:24px;width:calc(100% - 48px);height:1px;background-color:#FF3E41}@media (min-width: 992px){.columns-row.seperator .col.col-lg-4:not(:last-child),.columns-row.seperator .col.col-lg-3:not(:last-child),.columns-row.seperator .col.col-lg-6:not(:last-child){border-right:1px solid #FF3E41}.columns-row.seperator .col.col-lg-4:not(:last-child)::after,.columns-row.seperator .col.col-lg-3:not(:last-child)::after,.columns-row.seperator .col.col-lg-6:not(:last-child)::after{display:none !important}}.columns-row.seperator .col.col-xl-4:not(:last-child)::after,.columns-row.seperator .col.col-xl-3:not(:last-child)::after,.columns-row.seperator .col.col-xl-6:not(:last-child)::after{content:'';position:absolute;bottom:0;left:24px;width:calc(100% - 48px);height:1px;background-color:#FF3E41}@media (min-width: 1380px){.columns-row.seperator .col.col-xl-4:not(:last-child),.columns-row.seperator .col.col-xl-3:not(:last-child),.columns-row.seperator .col.col-xl-6:not(:last-child){border-right:1px solid #FF3E41}.columns-row.seperator .col.col-xl-4:not(:last-child)::after,.columns-row.seperator .col.col-xl-3:not(:last-child)::after,.columns-row.seperator .col.col-xl-6:not(:last-child)::after{display:none !important}}\n<\/style>\n<div class=\"wp-block-custom-column col col-12 col-lg-8 offset-lg-2\">\n<div class=\"wp-block-custom-spacing spacing-element spacing-mobile--small spacing-tablet--small spacing-small-desktop--small spacing-desktop--small\"><\/div>\n\n\n\n<h1 class=\"wp-block-heading\">Impressum<\/h1>\n\n\n\n<section class=\"wp-block-custom-container alignwide block-content\"><div class=\"container container--wide\"><div class=\"container__body\"><section class=\"block-toc\">\n    <div class=\"block-toc__wrapper\">\n\n                            <div class=\"block-toc__header\">\n                <h3 class=\"block-toc__title\">Inhaltsverzeichnis<\/h3>\n            <\/div>\n        \n                <div class=\"block-toc__content\">\n            <ol><li><a href=\"#haftungsausschluss\">Haftungsausschluss<\/a><\/li><li><a href=\"#allgemeine-geschaeftsbedingungen-der-primion-technology-gmbh\">Allgemeine Gesch\u00e4ftsbedingungen der Primion Technology GmbH<\/a><\/li><li><a href=\"#allgemeine-einkaufsbedingungen-der-primion-technology-gmbh\">Allgemeine Einkaufsbedingungen der Primion Technology GmbH<\/a><\/li><li><a href=\"#allgemeine-wartungsbedingungen-der-primion-technology-gmbh\">Allgemeine Wartungsbedingungen der Primion Technology GmbH<\/a><\/li><\/ol><\/ol>        <\/div>\n            <\/div>\n<\/section>\n\n\n<div class=\"wp-block-custom-spacing spacing-element spacing-mobile--large spacing-tablet--large spacing-small-desktop--large spacing-desktop--large\"><\/div>\n\n\n\n<p><strong>Primion Technology GmbH<\/strong><br>Steinbeisstr. 2 -5<br>72510 Stetten am kalten Markt<br>Deutschland<\/p>\n\n\n\n<p><strong>Primion Technology GmbH wird vertreten durch die Gesch\u00e4ftsf\u00fchrer:<\/strong><br>Francis Cepero Tchernev und Marcus H\u00e4uptle<\/p>\n\n\n\n<p><strong>Kontakt:<\/strong><br>Telefon: <a href=\"tel:+4975739520\">+49 7573 9520<\/a><br>E-Mail: <a href=\"mailto:info@primion.eu\" target=\"_blank\" rel=\"noreferrer noopener\">info@primion.eu<\/a><\/p>\n\n\n\n<p>Registergericht: Amtsgericht Ulm<br>Registernummer: HRB 736977<\/p>\n\n\n\n<p>Umsatzsteuer-Identifikationsnummer, gem\u00e4\u00df \u00a7 27 a Umsatzsteuergesetz: DE 811809198<\/p>\n\n\n\n<p><strong>Verantwortlich f\u00fcr den Inhalt:<\/strong><br>Primion Technology GmbH<\/p>\n\n\n\n<h2 class=\"wp-block-heading\" class=\"wp-block-heading\" id=\"haftungsausschluss\">Haftungsausschluss<\/h2>\n\n\n\n<h3 class=\"wp-block-heading\">Haftung f\u00fcr Inhalte<\/h3>\n\n\n\n<p>Als Diensteanbieter sind wir gem\u00e4\u00df \u00a7 7 Abs.1 DSA f\u00fcr eigene Inhalte auf diesen Seiten nach den allgemeinen Gesetzen verantwortlich. Nach \u00a7\u00a7 8 bis 10 DSG sind wir als Diensteanbieter jedoch nicht verpflichtet, \u00fcbermittelte oder gespeicherte fremde Informationen zu \u00fcberwachen oder nach Umst\u00e4nden zu forschen, die auf eine rechtswidrige T\u00e4tigkeit hinweisen. Verpflichtungen zur Entfernung oder Sperrung der Nutzung von Informationen nach den allgemeinen Gesetzen bleiben hiervon unber\u00fchrt. Eine diesbez\u00fcgliche Haftung ist jedoch erst ab dem Zeitpunkt der Kenntnis einer konkreten Rechtsverletzung m\u00f6glich. Bei Bekanntwerden von entsprechenden Rechtsverletzungen werden wir diese Inhalte umgehend entfernen.     <\/p>\n\n\n\n<h3 class=\"wp-block-heading\">Haftung f\u00fcr Links<\/h3>\n\n\n\n<p>Unser Angebot enth\u00e4lt Hyperlinks zu externen Webseiten Dritter, auf deren Inhalte wir keinen Einfluss haben. Aus diesem Grund k\u00f6nnen wir f\u00fcr diese fremden Inhalte auch keine Gew\u00e4hr \u00fcbernehmen. F\u00fcr die Inhalte der verlinkten Seiten ist stets der jeweilige Anbieter oder Betreiber der Seiten verantwortlich. Die verlinkten Seiten wurden zum Zeitpunkt der Verlinkung auf m\u00f6gliche Rechtsverst\u00f6\u00dfe \u00fcberpr\u00fcft. Rechtswidrige Inhalte waren zum Zeitpunkt der Verlinkung nicht erkennbar. Eine permanente inhaltliche Kontrolle der verlinkten Seiten ist jedoch ohne konkrete Anhaltspunkte einer Rechtsverletzung nicht zumutbar. Bei Bekanntwerden von Rechtsverletzungen werden wir derartige Links umgehend entfernen.      <\/p>\n\n\n\n<h3 class=\"wp-block-heading\">Copyright<\/h3>\n\n\n\n<p>Die durch die Seitenbetreiber erstellten Inhalte und Werke auf diesen Seiten unterliegen dem deutschen Urheberrecht. Die Vervielf\u00e4ltigung, Bearbeitung, Verbreitung und jede Art der Verwertung au\u00dferhalb der Grenzen des Urheberrechtes bed\u00fcrfen der schriftlichen Zustimmung des jeweiligen Autors bzw. Erstellers. Diese Seite darf nur f\u00fcr den privaten, nicht kommerziellen Gebrauch heruntergeladen oder kopiert werden. Soweit die Inhalte auf dieser Seite nicht vom Betreiber erstellt wurden, werden die Urheberrechte Dritter beachtet. Insbesondere werden Inhalte Dritter als solche gekennzeichnet. Sollten Sie trotzdem auf eine Urheberrechtsverletzung aufmerksam werden, bitten wir um einen entsprechenden Hinweis. Bei Bekanntwerden von Rechtsverletzungen werden wir derartige Inhalte umgehend entfernen.      <\/p>\n\n\n\n<h3 class=\"wp-block-heading\">Informationen nach dem Verbraucherstreitbeilegungsgesetz<\/h3>\n\n\n\n<p>Wir sind nicht bereit oder verpflichtet, alternative Streitbeilegungsstellen im Sinne des VSBG zur Beilegung von Streitigkeiten mit Verbrauchern einzusetzen.<\/p>\n\n\n\n<div class=\"wp-block-custom-spacing spacing-element spacing-mobile--small spacing-tablet--small spacing-small-desktop--small spacing-desktop--small\"><\/div>\n\n\n\n<h2 class=\"wp-block-heading\" class=\"wp-block-heading\" id=\"allgemeine-geschaeftsbedingungen-der-primion-technology-gmbh\">Allgemeine Gesch\u00e4ftsbedingungen der Primion Technology GmbH<\/h2>\n\n\n\n<p><a href=\"https:\/\/primion.io\/wp-content\/uploads\/2025\/07\/Primion_AGB_DE.pdf\" target=\"_blank\" data-type=\"attachment\" data-id=\"7536\" rel=\"noreferrer noopener\">Download AGBs<\/a><\/p>\n\n\n\n<h2 class=\"wp-block-heading\" class=\"wp-block-heading\" id=\"allgemeine-einkaufsbedingungen-der-primion-technology-gmbh\">Allgemeine Einkaufsbedingungen der Primion Technology GmbH<\/h2>\n\n\n\n<p><a href=\"https:\/\/primion.io\/wp-content\/uploads\/2025\/07\/Primion_AEB_Einkauf_DE.pdf\" target=\"_blank\" data-type=\"attachment\" data-id=\"7541\" rel=\"noreferrer noopener\">Download AEBs<\/a><\/p>\n\n\n\n<h2 class=\"wp-block-heading\" class=\"wp-block-heading\" id=\"allgemeine-wartungsbedingungen-der-primion-technology-gmbh\">Allgemeine Wartungsbedingungen der Primion Technology GmbH<\/h2>\n\n\n\n<p><a href=\"https:\/\/primion.io\/wp-content\/uploads\/2025\/07\/Primion_AGB_Wartung_und_Instandhaltung_DE.pdf\" target=\"_blank\" data-type=\"attachment\" data-id=\"7546\" rel=\"noreferrer noopener\">Download Allgemeine Wartungsbedingungen<\/a><\/p>\n\n\n\n<script type=\"application\/javascript\">\n  var UC_UI_SUPPRESS_CMP_DISPLAY = true;\n<\/script>\n<\/div><\/div><\/section>\n<\/div>\n<\/div>\n<\/div><\/div><\/section>\n","protected":false},"excerpt":{"rendered":"","protected":false},"author":1,"featured_media":0,"parent":0,"menu_order":0,"comment_status":"closed","ping_status":"closed","template":"","meta":{"_acf_changed":false,"footnotes":""},"class_list":["post-2905","page","type-page","status-publish","hentry"],"acf":[],"_links":{"self":[{"href":"https:\/\/primion.io\/de\/wp-json\/wp\/v2\/pages\/2905","targetHints":{"allow":["GET"]}}],"collection":[{"href":"https:\/\/primion.io\/de\/wp-json\/wp\/v2\/pages"}],"about":[{"href":"https:\/\/primion.io\/de\/wp-json\/wp\/v2\/types\/page"}],"author":[{"embeddable":true,"href":"https:\/\/primion.io\/de\/wp-json\/wp\/v2\/users\/1"}],"replies":[{"embeddable":true,"href":"https:\/\/primion.io\/de\/wp-json\/wp\/v2\/comments?post=2905"}],"version-history":[{"count":5,"href":"https:\/\/primion.io\/de\/wp-json\/wp\/v2\/pages\/2905\/revisions"}],"predecessor-version":[{"id":10694,"href":"https:\/\/primion.io\/de\/wp-json\/wp\/v2\/pages\/2905\/revisions\/10694"}],"wp:attachment":[{"href":"https:\/\/primion.io\/de\/wp-json\/wp\/v2\/media?parent=2905"}],"curies":[{"name":"wp","href":"https:\/\/api.w.org\/{rel}","templated":true}]}}