{"id":2837,"date":"2025-01-27T15:17:10","date_gmt":"2025-01-27T14:17:10","guid":{"rendered":"https:\/\/primion.io\/zertifikate\/"},"modified":"2026-03-02T15:27:14","modified_gmt":"2026-03-02T14:27:14","slug":"zertifikate-standards","status":"publish","type":"page","link":"https:\/\/primion.io\/de\/ueber-uns\/zertifikate-standards\/","title":{"rendered":"Zertifikate"},"content":{"rendered":"\n<div style=\"height:92px\" aria-hidden=\"true\" class=\"wp-block-spacer\"><\/div>\n\n\n\n<section class=\"wp-block-custom-container alignwide block-content  block-content--spacing-top block-content--spacing-bottom\" style=\"background-image:url(https:\/\/primion.io\/wp-content\/uploads\/2025\/07\/header_unterseiten_bg.svg);background-position:5% 48%;background-repeat:no-repeat;background-size:cover\"><style>.block-content{position:relative;border-bottom:1px solid light-dark(#EFEFEF, #243A4D)}.block-content:only-child{border-bottom:0}.block-content--spacing-top{padding-top:4.8rem}@media (min-width: 992px){.block-content--spacing-top{padding-top:9.6rem}}.block-content--spacing-bottom{padding-bottom:2.4rem}@media (min-width: 992px){.block-content--spacing-bottom{padding-bottom:7.2rem}}.block-content--margin-top{margin-top:4.8rem}@media (min-width: 992px){.block-content--margin-top{margin-top:9.6rem}}.block-content--margin-bottom{margin-bottom:4.8rem}@media (min-width: 992px){.block-content--margin-bottom{margin-bottom:9.6rem}}.block-content .container{position:relative;z-index:1}.block-content .container--full{padding:0}.block-content .container .block-content{display:flex;border-bottom:0;border-radius:16px}.block-content .container .block-content .container{padding:2.4rem;padding-bottom:2px}.block-content .container .block-content .container h1,.block-content .container .block-content .container h2,.block-content .container .block-content .container h3,.block-content .container .block-content .container h4,.block-content .container .block-content .container h5,.block-content .container .block-content .container h6,.block-content .container .block-content .container .h1,.block-content .container .block-content .container .h2,.block-content .container .block-content .container .h3,.block-content .container .block-content .container .h4,.block-content .container .block-content .container .h5,.block-content .container .block-content .container .h6{margin-bottom:1.6rem}.block-content .container .col:not(:only-child) .block-content:only-child,.block-content .container .col:not(:only-child) .container:only-child{min-height:100%}.block-content .container-overlay{position:absolute;z-index:0;top:0;right:0;bottom:0;left:0}.block-content.has-primary-background-color:not(:has(.container)){padding:3.2rem 0 !important}.block-content.has-primary-background-color .container{padding:3.2rem !important}.block-content.has-primary-background-color .wp-block-buttons>.wp-block-button:last-child{margin-bottom:0}\n<\/style><div class=\"container container--wide\"><div class=\"container__body\">\n<p><nav aria-label=\"breadcrumbs\" class=\"rank-math-breadcrumb\"><p><span class=\"last\">Home<\/span><\/p><\/nav><\/p>\n\n\n\n<h1 class=\"wp-block-heading\">Unsere Qualit\u00e4tszertifikate<\/h1>\n\n\n\n<div class=\"wp-block-custom-spacing spacing-element spacing-mobile--small spacing-tablet--medium spacing-small-desktop--medium spacing-desktop--medium\"><\/div>\n\n\n<style>.wp-block-image{border-radius:16px;overflow:hidden}.wp-block-image img{width:100%}.wp-block-image .wp-element-caption{margin:0;padding:2.4rem;color:#fff;background-color:#243A4D;font-size:inherit;line-height:inherit;text-align:left}\n<\/style>\n<figure class=\"wp-block-image size-large\"><img loading=\"lazy\" decoding=\"async\" width=\"1024\" height=\"341\" src=\"https:\/\/primion.io\/wp-content\/uploads\/2025\/01\/zertifikate_ft-1024x341.png\" alt=\"\" class=\"wp-image-1788\" style=\"aspect-ratio:2\/1;object-fit:cover\" srcset=\"https:\/\/primion.io\/wp-content\/uploads\/2025\/01\/zertifikate_ft-1024x341.png 1024w, https:\/\/primion.io\/wp-content\/uploads\/2025\/01\/zertifikate_ft-300x100.png 300w, https:\/\/primion.io\/wp-content\/uploads\/2025\/01\/zertifikate_ft-768x256.png 768w, https:\/\/primion.io\/wp-content\/uploads\/2025\/01\/zertifikate_ft.png 1440w\" sizes=\"auto, (max-width: 1024px) 100vw, 1024px\" \/><\/figure>\n\n\n\n<div class=\"wp-block-custom-spacing spacing-element spacing-mobile--small spacing-tablet--small spacing-small-desktop--small spacing-desktop--small\"><\/div>\n<\/div><\/div><div class=\"container-overlay\" style=\"background-color:light-dark(rgba(255, 255, 255, 0.92), rgba(0, 0, 0, 0.6));opacity:1\"><\/div><\/section>\n\n\n\n<section class=\"wp-block-custom-container alignwide block-content  block-content--spacing-top block-content--spacing-bottom\"><div class=\"container container--wide\"><div class=\"container__body\">\n<div class=\"wp-block-custom-columns columns-row row\"><style>.columns-row--spacing-top{padding-top:4.8rem}@media (min-width: 992px){.columns-row--spacing-top{padding-top:9.6rem}}.columns-row--spacing-bottom{padding-bottom:4.8rem}@media (min-width: 992px){.columns-row--spacing-bottom{padding-bottom:9.6rem}}.columns-row--margin-top{margin-top:4.8rem}@media (min-width: 992px){.columns-row--margin-top{margin-top:9.6rem}}.columns-row--margin-bottom{margin-bottom:4.8rem}@media (min-width: 992px){.columns-row--margin-bottom{margin-bottom:9.6rem}}.columns-row.seperator .col{position:relative}.columns-row.seperator .col.col-lg-4:not(:last-child)::after,.columns-row.seperator .col.col-lg-3:not(:last-child)::after,.columns-row.seperator .col.col-lg-6:not(:last-child)::after{content:'';position:absolute;bottom:0;left:24px;width:calc(100% - 48px);height:1px;background-color:#FF3E41}@media (min-width: 992px){.columns-row.seperator .col.col-lg-4:not(:last-child),.columns-row.seperator .col.col-lg-3:not(:last-child),.columns-row.seperator .col.col-lg-6:not(:last-child){border-right:1px solid #FF3E41}.columns-row.seperator .col.col-lg-4:not(:last-child)::after,.columns-row.seperator .col.col-lg-3:not(:last-child)::after,.columns-row.seperator .col.col-lg-6:not(:last-child)::after{display:none !important}}.columns-row.seperator .col.col-xl-4:not(:last-child)::after,.columns-row.seperator .col.col-xl-3:not(:last-child)::after,.columns-row.seperator .col.col-xl-6:not(:last-child)::after{content:'';position:absolute;bottom:0;left:24px;width:calc(100% - 48px);height:1px;background-color:#FF3E41}@media (min-width: 1380px){.columns-row.seperator .col.col-xl-4:not(:last-child),.columns-row.seperator .col.col-xl-3:not(:last-child),.columns-row.seperator .col.col-xl-6:not(:last-child){border-right:1px solid #FF3E41}.columns-row.seperator .col.col-xl-4:not(:last-child)::after,.columns-row.seperator .col.col-xl-3:not(:last-child)::after,.columns-row.seperator .col.col-xl-6:not(:last-child)::after{display:none !important}}\n<\/style>\n<div class=\"wp-block-custom-column col col-12 col-lg-8\">\n<div class=\"wp-block-custom-spacing spacing-element spacing-mobile--small spacing-tablet--small spacing-small-desktop--small spacing-desktop--small\"><\/div>\n\n\n\n<h2 class=\"wp-block-heading\" class=\"wp-block-heading\" id=\"die-qualitaet-unserer-produkte-und-dienstleistungen-hat-hoechste-prioritaet\">Die Qualit\u00e4t unserer Produkte und Dienstleistungen hat h\u00f6chste Priorit\u00e4t.<\/h2>\n\n\n\n<p>Wir arbeiten st\u00e4ndig an der Verbesserung von Prozessen und damit an der Optimierung unserer Produkte und Dienstleistungen.<\/p>\n<\/div>\n<\/div>\n\n\n\n<div class=\"wp-block-custom-columns columns-row row small-gutter\">\n<div class=\"wp-block-custom-column col col-6 col-lg-4 col-xl-2\"><style>.wp-block-cover{border-radius:16px}.wp-block-cover .wp-block-image{border-radius:0}\n<\/style>\n<div class=\"wp-block-cover is-light\" style=\"min-height:10rem;aspect-ratio:unset;\"><span aria-hidden=\"true\" class=\"wp-block-cover__background has-light-grey-background-color has-background-dim-100 has-background-dim\"><\/span><div class=\"wp-block-cover__inner-container is-layout-constrained wp-block-cover-is-layout-constrained\">\n<figure class=\"wp-block-image aligncenter size-full\"><img loading=\"lazy\" decoding=\"async\" width=\"80\" height=\"66\" src=\"https:\/\/primion.io\/wp-content\/uploads\/2025\/01\/BHE_logo.png\" alt=\"\" class=\"wp-image-1803\"><\/figure>\n<\/div><\/div>\n<\/div>\n\n\n\n<div class=\"wp-block-custom-column col col-6 col-lg-4 col-xl-2\">\n<div class=\"wp-block-cover is-light\" style=\"min-height:10rem;aspect-ratio:unset;\"><span aria-hidden=\"true\" class=\"wp-block-cover__background has-light-grey-background-color has-background-dim-100 has-background-dim\"><\/span><div class=\"wp-block-cover__inner-container is-layout-constrained wp-block-cover-is-layout-constrained\">\n<figure class=\"wp-block-image aligncenter size-full\"><img loading=\"lazy\" decoding=\"async\" width=\"122\" height=\"44\" src=\"https:\/\/primion.io\/wp-content\/uploads\/2025\/01\/AXIS_logo.png\" alt=\"\" class=\"wp-image-1808\"><\/figure>\n<\/div><\/div>\n<\/div>\n\n\n\n<div class=\"wp-block-custom-column col col-6 col-lg-4 col-xl-2\">\n<div class=\"wp-block-cover is-light\" style=\"min-height:10rem;aspect-ratio:unset;\"><span aria-hidden=\"true\" class=\"wp-block-cover__background has-light-grey-background-color has-background-dim-100 has-background-dim\"><\/span><div class=\"wp-block-cover__inner-container is-layout-constrained wp-block-cover-is-layout-constrained\">\n<figure class=\"wp-block-image aligncenter size-full\"><img loading=\"lazy\" decoding=\"async\" width=\"76\" height=\"66\" src=\"https:\/\/primion.io\/wp-content\/uploads\/2025\/01\/milestone_logo.png\" alt=\"\" class=\"wp-image-1813\"><\/figure>\n<\/div><\/div>\n<\/div>\n\n\n\n<div class=\"wp-block-custom-column col col-6 col-lg-4 col-xl-2\">\n<div class=\"wp-block-cover is-light\" style=\"min-height:10rem;aspect-ratio:unset;\"><span aria-hidden=\"true\" class=\"wp-block-cover__background has-light-grey-background-color has-background-dim-100 has-background-dim\"><\/span><div class=\"wp-block-cover__inner-container is-layout-constrained wp-block-cover-is-layout-constrained\">\n<figure class=\"wp-block-image aligncenter size-full\"><img loading=\"lazy\" decoding=\"async\" width=\"68\" height=\"68\" src=\"https:\/\/primion.io\/wp-content\/uploads\/2025\/01\/VdS_Schadenverhutung_logo-1.png\" alt=\"\" class=\"wp-image-1818\"><\/figure>\n<\/div><\/div>\n<\/div>\n\n\n\n<div class=\"wp-block-custom-column col col-6 col-lg-4 col-xl-2\">\n<div class=\"wp-block-cover is-light\" style=\"min-height:10rem;aspect-ratio:unset;\"><span aria-hidden=\"true\" class=\"wp-block-cover__background has-light-grey-background-color has-background-dim-100 has-background-dim\"><\/span><div class=\"wp-block-cover__inner-container is-layout-constrained wp-block-cover-is-layout-constrained\">\n<figure class=\"wp-block-image aligncenter size-full\"><a href=\"https:\/\/www.allianz-fuer-cybersicherheit.de\/\" target=\"_blank\" rel=\" noreferrer noopener nofollow\"><img loading=\"lazy\" decoding=\"async\" width=\"320\" height=\"124\" src=\"https:\/\/primion.io\/wp-content\/uploads\/2026\/03\/Allianz-Fuer-Cyber-Sicherheit.svg?t=1772461091\" alt=\"\" class=\"wp-image-10460\"><\/a><\/figure>\n<\/div><\/div>\n<\/div>\n\n\n\n<div class=\"wp-block-custom-column col col-6 col-lg-4 col-xl-2\"><\/div>\n<\/div>\n\n\n\n<div class=\"wp-block-custom-spacing spacing-element spacing-mobile--small spacing-tablet--small spacing-small-desktop--small spacing-desktop--small\"><\/div>\n\n\n\n<section class=\"wp-block-custom-container alignwide block-content  has-light-dark-background-color\" style=\"background-color:light-dark(#EFEFEF, #1D262F)\"><div class=\"container container--wide\"><div class=\"container__body\">\n<h3 class=\"wp-block-heading\">Qualit\u00e4t<\/h3>\n\n\n\n<p>gem\u00e4\u00df DIN EN ISO 9001<\/p>\n\n\n\n<ul class=\"wp-block-list\">\n<li><a href=\"https:\/\/primion.io\/wp-content\/uploads\/2025\/03\/Zertifikat_ISO_9001-2015_Primion_2028_de.pdf\" target=\"_blank\" rel=\"noreferrer noopener\">2015 (2028) \u2013 Standort Stetten a.k.M.<\/a><\/li>\n\n\n\n<li><a href=\"https:\/\/primion.io\/wp-content\/uploads\/2025\/01\/Certificate_ISO_9001-2015_Primion_LE_2028_en.pdf\" target=\"_blank\" rel=\"noreferrer noopener\">2015 (2028) <\/a><a href=\"https:\/\/primion.io\/wp-content\/uploads\/2025\/01\/Certificate_ISO_9001-2015_Primion_2028_en.pdf\" target=\"_blank\" rel=\"noreferrer noopener\">\u2013 <\/a><a href=\"https:\/\/primion.io\/wp-content\/uploads\/2025\/03\/Zertifikat_ISO_9001-2015_Primion_LE_2028_de.pdf\" target=\"_blank\" data-type=\"link\" data-id=\"https:\/\/primion.io\/wp-content\/uploads\/2025\/03\/Zertifikat_ISO_9001-2015_Primion_2028_de.pdf\" rel=\"noreferrer noopener\">Standort Leinfelden-Echterdingen<\/a> <\/li>\n\n\n\n<li><a href=\"https:\/\/primion.io\/wp-content\/uploads\/2025\/03\/Zertifikat_ISO_9001-2015_Primion_Standorte_2028_de.pdf\" target=\"_blank\" rel=\"noreferrer noopener\">2015 (2028) \u2013 Alle Standorte<\/a><\/li>\n<\/ul>\n<\/div><\/div><\/section>\n\n\n\n<div class=\"wp-block-custom-spacing spacing-element spacing-mobile--small spacing-tablet--small spacing-small-desktop--small spacing-desktop--small\"><\/div>\n\n\n\n<section class=\"wp-block-custom-container alignwide block-content  has-light-dark-background-color\" style=\"background-color:light-dark(#EFEFEF, #1D262F)\"><div class=\"container container--wide\"><div class=\"container__body\">\n<h3 class=\"wp-block-heading\">Umwelt<\/h3>\n\n\n\n<p>gem\u00e4\u00df DIN EN ISO 14001<\/p>\n\n\n\n<ul class=\"wp-block-list\">\n<li><a href=\"https:\/\/primion.io\/wp-content\/uploads\/2025\/03\/Zertifikat_ISO_14001-2015_Primion_2028_de.pdf\" target=\"_blank\" rel=\"noreferrer noopener\">2015 (2027) \u2013 Standort Stetten a.k.M. <\/a> <\/li>\n\n\n\n<li><a href=\"https:\/\/primion.io\/wp-content\/uploads\/2025\/03\/Zertifikat_ISO_14001-2015_Primion_LE_2028_de.pdf\" data-type=\"link\" data-id=\"https:\/\/primion.io\/wp-content\/uploads\/2025\/03\/Zertifikat_ISO_14001-2015_Primion_LE_2028_de.pdf\" target=\"_blank\" rel=\"noreferrer noopener\">2015 (2027) \u2013 Standort Leinfelden-Echterdingen<\/a><\/li>\n\n\n\n<li><a href=\"https:\/\/primion.io\/wp-content\/uploads\/2025\/01\/Certificate_ISO_14001-2015_primion_group_2025_en.pdf\" target=\"_blank\" rel=\"noreferrer noopener\">2015 (2027) <\/a><a href=\"https:\/\/primion.io\/wp-content\/uploads\/2025\/03\/Zertifikat_ISO_14001-2015_Primion_Standorte_2028_de.pdf\" target=\"_blank\" data-type=\"link\" data-id=\"https:\/\/primion.io\/wp-content\/uploads\/2025\/03\/Zertifikat_ISO_14001-2015_Primion_Standorte_2028_de.pdf\" rel=\"noreferrer noopener\">\u2013 Alle Standorte<\/a> <\/li>\n<\/ul>\n<\/div><\/div><\/section>\n\n\n\n<div class=\"wp-block-custom-spacing spacing-element spacing-mobile--small spacing-tablet--small spacing-small-desktop--small spacing-desktop--small\"><\/div>\n\n\n\n<section class=\"wp-block-custom-container alignwide block-content  has-light-dark-background-color\" style=\"background-color:light-dark(#EFEFEF, #1D262F)\"><div class=\"container container--wide\"><div class=\"container__body\">\n<h3 class=\"wp-block-heading\">IT-Servicemanagement<\/h3>\n\n\n\n<p>gem\u00e4\u00df ISO\/IEC 20000-1<\/p>\n\n\n\n<ul class=\"wp-block-list\">\n<li><a href=\"https:\/\/primion.io\/wp-content\/uploads\/2025\/03\/Zertifikat_ISO_IEC_20000-1_2018_Primion_2027_de.pdf\" target=\"_blank\" rel=\"noreferrer noopener\">2018 (2027) \u2013 Standort Stetten a.k.M.<\/a><\/li>\n\n\n\n<li><a href=\"https:\/\/primion.io\/wp-content\/uploads\/2025\/03\/Zertifikat_ISO_IEC_20000-1_2018_PrimionStandorte_2027_de.pdf\" target=\"_blank\" data-type=\"link\" data-id=\"https:\/\/primion.io\/wp-content\/uploads\/2025\/03\/Zertifikat_ISO_IEC_20000-1_2018_PrimionStandorte_2027_de.pdf\" rel=\"noreferrer noopener\">2018 (2027) \u2013 Alle Standorte<\/a><\/li>\n<\/ul>\n<\/div><\/div><\/section>\n\n\n\n<div class=\"wp-block-custom-spacing spacing-element spacing-mobile--small spacing-tablet--small spacing-small-desktop--small spacing-desktop--small\"><\/div>\n\n\n\n<section class=\"wp-block-custom-container alignwide block-content  has-light-dark-background-color\" style=\"background-color:light-dark(#EFEFEF, #1D262F)\"><div class=\"container container--wide\"><div class=\"container__body\">\n<h3 class=\"wp-block-heading\">Informationssicherheit<\/h3>\n\n\n\n<p>gem\u00e4\u00df DIN EN ISO\/IEC 27001<\/p>\n\n\n\n<ul class=\"wp-block-list\">\n<li><a href=\"https:\/\/primion.io\/wp-content\/uploads\/2025\/03\/Zertifikat_ISO_IEC_27001-2017_primion_2025_de.pdf\" data-type=\"attachment\" data-id=\"5271\" target=\"_blank\" rel=\"noreferrer noopener\">2022 (2028) \u2013 Standort Stetten a.k.M.<\/a><\/li>\n\n\n\n<li><a href=\"https:\/\/primion.io\/wp-content\/uploads\/2025\/03\/Zertifikat_ISO_IEC_27001-2017_primion_Standorte_2025_de.pdf\" data-type=\"attachment\" data-id=\"5276\" target=\"_blank\" rel=\"noreferrer noopener\">2022 (2028) \u2013 Alle Standorte<\/a><\/li>\n<\/ul>\n<\/div><\/div><\/section>\n\n\n\n<div class=\"wp-block-custom-spacing spacing-element spacing-mobile--small spacing-tablet--small spacing-small-desktop--small spacing-desktop--small\"><\/div>\n\n\n\n<section class=\"wp-block-custom-container alignwide block-content  has-light-dark-background-color\" style=\"background-color:light-dark(#EFEFEF, #1D262F)\"><div class=\"container container--wide\"><div class=\"container__body\">\n<h3 class=\"wp-block-heading\">Gesundheit und Sicherheit am Arbeitsplatz<\/h3>\n\n\n\n<p>gem\u00e4\u00df DIN ISO 45001<\/p>\n\n\n\n<ul class=\"wp-block-list\">\n<li><a href=\"https:\/\/primion.io\/wp-content\/uploads\/2025\/03\/Zertifikat_ISO_45001-2018_Primion_2027_de.pdf\" data-type=\"attachment\" data-id=\"5254\" target=\"_blank\" rel=\"noreferrer noopener\">2018 (2027) \u2013 Standorte Stetten a.k.M und Leinfelden-Echterdingen<\/a><\/li>\n<\/ul>\n<\/div><\/div><\/section>\n\n\n\n<div class=\"wp-block-custom-spacing spacing-element spacing-mobile--small spacing-tablet--small spacing-small-desktop--small spacing-desktop--small\"><\/div>\n\n\n\n<section class=\"wp-block-custom-container alignwide block-content  has-light-dark-background-color\" style=\"background-color:light-dark(#EFEFEF, #1D262F)\"><div class=\"container container--wide\"><div class=\"container__body\">\n<h3 class=\"wp-block-heading\">Weitere Zertifikate<\/h3>\n\n\n\n<ul class=\"wp-block-list\">\n<li><a href=\"https:\/\/primion.io\/wp-content\/uploads\/2025\/03\/ACI_EUROPE_Membership_Certificate_Primion.pdf\" target=\"_blank\" rel=\"noreferrer noopener\">ACI EUROPE World Business Partner \u2013 Gold Business Member<\/a><\/li>\n\n\n\n<li><a href=\"https:\/\/primion.io\/wp-content\/uploads\/2025\/03\/BHE-zertifizierter-Fachbetrieb_2022_BMA_EMA_Video.pdf\" data-type=\"link\" data-id=\"https:\/\/primion.io\/wp-content\/uploads\/2025\/03\/BHE-zertifizierter-Fachbetrieb_2022_BMA_EMA_Video.pdf\" target=\"_blank\" rel=\"noreferrer noopener\">BHE zertifizierter Fachbetrieb \u2013 Brandmeldeanlagen, Einbruchmeldeanlagen, Videosicherheit<\/a><\/li>\n\n\n\n<li><a href=\"https:\/\/primion.io\/wp-content\/uploads\/2025\/01\/Axis_Solution-Silver-Partner_2016.pdf\" target=\"_blank\" rel=\"noreferrer noopener\">Axis Solution Silver Partner<\/a><\/li>\n\n\n\n<li><a href=\"https:\/\/primion.io\/wp-content\/uploads\/2025\/02\/Milestone_Gold_Channel_Partner_Zertifikat_en.pdf\" data-type=\"attachment\" data-id=\"5062\" target=\"_blank\" rel=\"noreferrer noopener\">Milestone Gold Channel Partner<\/a><\/li>\n<\/ul>\n<\/div><\/div><\/section>\n\n\n\n<div class=\"wp-block-custom-spacing spacing-element spacing-mobile--small spacing-tablet--small spacing-small-desktop--small spacing-desktop--small\"><\/div>\n<\/div><\/div><\/section>\n\n\n\n<p><\/p>\n","protected":false},"excerpt":{"rendered":"","protected":false},"author":1,"featured_media":0,"parent":2898,"menu_order":0,"comment_status":"closed","ping_status":"closed","template":"","meta":{"_acf_changed":false,"footnotes":""},"class_list":["post-2837","page","type-page","status-publish","hentry"],"acf":[],"_links":{"self":[{"href":"https:\/\/primion.io\/de\/wp-json\/wp\/v2\/pages\/2837","targetHints":{"allow":["GET"]}}],"collection":[{"href":"https:\/\/primion.io\/de\/wp-json\/wp\/v2\/pages"}],"about":[{"href":"https:\/\/primion.io\/de\/wp-json\/wp\/v2\/types\/page"}],"author":[{"embeddable":true,"href":"https:\/\/primion.io\/de\/wp-json\/wp\/v2\/users\/1"}],"replies":[{"embeddable":true,"href":"https:\/\/primion.io\/de\/wp-json\/wp\/v2\/comments?post=2837"}],"version-history":[{"count":5,"href":"https:\/\/primion.io\/de\/wp-json\/wp\/v2\/pages\/2837\/revisions"}],"predecessor-version":[{"id":10482,"href":"https:\/\/primion.io\/de\/wp-json\/wp\/v2\/pages\/2837\/revisions\/10482"}],"up":[{"embeddable":true,"href":"https:\/\/primion.io\/de\/wp-json\/wp\/v2\/pages\/2898"}],"wp:attachment":[{"href":"https:\/\/primion.io\/de\/wp-json\/wp\/v2\/media?parent=2837"}],"curies":[{"name":"wp","href":"https:\/\/api.w.org\/{rel}","templated":true}]}}