{"id":2813,"date":"2025-01-29T12:56:34","date_gmt":"2025-01-29T11:56:34","guid":{"rendered":"https:\/\/primion.io\/produkte\/"},"modified":"2026-01-27T12:15:57","modified_gmt":"2026-01-27T11:15:57","slug":"produkte","status":"publish","type":"page","link":"https:\/\/primion.io\/de\/produkte\/","title":{"rendered":"Produkte"},"content":{"rendered":"\n<div style=\"height:92px\" aria-hidden=\"true\" class=\"wp-block-spacer\"><\/div>\n\n\n\n<section class=\"wp-block-custom-container alignwide block-content  block-content--spacing-top block-content--spacing-bottom\" style=\"background-image:url(https:\/\/primion.io\/wp-content\/uploads\/2025\/07\/header_unterseiten_bg.svg);background-position:5% 48%;background-repeat:no-repeat;background-size:cover\"><style>.block-content{position:relative;border-bottom:1px solid light-dark(#EFEFEF, #243A4D)}.block-content:only-child{border-bottom:0}.block-content--spacing-top{padding-top:4.8rem}@media (min-width: 992px){.block-content--spacing-top{padding-top:9.6rem}}.block-content--spacing-bottom{padding-bottom:2.4rem}@media (min-width: 992px){.block-content--spacing-bottom{padding-bottom:7.2rem}}.block-content--margin-top{margin-top:4.8rem}@media (min-width: 992px){.block-content--margin-top{margin-top:9.6rem}}.block-content--margin-bottom{margin-bottom:4.8rem}@media (min-width: 992px){.block-content--margin-bottom{margin-bottom:9.6rem}}.block-content .container{position:relative;z-index:1}.block-content .container--full{padding:0}.block-content .container .block-content{display:flex;border-bottom:0;border-radius:16px}.block-content .container .block-content .container{padding:2.4rem;padding-bottom:2px}.block-content .container .block-content .container h1,.block-content .container .block-content .container h2,.block-content .container .block-content .container h3,.block-content .container .block-content .container h4,.block-content .container .block-content .container h5,.block-content .container .block-content .container h6,.block-content .container .block-content .container .h1,.block-content .container .block-content .container .h2,.block-content .container .block-content .container .h3,.block-content .container .block-content .container .h4,.block-content .container .block-content .container .h5,.block-content .container .block-content .container .h6{margin-bottom:1.6rem}.block-content .container .col:not(:only-child) .block-content:only-child,.block-content .container .col:not(:only-child) .container:only-child{min-height:100%}.block-content .container-overlay{position:absolute;z-index:0;top:0;right:0;bottom:0;left:0}.block-content.has-primary-background-color:not(:has(.container)){padding:3.2rem 0 !important}.block-content.has-primary-background-color .container{padding:3.2rem !important}.block-content.has-primary-background-color .wp-block-buttons>.wp-block-button:last-child{margin-bottom:0}\n<\/style><div class=\"container container--wide\"><div class=\"container__body\">\n<p><nav aria-label=\"breadcrumbs\" class=\"rank-math-breadcrumb\"><p><span class=\"last\">Home<\/span><\/p><\/nav><\/p>\n\n\n\n<h1 class=\"wp-block-heading\">Alle Produkte<\/h1>\n\n\n\n<div class=\"wp-block-custom-spacing spacing-element spacing-mobile--small spacing-tablet--medium spacing-small-desktop--medium spacing-desktop--medium\"><\/div>\n\n\n<style>.wp-block-image{border-radius:16px;overflow:hidden}.wp-block-image img{width:100%}.wp-block-image .wp-element-caption{margin:0;padding:2.4rem;color:#fff;background-color:#243A4D;font-size:inherit;line-height:inherit;text-align:left}\n<\/style>\n<figure class=\"wp-block-image size-full\"><img loading=\"lazy\" decoding=\"async\" width=\"2560\" height=\"804\" src=\"https:\/\/primion.io\/wp-content\/uploads\/2025\/07\/AdobeStock_940563868-scaled.webp\" alt=\"\" class=\"wp-image-7160\" style=\"aspect-ratio:2\/1;object-fit:cover\" srcset=\"https:\/\/primion.io\/wp-content\/uploads\/2025\/07\/AdobeStock_940563868-scaled.webp 2560w, https:\/\/primion.io\/wp-content\/uploads\/2025\/07\/AdobeStock_940563868-300x94.webp 300w, https:\/\/primion.io\/wp-content\/uploads\/2025\/07\/AdobeStock_940563868-1024x322.webp 1024w, https:\/\/primion.io\/wp-content\/uploads\/2025\/07\/AdobeStock_940563868-768x241.webp 768w, https:\/\/primion.io\/wp-content\/uploads\/2025\/07\/AdobeStock_940563868-1536x482.webp 1536w, https:\/\/primion.io\/wp-content\/uploads\/2025\/07\/AdobeStock_940563868-2048x643.webp 2048w\" sizes=\"auto, (max-width: 2560px) 100vw, 2560px\" \/><\/figure>\n\n\n\n<div class=\"wp-block-custom-spacing spacing-element spacing-mobile--small spacing-tablet--small spacing-small-desktop--small spacing-desktop--small\"><\/div>\n<\/div><\/div><div class=\"container-overlay\" style=\"background-color:light-dark(rgba(255, 255, 255, 0.92), rgba(0, 0, 0, 0.6));opacity:1\"><\/div><\/section>\n\n\n\n<section class=\"wp-block-custom-container alignwide block-content  block-content--spacing-top block-content--spacing-bottom\"><div class=\"container container--wide\"><div class=\"container__body\"><style>:where(.wp-block-columns.is-layout-flex){gap:0 !important}@media (min-width: 782px){:where(.wp-block-columns.is-layout-flex){gap:2.4rem !important}}@media (min-width: 1200px){:where(.wp-block-columns.is-layout-flex){gap:4.8rem !important}}\n<\/style>\n<div class=\"wp-block-columns is-layout-flex wp-container-core-columns-is-layout-9d6595d7 wp-block-columns-is-layout-flex\">\n<div class=\"wp-block-column is-vertically-aligned-top is-layout-flow wp-block-column-is-layout-flow\" style=\"flex-basis:25%\">\n<div class=\"facetwp-facet facetwp-facet-products_type facetwp-type-fselect\" data-name=\"products_type\" data-type=\"fselect\"><\/div>\n<\/div>\n\n\n\n<div class=\"wp-block-column is-vertically-aligned-top is-layout-flow wp-block-column-is-layout-flow\" style=\"flex-basis:25%\">\n<div class=\"facetwp-facet facetwp-facet-products_solution facetwp-type-fselect\" data-name=\"products_solution\" data-type=\"fselect\"><\/div>\n<\/div>\n\n\n\n<div class=\"wp-block-column is-vertically-aligned-top is-layout-flow wp-block-column-is-layout-flow\" style=\"flex-basis:25%\">\n<div class=\"facetwp-facet facetwp-facet-products_type_copy facetwp-type-fselect\" data-name=\"products_type_copy\" data-type=\"fselect\"><\/div>\n<\/div>\n\n\n\n<div class=\"wp-block-column is-vertically-aligned-top is-layout-flow wp-block-column-is-layout-flow\" style=\"flex-basis:25%\">\n<div class=\"facetwp-facet facetwp-facet-archive_search facetwp-type-search\" data-name=\"archive_search\" data-type=\"search\"><\/div>\n<\/div>\n<\/div>\n\n\n\n<div class=\"facetwp-selections\"><\/div><div class=\"facetwp-facet facetwp-facet-archive_reset facetwp-type-reset\" data-name=\"archive_reset\" data-type=\"reset\"><\/div>\n\n\n\n<div class=\"wp-block-custom-spacing spacing-element spacing-mobile--medium spacing-tablet--medium spacing-small-desktop--medium spacing-desktop--medium\"><\/div>\n\n\n<section class=\"block-archive-products\">\n    <div class=\"block-archive-products__container\">\n        <div class=\"block-archive-products__wrapper\">\n        <div class=\"single-product\">\n\t<style>.single-product{margin:0 0 2.4rem;outline:0}@media (min-width: 992px){.single-product{margin:0 0 4.8rem}}.single-product__wrapper{display:flex;padding:3.2rem 3.2rem;border-radius:16px;background-color:#243A4D;min-height:100%;margin-bottom:0 !important;color:#fff}.single-product__content{display:flex;flex-direction:column;flex-wrap:nowrap;min-height:100%}.single-product__title{display:block;color:#fff;margin:0 0 2.6rem}.single-product__desc{display:block;color:#fff;margin:0 0 2.6rem}.single-product__type{margin-top:auto}.single-product__solution{margin-bottom:2.4rem}.single-product__button{margin-top:auto !important;margin-bottom:0 !important}.overlay{position:fixed;top:0;bottom:0;left:0;right:0;background:rgba(0,0,0,0.7);transition:opacity 500ms;z-index:999998;display:none}.popup{display:flex;flex-direction:column;flex-wrap:nowrap;position:relative;margin:0;background:light-dark(#fff, #000);border-radius:16px;width:100%;max-width:960px;max-height:calc(100vh - 32px);position:fixed;bottom:0;left:50%;transform:translateX(-50%);transition:opacity 5s ease-in-out;z-index:999999;overflow:hidden}.popup::after{content:'';position:absolute;top:50%;left:50%;width:100%;height:100%;background-image:url('data:image\/svg+xml,<svg xmlns=\"http:\/\/www.w3.org\/2000\/svg\" width=\"960\" height=\"928\" viewBox=\"0 0 960 928\" fill=\"none\"><path opacity=\"1\" d=\"M1928 429.668L-288.595 2645L-791 2142.88C-791 2142.88 -789.331 2141.21 -787.662 2139.54L732.909 619.84C839.733 513.077 839.733 341.255 732.909 236.16L-787.662 -1283.54C-787.662 -1283.54 -789.331 -1285.21 -791 -1286.88L-288.595 -1789L1928 426.332V429.668Z\" fill=\"%23243A4D\"\/><\/svg>');background-size:cover;background-repeat:no-repeat;background-position:center center;transform:translate(-50%, -50%);pointer-events:none;opacity:0.08;z-index:-1}@media (prefers-color-scheme: dark){.popup::after{opacity:0.4}}@media (min-width: 992px){.popup{max-height:90vh;top:50%;bottom:unset;transform:translate(-50%, -50%)}}.popup .close{position:absolute;top:16px;right:16px;width:24px;height:24px;background-color:light-dark(#243A4D, #EFEFEF);mask-size:contain;mask-repeat:no-repeat;mask-position:center;mask-image:url('data:image\/svg+xml,<svg xmlns=\"http:\/\/www.w3.org\/2000\/svg\" width=\"24\" height=\"24\" viewBox=\"0 0 24 24\" fill=\"none\"><path d=\"M6.4 19L5 17.6L10.6 12L5 6.4L6.4 5L12 10.6L17.6 5L19 6.4L13.4 12L19 17.6L17.6 19L12 13.4L6.4 19Z\" fill=\"%23EFEFEF\"\/><\/svg>')}.popup__inner{overflow-y:auto;position:relative}.popup__content{padding:24px}@media (min-width: 992px){.popup__content{padding:48px}}.popup__footer{position:sticky;bottom:-1px;padding:1.6rem;border-top:1px solid light-dark(#EFEFEF, #243A4D);background:light-dark(#fff, #000);display:flex;justify-content:center}@media (min-width: 992px){.popup__footer{justify-content:flex-end}}.popup__buttons{display:flex;flex-direction:column;align-items:center;text-align:center;gap:16px}@media (min-width: 992px){.popup__buttons{text-align:start;flex-direction:row}}.popup__buttons .wp-block-button{margin-bottom:0}.popup__buttons .wp-block-button.is-style-link-only .wp-block-button__link::after{mask-image:url('data:image\/svg+xml,<svg xmlns=\"http:\/\/www.w3.org\/2000\/svg\" width=\"24\" height=\"24\" viewBox=\"0 0 24 24\" fill=\"none\"><path d=\"M12 16L7 11L8.4 9.55L11 12.15V4H13V12.15L15.6 9.55L17 11L12 16ZM6 20C5.45 20 4.97917 19.8042 4.5875 19.4125C4.19583 19.0208 4 18.55 4 18V15H6V18H18V15H20V18C20 18.55 19.8042 19.0208 19.4125 19.4125C19.0208 19.8042 18.55 20 18 20H6Z\" fill=\"%23FF3E41\"\/><\/svg>')}.popup__buttons .wp-block-button.callback .wp-block-button__link{padding:1rem 1.6rem;text-align:center}.popup__buttons .wp-block-button.callback .wp-block-button__link::after{display:none}.overlay:target{display:block}\n<\/style>\t<div class=\"single-product__wrapper\">\n\n\t\t<div class=\"single-product__content\">\n\t\t\t<h3 class=\"single-product__title\" role=\"heading\">ADR Indoor<\/h3>\n\t\t\t\t\t\t\t<span class=\"single-product__desc\">Advanced Data Reader mit hohem Benutzerkomfort f\u00fcr den Einsatz im Innenbereich.<\/span>\n\t\t\t\t\n\t\t\t\n\t\t\t\t\t\t\t<div class=\"single-product__type\"><strong>Type: <\/strong>Hardware<\/div>\n\t\t\t\t\t\t\t\n\t\t\t\t\t\t\t\t\t\t\t\t<div class=\"single-product__solution\"><strong>L\u00f6sung: <\/strong><a href=\"https:\/\/primion.io\/de\/zutrittskontrolle\/\">Zutrittskontrolle<\/a><\/div>\n\t\t\t\t\n\t\t\t\t\t\t\t\n\t\t\t\t\t\t\n\t\t\t\t\t\t\t\t\t<style>.wp-block-button{margin:0 0 2.4rem;width:100%}@media (min-width: 782px){.wp-block-button{width:unset}}.wp-block-button.align-center{text-align:center}.wp-block-button.align-right{text-align:right}.wp-block-buttons>.wp-block-button{margin-bottom:2.4rem}.wp-block-button__link{position:relative;display:inline-block;padding:1rem 4.4rem 1rem 1.6rem;width:100%;color:#fff !important;font-weight:600;text-align:left;text-decoration:none;min-height:4rem;border:2px solid #FF3E41;border-radius:100px;background-color:#FF3E41;cursor:pointer;font-size:1.6rem;line-height:1}@media (min-width: 782px){.wp-block-button__link{width:unset}}.wp-block-button__link:empty::after{right:8px;width:1.8rem;height:1.8rem;mask-image:url(\"https:\/\/primion.io\/wp-content\/themes\/ATLAS\/images\/svg\/chevron-right-white.svg\")}.wp-block-button__link::after{content:'';position:absolute;top:50%;right:12px;transform:translateY(-50%);width:1.8rem;height:1.8rem;mask-image:url(\"https:\/\/primion.io\/wp-content\/themes\/ATLAS\/images\/svg\/chevron-right-white.svg\");mask-size:contain;mask-repeat:no-repeat;mask-position:center center;background-color:#fff;transition:background-color .2s}.wp-block-button__link:has(img) img{position:absolute;top:50%;right:8px;transform:translateY(-50%);width:2.4rem;height:2.4rem}.wp-block-button__link:has(img)::after{display:none}.wp-block-button:not(.is-style-link-only):not(.is-style-outline):not(.is-style-fill-secondary) .wp-block-button__link:hover,.wp-block-button:not(.is-style-link-only):not(.is-style-outline):not(.is-style-fill-secondary) .wp-block-button__link:focus{color:#fff !important;border-color:#68727F;background-color:#68727F}.has-light-dark-background-color .wp-block-button:not(.is-style-link-only):not(.is-style-outline):not(.is-style-fill-secondary) .wp-block-button__link:hover,.has-light-dark-background-color .wp-block-button:not(.is-style-link-only):not(.is-style-outline):not(.is-style-fill-secondary) .wp-block-button__link:focus{border-color:light-dark(#243A4D, #000);background-color:light-dark(#243A4D, #000)}.wp-block-button .wp-block-button__link{transition:.2s}.is-style-fill-secondary .wp-block-button__link{border-color:#243A4D;background-color:#243A4D}.is-style-fill-secondary .wp-block-button__link:hover,.is-style-fill-secondary .wp-block-button__link:focus{color:#fff !important;border-color:#FF3E41;background-color:#FF3E41}.is-style-outline .wp-block-button__link{padding:1rem 4.4rem 1rem 1.6rem;color:#FF3E41 !important;border:2px solid #FF3E41;background-color:transparent;transition:.2s;transition-property:color, border-color}.is-style-outline .wp-block-button__link::after{background-color:#FF3E41}.is-style-outline .wp-block-button__link:hover,.is-style-outline .wp-block-button__link:focus{color:light-dark(#243A4D, #EFEFEF) !important;border-color:light-dark(#243A4D, #EFEFEF);background-color:transparent}.is-style-outline .wp-block-button__link:hover::after,.is-style-outline .wp-block-button__link:focus::after{background-color:light-dark(#243A4D, #EFEFEF)}.is-style-link-only .wp-block-button__link{width:unset !important;min-width:0;min-height:0;padding:0;padding-right:4rem;font-weight:600;color:#FF3E41 !important;border:none;background-color:transparent;transition:color .2s,text-decoration-color .2s}.is-style-link-only .wp-block-button__link::after{background-color:#FF3E41}.is-style-link-only .wp-block-button__link:hover,.is-style-link-only .wp-block-button__link:focus{color:light-dark(#243A4D, #EFEFEF) !important;background-color:transparent !important}.is-style-link-only .wp-block-button__link:hover::after,.is-style-link-only .wp-block-button__link:focus::after{background-color:light-dark(#243A4D, #EFEFEF)}\n<\/style>\t\t\t<div class=\"wp-block-button single-product__button\"><a class=\"wp-block-button__link\" target=\"_BLANK\" href=\"https:\/\/primion.io\/wp-content\/uploads\/2026\/01\/ADR_Indoor_de.pdf\">Produktdatenblatt<\/a><\/div>\n\t\t\t\t\t<\/div>\n\t<\/div>\n<\/div>\n<div class=\"single-product\">\n\t\t<div class=\"single-product__wrapper\">\n\n\t\t<div class=\"single-product__content\">\n\t\t\t<h3 class=\"single-product__title\" role=\"heading\">ADR Outdoor<\/h3>\n\t\t\t\t\t\t\t<span class=\"single-product__desc\">Advanced Data Reader f\u00fcr den Einsatz im gesch\u00fctzten Au\u00dfenbereich<\/span>\n\t\t\t\t\n\t\t\t\n\t\t\t\t\t\t\t<div class=\"single-product__type\"><strong>Type: <\/strong>Hardware<\/div>\n\t\t\t\t\t\t\t\n\t\t\t\t\t\t\t\t\t\t\t\t<div class=\"single-product__solution\"><strong>L\u00f6sung: <\/strong><a href=\"https:\/\/primion.io\/de\/zutrittskontrolle\/\">Zutrittskontrolle<\/a><\/div>\n\t\t\t\t\n\t\t\t\t\t\t\t\n\t\t\t\t\t\t\n\t\t\t\t\t\t\t\t\t\t\t\t<div class=\"wp-block-button single-product__button\"><a class=\"wp-block-button__link\" target=\"_BLANK\" href=\"https:\/\/primion.io\/wp-content\/uploads\/2026\/01\/ADR_Outdoor_de.pdf\">Produktdatenblatt<\/a><\/div>\n\t\t\t\t\t<\/div>\n\t<\/div>\n<\/div>\n<div class=\"single-product\">\n\t\t<div class=\"single-product__wrapper\">\n\n\t\t<div class=\"single-product__content\">\n\t\t\t<h3 class=\"single-product__title\" role=\"heading\">ADR Resistant<\/h3>\n\t\t\t\t\t\t\t<span class=\"single-product__desc\">Advanced Data Reader f\u00fcr den Innen- und gesch\u00fctzten Au\u00dfenbereich, mit h\u00f6herer Schutzart und Sto\u00dffestigkeit.<\/span>\n\t\t\t\t\n\t\t\t\n\t\t\t\t\t\t\t<div class=\"single-product__type\"><strong>Type: <\/strong>Hardware<\/div>\n\t\t\t\t\t\t\t\n\t\t\t\t\t\t\t\t\t\t\t\t<div class=\"single-product__solution\"><strong>L\u00f6sung: <\/strong><a href=\"https:\/\/primion.io\/de\/zutrittskontrolle\/\">Zutrittskontrolle<\/a><\/div>\n\t\t\t\t\n\t\t\t\t\t\t\t\n\t\t\t\t\t\t\n\t\t\t\t\t\t\t\t\t\t\t\t<div class=\"wp-block-button single-product__button\"><a class=\"wp-block-button__link\" target=\"_BLANK\" href=\"https:\/\/primion.io\/wp-content\/uploads\/2026\/03\/ADR_Resistant_de.pdf\">Produktdatenblatt<\/a><\/div>\n\t\t\t\t\t<\/div>\n\t<\/div>\n<\/div>\n<div class=\"single-product\">\n\t\t<div class=\"single-product__wrapper\">\n\n\t\t<div class=\"single-product__content\">\n\t\t\t<h3 class=\"single-product__title\" role=\"heading\">ADT 1110<\/h3>\n\t\t\t\t\t\t\t<span class=\"single-product__desc\">Innovatives Zeiterfassungsterminal mit hoher Benutzerergonomie.<\/span>\n\t\t\t\t\n\t\t\t\n\t\t\t\t\t\t\t<div class=\"single-product__type\"><strong>Type: <\/strong>Hardware<\/div>\n\t\t\t\t\t\t\t\n\t\t\t\t\t\t\t\t\t\t\t\t<div class=\"single-product__solution\"><strong>L\u00f6sung: <\/strong><a href=\"https:\/\/primion.io\/de\/personaleinsatzplanung\/\">Workforce-Management<\/a><\/div>\n\t\t\t\t\n\t\t\t\t\t\t\t\n\t\t\t\t\t\t\n\t\t\t\t\t\t\t\t\t\t\t\t<div class=\"wp-block-button single-product__button\"><a class=\"wp-block-button__link\" target=\"_BLANK\" href=\"https:\/\/primion.io\/wp-content\/uploads\/2025\/04\/ADT_1110_de.pdf\">Produktdatenblatt<\/a><\/div>\n\t\t\t\t\t<\/div>\n\t<\/div>\n<\/div>\n<div class=\"single-product\">\n\t\t<div class=\"single-product__wrapper\">\n\n\t\t<div class=\"single-product__content\">\n\t\t\t<h3 class=\"single-product__title\" role=\"heading\">ADT 1120<\/h3>\n\t\t\t\t\t\t\t<span class=\"single-product__desc\">Zeiterfassungsterminal optimiert f\u00fcr Sehbehinderte mit Braille-Funktion und Sprachausgabe.<\/span>\n\t\t\t\t\n\t\t\t\n\t\t\t\t\t\t\t<div class=\"single-product__type\"><strong>Type: <\/strong>Hardware<\/div>\n\t\t\t\t\t\t\t\n\t\t\t\t\t\t\t\t\t\t\t\t<div class=\"single-product__solution\"><strong>L\u00f6sung: <\/strong><a href=\"https:\/\/primion.io\/de\/personaleinsatzplanung\/\">Workforce-Management<\/a><\/div>\n\t\t\t\t\n\t\t\t\t\t\t\t\n\t\t\t\t\t\t\n\t\t\t\t\t\t\t\t\t\t\t\t<div class=\"wp-block-button single-product__button\"><a class=\"wp-block-button__link\" target=\"_BLANK\" href=\"https:\/\/primion.io\/wp-content\/uploads\/2025\/04\/ADT_1120_de.pdf\">Produktdatenblatt<\/a><\/div>\n\t\t\t\t\t<\/div>\n\t<\/div>\n<\/div>\n<div class=\"single-product\">\n\t\t<div class=\"single-product__wrapper\">\n\n\t\t<div class=\"single-product__content\">\n\t\t\t<h3 class=\"single-product__title\" role=\"heading\">ADT 1130<\/h3>\n\t\t\t\t\t\t\t<span class=\"single-product__desc\">Zeiterfassungsterminal f\u00fcr die Identifizierung mit biometrischem Fingerabdruck.<\/span>\n\t\t\t\t\n\t\t\t\n\t\t\t\t\t\t\t<div class=\"single-product__type\"><strong>Type: <\/strong>Hardware<\/div>\n\t\t\t\t\t\t\t\n\t\t\t\t\t\t\t\t\t\t\t\t<div class=\"single-product__solution\"><strong>L\u00f6sung: <\/strong><a href=\"https:\/\/primion.io\/de\/personaleinsatzplanung\/\">Workforce-Management<\/a><\/div>\n\t\t\t\t\n\t\t\t\t\t\t\t\n\t\t\t\t\t\t\n\t\t\t\t\t\t\t\t\t\t\t\t<div class=\"wp-block-button single-product__button\"><a class=\"wp-block-button__link\" target=\"_BLANK\" href=\"https:\/\/primion.io\/wp-content\/uploads\/2026\/01\/ADT_1130_de.pdf\">Produktdatenblatt<\/a><\/div>\n\t\t\t\t\t<\/div>\n\t<\/div>\n<\/div>\n        <\/div>\n    <\/div>\n<\/section>\n\n\n\n<div class=\"wp-block-columns is-layout-flex wp-container-core-columns-is-layout-9d6595d7 wp-block-columns-is-layout-flex\">\n<div class=\"wp-block-column is-layout-flow wp-block-column-is-layout-flow\">\n<div class=\"wp-block-custom-spacing spacing-element spacing-mobile--small spacing-tablet--small spacing-small-desktop--small spacing-desktop--small\"><\/div>\n\n\n\n<div class=\"facetwp-facet facetwp-facet-archive_pagination facetwp-type-pager\" data-name=\"archive_pagination\" data-type=\"pager\"><\/div>\n<\/div>\n<\/div>\n\n\n\n<div style=\"height:100px\" aria-hidden=\"true\" class=\"wp-block-spacer\"><\/div>\n\n\n\n<h3 class=\"wp-block-heading\">Mehr \u00fcber unsere Produkte<\/h3>\n\n\n\n<p>Die auf dieser Seite gezeigten Produkte k\u00f6nnen Sie nicht einzeln kaufen. Sie werden ausschlie\u00dflich als Komponenten unserer umfassenden Sicherheitsl\u00f6sungen angeboten, um eine nahtlose Integration, optimale Leistung und maximale Sicherheit zu gew\u00e4hrleisten. Jedes Produkt ist so konzipiert, dass es innerhalb eines strukturierten Systems funktioniert und eine zuverl\u00e4ssige und effiziente Sicherheitsinfrastruktur bietet, die auf die jeweiligen Bed\u00fcrfnisse zugeschnitten ist. F\u00fcr weitere Informationen zu unseren kompletten Sicherheitsl\u00f6sungen, einschlie\u00dflich Beratung und Implementierung, wenden Sie sich bitte an unser Team.   <\/p>\n\n\n\n<p>Hier finden Sie alle <a href=\"https:\/\/primion.io\/wp-content\/uploads\/2025\/01\/product_discontinuations_nov24_en.pdf\" target=\"_blank\" rel=\"noreferrer noopener\">Produktabk\u00fcndigungen<\/a>.<\/p>\n\n\n\n<div class=\"wp-block-custom-spacing spacing-element spacing-mobile--small spacing-tablet--small spacing-small-desktop--small spacing-desktop--small\"><\/div>\n\n\n\n<h3 class=\"wp-block-heading\">Haben Sie Fragen zur IEC 62443 oder zum Cyber Reslilience Act (CRA)?<\/h3>\n\n\n\n<p>Schreiben Sie uns einfach an <a href=\"mailto:cyberresilience@primion.eu\" target=\"_blank\" rel=\"noreferrer noopener\">cyberresilience@primion.eu<\/a> \u2013 wir freuen uns auf Ihre Nachricht und k\u00fcmmern uns schnell und kompetent um Ihr Anliegen.<\/p>\n<\/div><\/div><\/section>\n","protected":false},"excerpt":{"rendered":"","protected":false},"author":1,"featured_media":0,"parent":0,"menu_order":0,"comment_status":"closed","ping_status":"closed","template":"","meta":{"_acf_changed":false,"footnotes":""},"class_list":["post-2813","page","type-page","status-publish","hentry"],"acf":[],"_links":{"self":[{"href":"https:\/\/primion.io\/de\/wp-json\/wp\/v2\/pages\/2813","targetHints":{"allow":["GET"]}}],"collection":[{"href":"https:\/\/primion.io\/de\/wp-json\/wp\/v2\/pages"}],"about":[{"href":"https:\/\/primion.io\/de\/wp-json\/wp\/v2\/types\/page"}],"author":[{"embeddable":true,"href":"https:\/\/primion.io\/de\/wp-json\/wp\/v2\/users\/1"}],"replies":[{"embeddable":true,"href":"https:\/\/primion.io\/de\/wp-json\/wp\/v2\/comments?post=2813"}],"version-history":[{"count":5,"href":"https:\/\/primion.io\/de\/wp-json\/wp\/v2\/pages\/2813\/revisions"}],"predecessor-version":[{"id":7751,"href":"https:\/\/primion.io\/de\/wp-json\/wp\/v2\/pages\/2813\/revisions\/7751"}],"wp:attachment":[{"href":"https:\/\/primion.io\/de\/wp-json\/wp\/v2\/media?parent=2813"}],"curies":[{"name":"wp","href":"https:\/\/api.w.org\/{rel}","templated":true}]}}