{"id":10093,"date":"2026-02-02T09:49:44","date_gmt":"2026-02-02T08:49:44","guid":{"rendered":"https:\/\/primion.io\/?page_id=10093"},"modified":"2026-03-03T11:01:40","modified_gmt":"2026-03-03T10:01:40","slug":"asis-europe-2026","status":"publish","type":"page","link":"https:\/\/primion.io\/de\/asis-europe-2026\/","title":{"rendered":"ASIS Europe 2026"},"content":{"rendered":"\n<section class=\"wp-block-custom-container alignwide block-content  block-content--spacing-top block-content--spacing-bottom\"><style>.block-content{position:relative;border-bottom:1px solid light-dark(#EFEFEF, #243A4D)}.block-content:only-child{border-bottom:0}.block-content--spacing-top{padding-top:4.8rem}@media (min-width: 992px){.block-content--spacing-top{padding-top:9.6rem}}.block-content--spacing-bottom{padding-bottom:2.4rem}@media (min-width: 992px){.block-content--spacing-bottom{padding-bottom:7.2rem}}.block-content--margin-top{margin-top:4.8rem}@media (min-width: 992px){.block-content--margin-top{margin-top:9.6rem}}.block-content--margin-bottom{margin-bottom:4.8rem}@media (min-width: 992px){.block-content--margin-bottom{margin-bottom:9.6rem}}.block-content .container{position:relative;z-index:1}.block-content .container--full{padding:0}.block-content .container .block-content{display:flex;border-bottom:0;border-radius:16px}.block-content .container .block-content .container{padding:2.4rem;padding-bottom:2px}.block-content .container .block-content .container h1,.block-content .container .block-content .container h2,.block-content .container .block-content .container h3,.block-content .container .block-content .container h4,.block-content .container .block-content .container h5,.block-content .container .block-content .container h6,.block-content .container .block-content .container .h1,.block-content .container .block-content .container .h2,.block-content .container .block-content .container .h3,.block-content .container .block-content .container .h4,.block-content .container .block-content .container .h5,.block-content .container .block-content .container .h6{margin-bottom:1.6rem}.block-content .container .col:not(:only-child) .block-content:only-child,.block-content .container .col:not(:only-child) .container:only-child{min-height:100%}.block-content .container-overlay{position:absolute;z-index:0;top:0;right:0;bottom:0;left:0}.block-content.has-primary-background-color:not(:has(.container)){padding:3.2rem 0 !important}.block-content.has-primary-background-color .container{padding:3.2rem !important}.block-content.has-primary-background-color .wp-block-buttons>.wp-block-button:last-child{margin-bottom:0}\n<\/style><div class=\"container container--wide\"><div class=\"container__body\"><style>:where(.wp-block-columns.is-layout-flex){gap:0 !important}@media (min-width: 782px){:where(.wp-block-columns.is-layout-flex){gap:2.4rem !important}}@media (min-width: 1200px){:where(.wp-block-columns.is-layout-flex){gap:4.8rem !important}}\n<\/style>\n<div class=\"wp-block-columns is-layout-flex wp-container-core-columns-is-layout-9d6595d7 wp-block-columns-is-layout-flex\">\n<div class=\"wp-block-column is-layout-flow wp-block-column-is-layout-flow\" style=\"flex-basis:75%\">\n<p><nav aria-label=\"breadcrumbs\" class=\"rank-math-breadcrumb\"><p><span class=\"last\">Home<\/span><\/p><\/nav><\/p>\n\n\n\n<h1 class=\"wp-block-heading\">Treffen Sie Primion auf der ASIS EUROPE 2026<\/h1>\n\n\n\n<p><strong><strong>Sicherheit b\u00fcndeln. Risiken meistern. Resilienz st\u00e4rken.<\/strong><\/strong><\/p>\n\n\n\n<p>In einer Welt, in der sich digitale und physische Bedrohungen zunehmend \u00fcberschneiden, ist die <strong>ASIS EUROPE 2026<\/strong> das f\u00fchrende Event f\u00fcr Sicherheitsverantwortliche, die den Schritt von fragmentierten Ma\u00dfnahmen zu einem klar strukturierten, einheitlichen Sicherheitsansatz vollziehen m\u00f6chten. Unter dem Motto <strong>\u201eVom Risiko zur Resilienz\u201c<\/strong> steht dieses Jahr besonders im Fokus, Identit\u00e4ten, Zutritt und kritische Betriebsprozesse miteinander zu verbinden, sodass Unternehmen blinde Flecken beseitigen und mit gr\u00f6\u00dferer Sicherheit handeln k\u00f6nnen.<\/p>\n\n\n\n<p>Gemeinsam mit \u00fcber <strong>1.000 Teilnehmern<\/strong> im <strong>Elisabeth Center<\/strong> erhalten Sie Einblicke, wie sich Ihre Sicherheitsstrategie durch eine <strong>ganzheitliche Sicht<\/strong> auf digitale und physische Identit\u00e4ten ver\u00e4ndern l\u00e4sst, um Risiken fr\u00fchzeitig zu erkennen. Dieser integrierte Ansatz erm\u00f6glicht eine <strong>koordinierte Reaktion<\/strong>, verbessert die Vorbereitung durch automatisierte \u00d6kosysteme und f\u00f6rdert <strong>nachhaltiges Wachstum<\/strong>, indem er den Wandel von reaktiver Sicherheit hin zu proaktiver Resilienz unterst\u00fctzt \u2013 Resilienz, die Gesch\u00e4ftsabl\u00e4ufe nicht bremst, sondern bewusst st\u00e4rkt.<\/p>\n\n\n\n<ul class=\"wp-block-list\">\n<li><strong>Ort: <\/strong>Elisabeth Center Antwerpen, Belgien<\/li>\n\n\n\n<li><strong>Datum:<\/strong> 23.\u201325. M\u00e4rz 2026<\/li>\n<\/ul>\n\n\n\n<div class=\"wp-block-custom-spacing spacing-element spacing-mobile--small spacing-tablet--small spacing-small-desktop--small spacing-desktop--small\"><\/div>\n\n\n\n<div class=\"wp-block-buttons is-horizontal is-content-justification-left is-layout-flex wp-container-core-buttons-is-layout-92fc3979 wp-block-buttons-is-layout-flex\"><style>.wp-block-button{margin:0 0 2.4rem;width:100%}@media (min-width: 782px){.wp-block-button{width:unset}}.wp-block-button.align-center{text-align:center}.wp-block-button.align-right{text-align:right}.wp-block-buttons>.wp-block-button{margin-bottom:2.4rem}.wp-block-button__link{position:relative;display:inline-block;padding:1rem 4.4rem 1rem 1.6rem;width:100%;color:#fff !important;font-weight:600;text-align:left;text-decoration:none;min-height:4rem;border:2px solid #FF3E41;border-radius:100px;background-color:#FF3E41;cursor:pointer;font-size:1.6rem;line-height:1}@media (min-width: 782px){.wp-block-button__link{width:unset}}.wp-block-button__link:empty::after{right:8px;width:1.8rem;height:1.8rem;mask-image:url(\"https:\/\/primion.io\/wp-content\/themes\/ATLAS\/images\/svg\/chevron-right-white.svg\")}.wp-block-button__link::after{content:'';position:absolute;top:50%;right:12px;transform:translateY(-50%);width:1.8rem;height:1.8rem;mask-image:url(\"https:\/\/primion.io\/wp-content\/themes\/ATLAS\/images\/svg\/chevron-right-white.svg\");mask-size:contain;mask-repeat:no-repeat;mask-position:center center;background-color:#fff;transition:background-color .2s}.wp-block-button__link:has(img) img{position:absolute;top:50%;right:8px;transform:translateY(-50%);width:2.4rem;height:2.4rem}.wp-block-button__link:has(img)::after{display:none}.wp-block-button:not(.is-style-link-only):not(.is-style-outline):not(.is-style-fill-secondary) .wp-block-button__link:hover,.wp-block-button:not(.is-style-link-only):not(.is-style-outline):not(.is-style-fill-secondary) .wp-block-button__link:focus{color:#fff !important;border-color:#68727F;background-color:#68727F}.has-light-dark-background-color .wp-block-button:not(.is-style-link-only):not(.is-style-outline):not(.is-style-fill-secondary) .wp-block-button__link:hover,.has-light-dark-background-color .wp-block-button:not(.is-style-link-only):not(.is-style-outline):not(.is-style-fill-secondary) .wp-block-button__link:focus{border-color:light-dark(#243A4D, #000);background-color:light-dark(#243A4D, #000)}.wp-block-button .wp-block-button__link{transition:.2s}.is-style-fill-secondary .wp-block-button__link{border-color:#243A4D;background-color:#243A4D}.is-style-fill-secondary .wp-block-button__link:hover,.is-style-fill-secondary .wp-block-button__link:focus{color:#fff !important;border-color:#FF3E41;background-color:#FF3E41}.is-style-outline .wp-block-button__link{padding:1rem 4.4rem 1rem 1.6rem;color:#FF3E41 !important;border:2px solid #FF3E41;background-color:transparent;transition:.2s;transition-property:color, border-color}.is-style-outline .wp-block-button__link::after{background-color:#FF3E41}.is-style-outline .wp-block-button__link:hover,.is-style-outline .wp-block-button__link:focus{color:light-dark(#243A4D, #EFEFEF) !important;border-color:light-dark(#243A4D, #EFEFEF);background-color:transparent}.is-style-outline .wp-block-button__link:hover::after,.is-style-outline .wp-block-button__link:focus::after{background-color:light-dark(#243A4D, #EFEFEF)}.is-style-link-only .wp-block-button__link{width:unset !important;min-width:0;min-height:0;padding:0;padding-right:4rem;font-weight:600;color:#FF3E41 !important;border:none;background-color:transparent;transition:color .2s,text-decoration-color .2s}.is-style-link-only .wp-block-button__link::after{background-color:#FF3E41}.is-style-link-only .wp-block-button__link:hover,.is-style-link-only .wp-block-button__link:focus{color:light-dark(#243A4D, #EFEFEF) !important;background-color:transparent !important}.is-style-link-only .wp-block-button__link:hover::after,.is-style-link-only .wp-block-button__link:focus::after{background-color:light-dark(#243A4D, #EFEFEF)}\n<\/style>\n<div class=\"wp-block-button\"><a class=\"wp-block-button__link wp-element-button\" href=\"https:\/\/asiseurope.org\/\" target=\"_blank\" rel=\"noreferrer noopener nofollow\">Erfahren Sie mehr \u00fcber die ASIS EUROPE<\/a><\/div>\n<\/div>\n<\/div>\n\n\n\n<div class=\"wp-block-column is-layout-flow wp-block-column-is-layout-flow\" style=\"flex-basis:25%\"><style>.wp-block-image{border-radius:16px;overflow:hidden}.wp-block-image img{width:100%}.wp-block-image .wp-element-caption{margin:0;padding:2.4rem;color:#fff;background-color:#243A4D;font-size:inherit;line-height:inherit;text-align:left}\n<\/style>\n<figure class=\"wp-block-image size-full is-style-default\"><img loading=\"lazy\" decoding=\"async\" width=\"1266\" height=\"2560\" src=\"https:\/\/primion.io\/wp-content\/uploads\/2026\/01\/IMG_0020-Edited-1-scaled.png\" alt=\"\" class=\"wp-image-9671\" srcset=\"https:\/\/primion.io\/wp-content\/uploads\/2026\/01\/IMG_0020-Edited-1-scaled.png 1266w, https:\/\/primion.io\/wp-content\/uploads\/2026\/01\/IMG_0020-Edited-1-148x300.png 148w, https:\/\/primion.io\/wp-content\/uploads\/2026\/01\/IMG_0020-Edited-1-506x1024.png 506w, https:\/\/primion.io\/wp-content\/uploads\/2026\/01\/IMG_0020-Edited-1-768x1553.png 768w, https:\/\/primion.io\/wp-content\/uploads\/2026\/01\/IMG_0020-Edited-1-760x1536.png 760w, https:\/\/primion.io\/wp-content\/uploads\/2026\/01\/IMG_0020-Edited-1-1013x2048.png 1013w\" sizes=\"auto, (max-width: 1266px) 100vw, 1266px\" \/><\/figure>\n<\/div>\n<\/div>\n<\/div><\/div><\/section>\n\n\n\n<section class=\"wp-block-custom-container alignwide block-content  block-content--spacing-top block-content--spacing-bottom\"><div class=\"container container--wide\"><div class=\"container__body\">\n<section class=\"wp-block-custom-container alignwide block-content has-primary-background-color\" style=\"background-color:#FF3E41\"><div class=\"container container--wide\"><div class=\"container__body\">\n<div class=\"wp-block-custom-spacing spacing-element spacing-mobile--small spacing-tablet--small spacing-small-desktop--small spacing-desktop--small\"><\/div>\n\n\n\n<div class=\"wp-block-columns are-vertically-aligned-center is-layout-flex wp-container-core-columns-is-layout-9d6595d7 wp-block-columns-is-layout-flex\">\n<div class=\"wp-block-column is-vertically-aligned-center is-layout-flow wp-block-column-is-layout-flow\" style=\"flex-basis:75%\">\n<h2 class=\"wp-block-heading has-text-align-left has-light-background-color has-text-color has-link-color wp-elements-de97aca83d8e991f84eb24459762607d\" class=\"wp-block-heading has-text-align-left has-light-background-color has-text-color has-link-color wp-elements-de97aca83d8e991f84eb24459762607d\" id=\"vom-zutrittskontrollsystem-zum-wettbewerbsvorteil-fuer-mitarbeiter-sicherheit-neu-gestalten-fuer-das-menschliche-zeitalter\"><strong>Vom Zutrittskontrollsystem zum Wettbewerbsvorteil f\u00fcr Mitarbeiter:<\/strong> <strong>Sicherheit neu gestalten f\u00fcr das menschliche Zeitalter<\/strong><\/h2>\n\n\n\n<p class=\"has-light-background-color has-text-color has-link-color wp-elements-37b68f6c9766a50406839306541ff9d3\">Sicherheit wurde lange dar\u00fcber definiert, was sie verhindert. Doch in einer Zeit, in der Talentmobilit\u00e4t, hybrides Arbeiten und operative Agilit\u00e4t \u00fcber den Wettbewerbserfolg entscheiden, muss sich dieses Paradigma weiterentwickeln. Diese Keynote fordert Sicherheitsverantwortliche dazu auf, Zutrittskontrolle neu zu denken \u2013 nicht als Barriere, sondern als einheitliches Instrument, das die gesamte Belegschaft st\u00e4rkt. Durch die Verbindung digitaler und physischer Identit\u00e4ten \u00fcber Standorte, Systeme und Arbeitspl\u00e4ne hinweg k\u00f6nnen Unternehmen eine nahtlose Erfahrung f\u00fcr jede Arbeitskraft schaffen \u2013 egal ob in Teilzeit oder fest angestellt, im Au\u00dfendienst oder im B\u00fcro.<\/p>\n\n\n\n<p class=\"has-light-background-color has-text-color has-link-color wp-elements-4c28b7c6b174c900ff55b3e281824c0f\">Wir zeigen, wie ein Sicherheitsdesign, das sich an Menschen statt an Einschr\u00e4nkungen orientiert, Sicherheitsl\u00fccken schlie\u00dft und gleichzeitigt Mitarbeitende bef\u00e4higt, sich sicher zu bewegen, zusammenzuarbeiten und Leistung zu erbringen. Das Ergebnis: Eine Sicherheitsstrategie, die nicht nur Menschen, Werte und Daten sch\u00fctzt, sondern aktiv die betriebliche Kontinuit\u00e4t und die menschliche Energie bewahrt, was Unternehmen zukunftsf\u00e4hig macht. Denn Resilienz bedeutet nicht nur Risiken zu managen, sondern auch die Belegschaft zu st\u00e4rken.<\/p>\n\n\n\n<p class=\"has-light-background-color has-text-color has-link-color wp-elements-11918f52ee93453ed8fb36fd91622e23\"><strong>Mittwoch, 25. M\u00e4rz, 10:00 &#8211; 10:20 Uhr, Innovation Track B\u00fchne<\/strong><\/p>\n<\/div>\n\n\n\n<div class=\"wp-block-column is-vertically-aligned-center is-layout-flow wp-block-column-is-layout-flow\" style=\"flex-basis:25%\">\n<figure class=\"wp-block-image size-full is-style-default\"><img loading=\"lazy\" decoding=\"async\" width=\"750\" height=\"1000\" src=\"https:\/\/primion.io\/wp-content\/uploads\/2026\/01\/Francis-Cepero.webp\" alt=\"\" class=\"wp-image-9387\" srcset=\"https:\/\/primion.io\/wp-content\/uploads\/2026\/01\/Francis-Cepero.webp?t=1775560454 750w, https:\/\/primion.io\/wp-content\/uploads\/2026\/01\/Francis-Cepero-225x300.webp?t=1775560454 225w\" sizes=\"auto, (max-width: 750px) 100vw, 750px\" \/><figcaption class=\"wp-element-caption\">Francis Cepero, CEO Primion<\/figcaption><\/figure>\n<\/div>\n<\/div>\n<\/div><\/div><\/section>\n<\/div><\/div><\/section>\n\n\n\n<section class=\"wp-block-custom-container alignwide block-content  block-content--spacing-top block-content--spacing-bottom\"><div class=\"container container--wide\"><div class=\"container__body\">\n<div class=\"wp-block-columns is-layout-flex wp-container-core-columns-is-layout-9d6595d7 wp-block-columns-is-layout-flex\">\n<div class=\"wp-block-column is-layout-flow wp-block-column-is-layout-flow\">\n<h2 class=\"wp-block-heading\" class=\"wp-block-heading\" id=\"besuchen-sie-uns-am-stand-a8\">Besuchen Sie uns am Stand A8<\/h2>\n\n\n\n<p>Erleben Sie unsere neuesten Innovationen hautnah am <strong>Stand A8<\/strong>. Dort pr\u00e4sentieren wir unsere <strong>Critical Event Management\u2011L\u00f6sung<\/strong>, die entwickelt wurde, um das zu sch\u00fctzen, was am wichtigsten ist:<br>Ihre Mitarbeitenden, Ihre Werte und Ihre Daten.<\/p>\n\n\n\n<p><strong><strong>Das erwartet Sie an unserem Stand:<\/strong><\/strong><\/p>\n\n\n\n<ul class=\"wp-block-list\">\n<li><strong>Live-Demos:<\/strong> Erleben Sie unsere Critical Event Management\u2011L\u00f6sung in Aktion.<\/li>\n\n\n\n<li><strong>Fachliche Beratung:<\/strong> Besprechen Ihre individuellen Herausforderungen mit unserem Team.<\/li>\n\n\n\n<li><strong>Networking:<\/strong> Nutzen Sie mehr als <strong>12 Stunden<\/strong> hochwertiger Networking-M\u00f6glichkeiten.<br><\/li>\n<\/ul>\n<\/div>\n\n\n\n<div class=\"wp-block-column is-layout-flow wp-block-column-is-layout-flow\">\n<section class=\"wp-block-custom-container alignwide block-content has-light-grey-dark-grey-background-color has-light-dark-background-color\" style=\"background-color:light-dark(#EFEFEF, #243A4D)\"><div class=\"container container--wide\"><div class=\"container__body\">\n<h2 class=\"wp-block-heading\" class=\"wp-block-heading\" id=\"praktische-informationen\">Praktische Informationen<\/h2>\n\n\n\n<p><br><strong>Veranstaltungsort:<\/strong><br><br>Elisabeth Center Antwerpen<br>Koningin Astridplein 20-26, 2018 Antwerpen, Belgien<\/p>\n\n\n\n<p><br><strong>\u00d6ffnungszeiten:<\/strong><\/p>\n\n\n\n<ul class=\"wp-block-list\">\n<li><strong>Willkommensempfang:<\/strong> 23. M\u00e4rz, 18 \u2013 20 Uhr<\/li>\n\n\n\n<li><strong>Ausstellung:<\/strong> 24. &amp; 25. M\u00e4rz<\/li>\n<\/ul>\n<\/div><\/div><\/section>\n<\/div>\n<\/div>\n<\/div><\/div><\/section>\n","protected":false},"excerpt":{"rendered":"","protected":false},"author":14,"featured_media":0,"parent":0,"menu_order":0,"comment_status":"closed","ping_status":"closed","template":"","meta":{"_acf_changed":false,"footnotes":""},"class_list":["post-10093","page","type-page","status-publish","hentry"],"acf":[],"_links":{"self":[{"href":"https:\/\/primion.io\/de\/wp-json\/wp\/v2\/pages\/10093","targetHints":{"allow":["GET"]}}],"collection":[{"href":"https:\/\/primion.io\/de\/wp-json\/wp\/v2\/pages"}],"about":[{"href":"https:\/\/primion.io\/de\/wp-json\/wp\/v2\/types\/page"}],"author":[{"embeddable":true,"href":"https:\/\/primion.io\/de\/wp-json\/wp\/v2\/users\/14"}],"replies":[{"embeddable":true,"href":"https:\/\/primion.io\/de\/wp-json\/wp\/v2\/comments?post=10093"}],"version-history":[{"count":5,"href":"https:\/\/primion.io\/de\/wp-json\/wp\/v2\/pages\/10093\/revisions"}],"predecessor-version":[{"id":10489,"href":"https:\/\/primion.io\/de\/wp-json\/wp\/v2\/pages\/10093\/revisions\/10489"}],"wp:attachment":[{"href":"https:\/\/primion.io\/de\/wp-json\/wp\/v2\/media?parent=10093"}],"curies":[{"name":"wp","href":"https:\/\/api.w.org\/{rel}","templated":true}]}}